{"id":214791,"date":"2022-04-17T11:09:03","date_gmt":"2022-04-17T10:09:03","guid":{"rendered":"https:\/\/www.moskito.cz\/?post_type=product&#038;p=214791"},"modified":"2025-12-18T04:03:27","modified_gmt":"2025-12-18T03:03:27","slug":"zaviraci-nuz-boker-magnum-black-spear-ii","status":"publish","type":"product","link":"https:\/\/www.moskito.cz\/en\/product\/zaviraci-nuz-boker-magnum-black-spear-ii\/","title":{"rendered":"Zav\u00edrac\u00ed N\u016f\u017e B\u00f6ker Magnum Black Spear II"},"content":{"rendered":"<p>Zav\u00edrac\u00ed N\u016f\u017e <strong>B\u00f6ker<\/strong> Magnum Black Spear II<\/p>\n<p>Magnum Black Spear II je p\u016fsobiv\u00fd taktick\u00fd n\u016f\u017e, kter\u00fd je p\u0159ipraven na jakoukoli misi, bez ohledu na to, jak n\u00e1ro\u010dn\u00e1 je. Upraven\u00e1 \u010depel o\u0161t\u011bpu z nerezov\u00e9 oceli 440A se vyzna\u010duje m\u00edrn\u011b zak\u0159ivenou lini\u00ed pro efektivn\u00ed prov\u00e1d\u011bn\u00ed i t\u011bch nejn\u00e1ro\u010dn\u011bj\u0161\u00edch \u0159ezn\u00fdch \u00fakol\u016f. Linerlock poskytuje po\u017eadovan\u00e9 zabezpe\u010den\u00ed. V\u00fdrazn\u00e9 prstov\u00e9 dr\u00e1\u017eky \u010dern\u00e9 hlin\u00edkov\u00e9 rukojeti v\u017edy zaru\u010duj\u00ed vysokou \u00farove\u0148 bezpe\u010dnosti. S rozb\u00edje\u010dem skla, otvorem pro \u0161\u0148\u016frku a kapesn\u00ed sponou.<\/p>\n<p>Celkov\u00e1 d\u00e9lka: 23 cm<br \/>\nD\u00e9lka \u010depele: 9,6 cm<br \/>\nTlou\u0161\u0165ka \u010depele: 3,8 mm<br \/>\nHmotnost: 220 g<br \/>\nMateri\u00e1l \u010depele: 440A<br \/>\nMateri\u00e1l rukojeti: Hlin\u00edk<br \/>\nTyp pojistky: Linerlock<\/p>\n<p>The Magnum Black Spear II is an impressive tactical knife that is ready for any mission, no matter how challenging. The modified 440A stainless steel spearpoint blade features a slight recurved line for effectively performing even the most demanding cutting tasks. The Linerlock provides the required security. The pronounced finger grooves of the black aluminum handle always guarantee a high level of safety. With glass breaker, lanyard hole and pocket clip.<\/p>\n<p>Type:<br \/>\nPocket Knife<br \/>\nOverall Length:<br \/>\n23,00 cm<br \/>\nBlade Length:<br \/>\n9,60 cm<br \/>\nBlade Thickness:<br \/>\n3,80 mm<br \/>\nWeight:<br \/>\n220,00 g<br \/>\nBlade Material:<br \/>\n440A<br \/>\nHandle Material:<br \/>\nAluminum<br \/>\nOpener:<br \/>\nNail Nick<br \/>\nOpening:<br \/>\nManual<br \/>\nLock Type:<br \/>\nLinerlock<br \/>\nMade in:<br \/>\nAsia<br \/>\nColor:<br \/>\nBlack<br \/>\nBlade Color:<br \/>\nBlack<br \/>\nItem Number:<br \/>\n01RY248<\/p>\n","protected":false},"excerpt":{"rendered":"<p>No\u017e\u00ed\u0159sk\u00e1 manufaktura <strong>B\u00f6ker<\/strong> se postupem \u010dasu vypracovala na glob\u00e1ln\u00edho inova\u010dn\u00edho l\u00eddra a nejv\u011bt\u0161\u00edho v\u00fdrobce sportovn\u00edch no\u017e\u016f, taktick\u00fdch no\u017e\u016f a sb\u011bratelsk\u00fdch no\u017e\u016f v Evrop\u011b.<\/p>\n","protected":false},"featured_media":214792,"comment_status":"open","ping_status":"closed","template":"","meta":[],"pwb-brand":[140],"product_brand":[],"product_cat":[22,17],"product_tag":[3667],"class_list":{"0":"post-214791","1":"product","2":"type-product","3":"status-publish","4":"has-post-thumbnail","6":"pwb-brand-boker","7":"product_cat-zaviraci-noze","8":"product_cat-noze","9":"product_tag-b2b","11":"first","12":"outofstock","13":"taxable","14":"shipping-taxable","15":"purchasable","16":"product-type-simple"},"brands":[{"id":140,"name":"Boker","slug":"boker"}],"_links":{"self":[{"href":"https:\/\/www.moskito.cz\/en\/wp-json\/wp\/v2\/product\/214791","targetHints":{"allow":["GET"]}}],"collection":[{"href":"https:\/\/www.moskito.cz\/en\/wp-json\/wp\/v2\/product"}],"about":[{"href":"https:\/\/www.moskito.cz\/en\/wp-json\/wp\/v2\/types\/product"}],"replies":[{"embeddable":true,"href":"https:\/\/www.moskito.cz\/en\/wp-json\/wp\/v2\/comments?post=214791"}],"wp:featuredmedia":[{"embeddable":true,"href":"https:\/\/www.moskito.cz\/en\/wp-json\/wp\/v2\/media\/214792"}],"wp:attachment":[{"href":"https:\/\/www.moskito.cz\/en\/wp-json\/wp\/v2\/media?parent=214791"}],"wp:term":[{"taxonomy":"pwb-brand","embeddable":true,"href":"https:\/\/www.moskito.cz\/en\/wp-json\/wp\/v2\/pwb-brand?post=214791"},{"taxonomy":"product_brand","embeddable":true,"href":"https:\/\/www.moskito.cz\/en\/wp-json\/wp\/v2\/product_brand?post=214791"},{"taxonomy":"product_cat","embeddable":true,"href":"https:\/\/www.moskito.cz\/en\/wp-json\/wp\/v2\/product_cat?post=214791"},{"taxonomy":"product_tag","embeddable":true,"href":"https:\/\/www.moskito.cz\/en\/wp-json\/wp\/v2\/product_tag?post=214791"}],"curies":[{"name":"wp","href":"https:\/\/api.w.org\/{rel}","templated":true}]}}