{"id":214885,"date":"2022-04-17T15:29:39","date_gmt":"2022-04-17T14:29:39","guid":{"rendered":"https:\/\/www.moskito.cz\/?post_type=product&#038;p=214885"},"modified":"2025-06-28T11:30:38","modified_gmt":"2025-06-28T10:30:38","slug":"cold-steel-gold-lion-wakizashi","status":"publish","type":"product","link":"https:\/\/www.moskito.cz\/en\/product\/cold-steel-gold-lion-wakizashi\/","title":{"rendered":"Cold Steel  GOLD LION WAKIZASHI"},"content":{"rendered":"<p><strong>Cold Steel<\/strong> GOLD LION WAKIZASHI<\/p>\n<p><strong>WAKIZASHI<\/strong> p\u0159edstavuje samuraj\u016fv \u201eka\u017ed\u00fd den nosit me\u010d\u201c pro osobn\u00ed ochranu a obranu sv\u00e9ho P\u00e1na, jeho rodiny a jeho domova. Je v\u00fdrazn\u011b leh\u010d\u00ed ne\u017e n\u011bkter\u00e9 z na\u0161ich dal\u0161\u00edch katana pro v\u011bt\u0161\u00ed z\u00e1t\u011b\u017e, je nejen rychlej\u0161\u00ed v ruce, ale sn\u00e1ze a pohodln\u011bji se nos\u00ed, kdy\u017e je zastr\u010den\u00fd do Obi a nos\u00ed se cel\u00fd den. Katana&#8217;s Menuki nese symbol japonsk\u00e9ho Shisa (lv\u00edho psa), str\u00e1\u017ece nebo ochr\u00e1nce &#8211; vhodn\u00fd motiv pro tento kr\u00e1sn\u00fd lehk\u00fd me\u010d. \u010cepel zlat\u00e9ho lva Katana m\u011b\u0159\u00ed necel\u00fdch t\u0159icet palc\u016f a je vyrobena z odborn\u011b ru\u010dn\u011b brou\u0161en\u00e9 a vysoce le\u0161t\u011bn\u00e9 dama\u0161kov\u00e9 oceli s hamagursk\u00fdm brou\u0161en\u00edm, \u0161pi\u010datou p\u00e1te\u0159\u00ed Lori Mune a zvln\u011bn\u00fdm j\u00edlem temperovan\u00fdm Hamonem. Tsuba z \u010dern\u00e9ho \u017eeleza, Fuchi a Kashira maj\u00ed v\u0161echny leskl\u00e9 akcenty z 24kar\u00e1tov\u00e9ho zlata a rukoje\u0165 je vybavena b\u00edlou paprskovitou k\u016f\u017e\u00ed a \u010dernou hedv\u00e1bnou \u0161\u0148\u016frkou. Gold Lion Wakizashi zrcadl\u00ed materi\u00e1ly, st\u0159ih a povrchovou \u00fapravu sv\u00e9ho v\u011bt\u0161\u00edho bratra ve v\u0161ech sm\u011brech krom\u011b velikosti. Je stejn\u011b lehk\u00fd a rychl\u00fd a se stejn\u00fdmi vysoce kvalitn\u00edmi materi\u00e1ly, ale se zlomkem velikosti, co\u017e z n\u011bj d\u011bl\u00e1 vynikaj\u00edc\u00ed dopln\u011bk ke zlat\u00e9mu lvu Katana nebo kr\u00e1sn\u00e9 samostatn\u00e9 \u010depeli jako takov\u00e9.<\/p>\n<p>PARAMETRY PRODUKTU<br \/>\nOcel : Damascus<br \/>\nD\u00e9lka \u010depele : 533 mm<br \/>\nD\u00e9lka rukojeti :184 mm<br \/>\nBarva : \u010cern\u00e1\/Zelen\u00e1\/Zlat\u00e1<br \/>\nCelkov\u00e1 velikost : 717 mm<br \/>\nHmotnost : 638,02 g<br \/>\nTlou\u0161\u0165ka \u010depele :6 mm<\/p>\n<p>The Cold Steel Gold Lion Katana represents a Samurai&#8217;s &#8220;every day carry sword&#8221; for personal protection, and the defense of his Lord, his family and his home. Significantly lighter than some of our other heavier-duty Katanas, it is not only faster in-hand, but easier and more comfortable to carry when tucked into an Obi and worn all day. The Katana&#8217;s Menuki bears the symbol of the Japanese Shisa (Lion Dog) a guardian or protector &#8211; a fitting motif for this beautiful lightweight sword. Measuring just under thirty inches, the Gold Lion Katana&#8217;s blade is made from expertly hand honed and highly polished Damascus steel, with an Hamaguri grind, peaked Lori Mune spine and undulating clay-tempered Hamon. The black iron Tsuba, Fuchi and Kashira all have gleaming 24 carat gold leaf accents and the handle features white ray-skin and a black silk cord wrap. The Gold Lion Wakizashi mirrors the materials, fit and finish of its larger brother in every way except size. It&#8217;s equally light and fast, and with the same high-quality materials, but at a fraction of the size, making it an exquisite companion piece to the Gold Lion Katana, or a beautiful stand-alone blade in its own right.<\/p>\n<p>Weight: 22.4oz Blade Thickness: 6mm Blade Length: 21&#8243; Blade Steel: Damascus Handle Length\/Material: 7-1\/4&#8243; Overall Length: 28-1\/4&#8243; Additional Features: Black Lacquered Wood Scabbard. Sam\u00e9 (Ray Skin) Handle with Black Braid Cord and Brass Menuki. Sword Style: Japanese Blade Length Range: 20-30 in Steel Family: Damascus<\/p>\n","protected":false},"excerpt":{"rendered":"<p>Japonsk\u00fd me\u010d stejn\u00e9ho vzhledu jako m\u00e1 katana, se kterou byl pou\u017e\u00edv\u00e1n v p\u00e1ru\u00a0 jako z\u00e1lo\u017en\u00ed zbra\u0148.<\/p>\n","protected":false},"featured_media":214886,"comment_status":"open","ping_status":"closed","template":"","meta":[],"pwb-brand":[211],"product_brand":[],"product_cat":[24,1942],"product_tag":[3667],"class_list":{"0":"post-214885","1":"product","2":"type-product","3":"status-publish","4":"has-post-thumbnail","6":"pwb-brand-cold-steel","7":"product_cat-katany-a-mece","8":"product_cat-mece-dyky-repliky","9":"product_tag-b2b","11":"first","12":"instock","13":"sale","14":"taxable","15":"shipping-taxable","16":"purchasable","17":"product-type-simple"},"brands":[{"id":211,"name":"Cold Steel","slug":"cold-steel"}],"_links":{"self":[{"href":"https:\/\/www.moskito.cz\/en\/wp-json\/wp\/v2\/product\/214885","targetHints":{"allow":["GET"]}}],"collection":[{"href":"https:\/\/www.moskito.cz\/en\/wp-json\/wp\/v2\/product"}],"about":[{"href":"https:\/\/www.moskito.cz\/en\/wp-json\/wp\/v2\/types\/product"}],"replies":[{"embeddable":true,"href":"https:\/\/www.moskito.cz\/en\/wp-json\/wp\/v2\/comments?post=214885"}],"wp:featuredmedia":[{"embeddable":true,"href":"https:\/\/www.moskito.cz\/en\/wp-json\/wp\/v2\/media\/214886"}],"wp:attachment":[{"href":"https:\/\/www.moskito.cz\/en\/wp-json\/wp\/v2\/media?parent=214885"}],"wp:term":[{"taxonomy":"pwb-brand","embeddable":true,"href":"https:\/\/www.moskito.cz\/en\/wp-json\/wp\/v2\/pwb-brand?post=214885"},{"taxonomy":"product_brand","embeddable":true,"href":"https:\/\/www.moskito.cz\/en\/wp-json\/wp\/v2\/product_brand?post=214885"},{"taxonomy":"product_cat","embeddable":true,"href":"https:\/\/www.moskito.cz\/en\/wp-json\/wp\/v2\/product_cat?post=214885"},{"taxonomy":"product_tag","embeddable":true,"href":"https:\/\/www.moskito.cz\/en\/wp-json\/wp\/v2\/product_tag?post=214885"}],"curies":[{"name":"wp","href":"https:\/\/api.w.org\/{rel}","templated":true}]}}