{"id":217202,"date":"2022-06-09T14:47:44","date_gmt":"2022-06-09T13:47:44","guid":{"rendered":"https:\/\/www.moskito.cz\/?post_type=product&#038;p=217202"},"modified":"2025-05-07T10:39:05","modified_gmt":"2025-05-07T09:39:05","slug":"pevny-nuz-heretic-knives-nephilim-h003-8a-jade","status":"publish","type":"product","link":"https:\/\/www.moskito.cz\/en\/product\/pevny-nuz-heretic-knives-nephilim-h003-8a-jade\/","title":{"rendered":"Pevn\u00fd N\u016f\u017e Heretic Knives Nephilim H003-8A-JADE"},"content":{"rendered":"<p>Pevn\u00fd N\u016f\u017e <strong>Heretic Knives<\/strong> Nephilim H003-8A-JADE.<\/p>\n<p>Toto je druh\u00fd design pevn\u00e9 \u010depele TJ, Nephilim. Vyrobeno z jednoho kusu nerezov\u00e9 oceli Elmax a je dostate\u010dn\u011b robustn\u00ed, aby zvl\u00e1dlo jak\u00fdkoli \u00fakol a je ur\u010deno pro boj. Rukojeti G10 jsou obrobeny tak, aby no\u017ei dodaly skv\u011bl\u00fd vzhled a dojem, s texturou na \u010depeli pro lep\u0161\u00ed uchopen\u00ed. N\u016f\u017e v\u00e1\u017e\u00ed 8,7 unce, obsahuje balistick\u00e9 nylonov\u00e9 pouzdro a otvor pro \u0161\u0148\u016frku zabudovan\u00fd do pa\u017eby.Je to zni\u010duj\u00edc\u00ed taktick\u00e1 pevn\u00e1 \u010depel, kter\u00e1 d\u00e1 po\u0159\u00e1dn\u011b zabrat a byla hrd\u011b vyrobena v USA.<\/p>\n<p>Celkov\u00e1 d\u00edlka : 30 cm<br \/>\n\u010cepel: 16 cm Elmax<br \/>\nTlou\u0161\u0165ka \u010depele: 0.5 cm<br \/>\nMateri\u00e1l rukojeti G10<br \/>\nHmotnost 9,05 oz.<br \/>\nNylonov\u00e9 pouzdro<br \/>\nTyp: Pevn\u00e1 \u010depel<br \/>\nVyrobeno v USA<\/p>\n<p><iframe title=\"Heretic Shop Video\" width=\"800\" height=\"450\" src=\"https:\/\/www.youtube.com\/embed\/7qUL5q7Cvgo?feature=oembed\" frameborder=\"0\" allow=\"accelerometer; autoplay; clipboard-write; encrypted-media; gyroscope; picture-in-picture; web-share\" referrerpolicy=\"strict-origin-when-cross-origin\" allowfullscreen><\/iframe><\/p>\n<p>&nbsp;<\/p>\n","protected":false},"excerpt":{"rendered":"<div class=\"elementor-element elementor-element-bbb542b elementor-widget elementor-widget-woocommerce-product-short-description\" data-id=\"bbb542b\" data-element_type=\"widget\" data-widget_type=\"woocommerce-product-short-description.default\">\n<div class=\"elementor-widget-container\">\n<div class=\"woocommerce-product-details__short-description\">\n<div class=\"elementor-element elementor-element-bbb542b elementor-widget elementor-widget-woocommerce-product-short-description\" data-id=\"bbb542b\" data-element_type=\"widget\" data-widget_type=\"woocommerce-product-short-description.default\">\n<div class=\"elementor-widget-container\">\n<div class=\"woocommerce-product-details__short-description\">\n<p>V\u0161echny na\u0161e no\u017ee jsou vyrobeny v USA a my to tak zachov\u00e1me. Kdy\u017e si koup\u00edte n\u011bkter\u00fd z na\u0161ich no\u017e\u016f, m\u016f\u017eete m\u00edt d\u016fv\u011bru ve sv\u016fj n\u00e1stroj s v\u011bdom\u00edm, \u017ee je podporov\u00e1n americkou spole\u010dnost\u00ed. Na\u0161e no\u017ee jsou vyr\u00e1b\u011bny v mal\u00fdch s\u00e9ri\u00edch, abychom zajistili, \u017ee dostanete kvalitn\u00ed n\u016f\u017e, kter\u00e9mu se v\u011bnuje pozornost, kterou jin\u00e9 s\u00e9riov\u011b vyr\u00e1b\u011bn\u00e9 no\u017ee nemaj\u00ed.<\/p>\n<p><strong>Doprava zdarma.<\/strong><\/p>\n<\/div>\n<\/div>\n<\/div>\n<\/div>\n<\/div>\n<\/div>\n","protected":false},"featured_media":217203,"comment_status":"open","ping_status":"closed","template":"","meta":[],"pwb-brand":[318],"product_brand":[],"product_cat":[23,17],"product_tag":[],"class_list":{"0":"post-217202","1":"product","2":"type-product","3":"status-publish","4":"has-post-thumbnail","6":"pwb-brand-heretic-knives","7":"product_cat-pevne-noze","8":"product_cat-noze","10":"first","11":"instock","12":"taxable","13":"shipping-taxable","14":"purchasable","15":"product-type-simple"},"brands":[{"id":318,"name":"Heretic Knives","slug":"heretic-knives"}],"_links":{"self":[{"href":"https:\/\/www.moskito.cz\/en\/wp-json\/wp\/v2\/product\/217202","targetHints":{"allow":["GET"]}}],"collection":[{"href":"https:\/\/www.moskito.cz\/en\/wp-json\/wp\/v2\/product"}],"about":[{"href":"https:\/\/www.moskito.cz\/en\/wp-json\/wp\/v2\/types\/product"}],"replies":[{"embeddable":true,"href":"https:\/\/www.moskito.cz\/en\/wp-json\/wp\/v2\/comments?post=217202"}],"wp:featuredmedia":[{"embeddable":true,"href":"https:\/\/www.moskito.cz\/en\/wp-json\/wp\/v2\/media\/217203"}],"wp:attachment":[{"href":"https:\/\/www.moskito.cz\/en\/wp-json\/wp\/v2\/media?parent=217202"}],"wp:term":[{"taxonomy":"pwb-brand","embeddable":true,"href":"https:\/\/www.moskito.cz\/en\/wp-json\/wp\/v2\/pwb-brand?post=217202"},{"taxonomy":"product_brand","embeddable":true,"href":"https:\/\/www.moskito.cz\/en\/wp-json\/wp\/v2\/product_brand?post=217202"},{"taxonomy":"product_cat","embeddable":true,"href":"https:\/\/www.moskito.cz\/en\/wp-json\/wp\/v2\/product_cat?post=217202"},{"taxonomy":"product_tag","embeddable":true,"href":"https:\/\/www.moskito.cz\/en\/wp-json\/wp\/v2\/product_tag?post=217202"}],"curies":[{"name":"wp","href":"https:\/\/api.w.org\/{rel}","templated":true}]}}