{"id":221716,"date":"2022-08-20T14:36:53","date_gmt":"2022-08-20T13:36:53","guid":{"rendered":"https:\/\/www.moskito.cz\/?post_type=product&#038;p=221716"},"modified":"2025-05-07T10:40:20","modified_gmt":"2025-05-07T09:40:20","slug":"zaviraci-nuz-magnum-magnum-screaming-skull-01mb230","status":"publish","type":"product","link":"https:\/\/www.moskito.cz\/en\/product\/zaviraci-nuz-magnum-magnum-screaming-skull-01mb230\/","title":{"rendered":"Zav\u00edrac\u00ed N\u016f\u017e Magnum Magnum Screaming Skull 01MB230"},"content":{"rendered":"<p>Zav\u00edrac\u00ed N\u016f\u017e Magnum Magnum Screaming Skull 01MB230.<\/p>\n<p>Magnum Screaming Skull fascinuje m\u00edrn\u00fdm reli\u00e9fn\u00edm konturov\u00e1n\u00edm rukojeti, kter\u00e9 dod\u00e1v\u00e1 um\u011bleck\u00e9mu potisku aplikovan\u00e9mu na trojrozm\u011brnou hloubku. \u010cepel z nerezov\u00e9 oceli 440A lze otev\u0159\u00edt bu\u010f palcov\u00fdm knofl\u00edkem nebo flipperem a je spolehliv\u011b zaji\u0161t\u011bna r\u00e1mov\u00fdm z\u00e1mkem. S velk\u00fdm otvorem pro \u0161\u0148\u016frku a praktickou sponou pro hlubok\u00e9 no\u0161en\u00ed (sklopen\u00edm dol\u016f\/r).<\/p>\n<p>Celkov\u00e1 d\u00e9lka 203 mm<br \/>\nTransportn\u00ed d\u00e9lka 119 mm<br \/>\nD\u00e9lka \u010depele 84 mm<br \/>\nTlou\u0161\u0165ka \u010depele 3,3 mm<br \/>\nHmotnost 140,0 g<br \/>\nMateri\u00e1l \u010depele ocel 440<br \/>\nOtv\u00edr\u00e1n\u00ed manu\u00e1ln\u00ed<\/p>\n<p>&nbsp;<\/p>\n<p>&nbsp;<\/p>\n","protected":false},"excerpt":{"rendered":"<p><strong>Magnum Screaming Skull<\/strong> fascinuje m\u00edrn\u00fdm reli\u00e9fn\u00edm konturov\u00e1n\u00edm rukojeti.<\/p>\n","protected":false},"featured_media":221717,"comment_status":"open","ping_status":"closed","template":"","meta":[],"pwb-brand":[140],"product_brand":[],"product_cat":[22,17],"product_tag":[3667],"class_list":{"0":"post-221716","1":"product","2":"type-product","3":"status-publish","4":"has-post-thumbnail","6":"pwb-brand-boker","7":"product_cat-zaviraci-noze","8":"product_cat-noze","9":"product_tag-b2b","11":"first","12":"instock","13":"taxable","14":"shipping-taxable","15":"purchasable","16":"product-type-simple"},"brands":[{"id":140,"name":"Boker","slug":"boker"}],"_links":{"self":[{"href":"https:\/\/www.moskito.cz\/en\/wp-json\/wp\/v2\/product\/221716","targetHints":{"allow":["GET"]}}],"collection":[{"href":"https:\/\/www.moskito.cz\/en\/wp-json\/wp\/v2\/product"}],"about":[{"href":"https:\/\/www.moskito.cz\/en\/wp-json\/wp\/v2\/types\/product"}],"replies":[{"embeddable":true,"href":"https:\/\/www.moskito.cz\/en\/wp-json\/wp\/v2\/comments?post=221716"}],"wp:featuredmedia":[{"embeddable":true,"href":"https:\/\/www.moskito.cz\/en\/wp-json\/wp\/v2\/media\/221717"}],"wp:attachment":[{"href":"https:\/\/www.moskito.cz\/en\/wp-json\/wp\/v2\/media?parent=221716"}],"wp:term":[{"taxonomy":"pwb-brand","embeddable":true,"href":"https:\/\/www.moskito.cz\/en\/wp-json\/wp\/v2\/pwb-brand?post=221716"},{"taxonomy":"product_brand","embeddable":true,"href":"https:\/\/www.moskito.cz\/en\/wp-json\/wp\/v2\/product_brand?post=221716"},{"taxonomy":"product_cat","embeddable":true,"href":"https:\/\/www.moskito.cz\/en\/wp-json\/wp\/v2\/product_cat?post=221716"},{"taxonomy":"product_tag","embeddable":true,"href":"https:\/\/www.moskito.cz\/en\/wp-json\/wp\/v2\/product_tag?post=221716"}],"curies":[{"name":"wp","href":"https:\/\/api.w.org\/{rel}","templated":true}]}}