{"id":226418,"date":"2021-05-19T22:51:17","date_gmt":"2021-05-19T21:51:17","guid":{"rendered":"https:\/\/www.moskito.cz\/produkt\/magnum-automatic-classic\/"},"modified":"2025-05-07T10:41:12","modified_gmt":"2025-05-07T09:41:12","slug":"magnum-automatic-classic","status":"publish","type":"product","link":"https:\/\/www.moskito.cz\/en\/product\/magnum-automatic-classic\/","title":{"rendered":"Magnum Automatic Classic Shooting Knife"},"content":{"rendered":"<p><strong>Magnum<\/strong> Automatic Classic Shooting Knife. The Magnum Automatic Classic is a true piece of contemporary history. An automatic knife with character and charisma. The matte polished 440 stainless steel blade opens automatically by spring force when the trigger is pressed. Beautifully structured rosewood was chosen for the fingerboards. A knife that must not be missing in any collection and that will attract jealous glances in your free time or at work. Total length: 21 cm Blade length: 8.4 cm Blade thickness: 2.5 mm Weight: 147 g Blade material: 440A Handle material: Rosewood Safety type: Button Das Magnum Automatic Classic ist ein echtes St\u00fcck Zeitgeschichte. Das Automatikmesser besticht durch Charakter und Ausstrahlung. Die matt polished Klinge aus 440A wird durch das Bet\u00e4tigen des Ausl\u00f6sers automatically per Federkraft ge\u00f6ffnet. Als Beschalung wurde sch\u00f6n gemasertes Palisanderholz gesch\u00e4ften. Ein Messer das keiner Sammlung fehlen sollte und der Freizeit oder im Beruf neidische Blicke auf sich ziehen wird. Type: Pocket Knife Overall Length: 21.00 cm Blade Length: 8.40 cm Blade Thickness: 2.50 mm Weight: 147.00 g Blade Material: 440A Handle Material: Rosewood Opener: Push Button Opening: Automatic Lock Type: Push Button Made in: Asia Color: Brown Blade Color: Uncoated Item Number: 01RY911           <\/p>\n","protected":false},"excerpt":{"rendered":"<p><strong>Magnum<\/strong> Automatic Classic.<\/p>\n","protected":false},"featured_media":198868,"comment_status":"open","ping_status":"closed","template":"","meta":[],"pwb-brand":[3209],"product_brand":[],"product_cat":[3162,3157],"product_tag":[3670],"class_list":{"0":"post-226418","1":"product","2":"type-product","3":"status-publish","4":"has-post-thumbnail","6":"pwb-brand-boker-en","7":"product_cat-automatic-knives","8":"product_cat-knives","9":"product_tag-b2b-en","11":"first","12":"outofstock","13":"taxable","14":"shipping-taxable","15":"purchasable","16":"product-type-simple"},"brands":[{"id":3209,"name":"Boker","slug":"boker-en"}],"_links":{"self":[{"href":"https:\/\/www.moskito.cz\/en\/wp-json\/wp\/v2\/product\/226418","targetHints":{"allow":["GET"]}}],"collection":[{"href":"https:\/\/www.moskito.cz\/en\/wp-json\/wp\/v2\/product"}],"about":[{"href":"https:\/\/www.moskito.cz\/en\/wp-json\/wp\/v2\/types\/product"}],"replies":[{"embeddable":true,"href":"https:\/\/www.moskito.cz\/en\/wp-json\/wp\/v2\/comments?post=226418"}],"wp:featuredmedia":[{"embeddable":true,"href":"https:\/\/www.moskito.cz\/en\/wp-json\/wp\/v2\/media\/198868"}],"wp:attachment":[{"href":"https:\/\/www.moskito.cz\/en\/wp-json\/wp\/v2\/media?parent=226418"}],"wp:term":[{"taxonomy":"pwb-brand","embeddable":true,"href":"https:\/\/www.moskito.cz\/en\/wp-json\/wp\/v2\/pwb-brand?post=226418"},{"taxonomy":"product_brand","embeddable":true,"href":"https:\/\/www.moskito.cz\/en\/wp-json\/wp\/v2\/product_brand?post=226418"},{"taxonomy":"product_cat","embeddable":true,"href":"https:\/\/www.moskito.cz\/en\/wp-json\/wp\/v2\/product_cat?post=226418"},{"taxonomy":"product_tag","embeddable":true,"href":"https:\/\/www.moskito.cz\/en\/wp-json\/wp\/v2\/product_tag?post=226418"}],"curies":[{"name":"wp","href":"https:\/\/api.w.org\/{rel}","templated":true}]}}