{"id":228239,"date":"2022-10-18T15:57:39","date_gmt":"2022-10-18T14:57:39","guid":{"rendered":"https:\/\/www.moskito.cz\/?post_type=product&#038;p=228239"},"modified":"2026-01-22T23:20:46","modified_gmt":"2026-01-22T22:20:46","slug":"zaviraci-nuz-magnum-mobius","status":"publish","type":"product","link":"https:\/\/www.moskito.cz\/en\/product\/zaviraci-nuz-magnum-mobius\/","title":{"rendered":"Zav\u00edrac\u00ed N\u016f\u017e Magnum Mobius"},"content":{"rendered":"<p>Zav\u00edrac\u00ed N\u016f\u017e <strong>Magnum<\/strong> Mobius.<\/p>\n<p>Magnum Mobius je taktick\u00fd kapesn\u00ed n\u016f\u017e pln\u00e9 velikosti s elegantn\u00edm vzhledem, kter\u00fd je pro tuto t\u0159\u00eddu no\u017e\u016f neobvykl\u00fd. Povrch st\u0159enek rukojeti z materi\u00e1lu G10 m\u00e1 jemnou, ale efektivn\u00ed strukturu. Dv\u011b tmav\u011b \u010derven\u00e9 vl\u00e1knit\u00e9 vrstvy mezi ocelov\u00fdmi deskami a \u010dern\u00fdmi st\u0159enkami dod\u00e1vaj\u00ed no\u017ei vizu\u00e1ln\u00ed p\u0159ita\u017elivost. Pojistka proti necht\u011bn\u00e9mu zav\u0159en\u00ed no\u017ee p\u0159i pr\u00e1ci Linerlock je integrov\u00e1na do rukojeti, je nen\u00e1padn\u00e1, ale snadno ovladateln\u00e1. \u010cepel z nerezov\u00e9 oceli 440A m\u00e1 flipper a povrchovou \u00fapravu Acidwash. S robustn\u00ed, velkoryse dimenzovanou sponou.<\/p>\n<p>Popis produktu<br \/>\nCelkov\u00e1 d\u00e9lka: 21.5 cm<br \/>\nD\u00e9lka \u010depele: 9.5 cm<br \/>\nTlou\u0161\u0165ka \u010depele: 3.3 mm<br \/>\nHmotnost:: 143 g<br \/>\nMateri\u00e1l \u010depele: 440A<br \/>\nMateri\u00e1l rukojeti: G10<\/p>\n","protected":false},"excerpt":{"rendered":"<p><strong>Magnum Mobius je taktick\u00fd kapesn\u00ed n\u016f\u017e pln\u00e9 velikosti s elegantn\u00edm vzhledem, kter\u00fd je pro tuto t\u0159\u00eddu no\u017e\u016f neobvykl\u00fd.<\/strong><\/p>\n","protected":false},"featured_media":228240,"comment_status":"open","ping_status":"closed","template":"","meta":[],"pwb-brand":[140],"product_brand":[],"product_cat":[22,17],"product_tag":[3667],"class_list":{"0":"post-228239","1":"product","2":"type-product","3":"status-publish","4":"has-post-thumbnail","6":"pwb-brand-boker","7":"product_cat-zaviraci-noze","8":"product_cat-noze","9":"product_tag-b2b","11":"first","12":"outofstock","13":"taxable","14":"shipping-taxable","15":"purchasable","16":"product-type-simple"},"brands":[{"id":140,"name":"Boker","slug":"boker"}],"_links":{"self":[{"href":"https:\/\/www.moskito.cz\/en\/wp-json\/wp\/v2\/product\/228239","targetHints":{"allow":["GET"]}}],"collection":[{"href":"https:\/\/www.moskito.cz\/en\/wp-json\/wp\/v2\/product"}],"about":[{"href":"https:\/\/www.moskito.cz\/en\/wp-json\/wp\/v2\/types\/product"}],"replies":[{"embeddable":true,"href":"https:\/\/www.moskito.cz\/en\/wp-json\/wp\/v2\/comments?post=228239"}],"wp:featuredmedia":[{"embeddable":true,"href":"https:\/\/www.moskito.cz\/en\/wp-json\/wp\/v2\/media\/228240"}],"wp:attachment":[{"href":"https:\/\/www.moskito.cz\/en\/wp-json\/wp\/v2\/media?parent=228239"}],"wp:term":[{"taxonomy":"pwb-brand","embeddable":true,"href":"https:\/\/www.moskito.cz\/en\/wp-json\/wp\/v2\/pwb-brand?post=228239"},{"taxonomy":"product_brand","embeddable":true,"href":"https:\/\/www.moskito.cz\/en\/wp-json\/wp\/v2\/product_brand?post=228239"},{"taxonomy":"product_cat","embeddable":true,"href":"https:\/\/www.moskito.cz\/en\/wp-json\/wp\/v2\/product_cat?post=228239"},{"taxonomy":"product_tag","embeddable":true,"href":"https:\/\/www.moskito.cz\/en\/wp-json\/wp\/v2\/product_tag?post=228239"}],"curies":[{"name":"wp","href":"https:\/\/api.w.org\/{rel}","templated":true}]}}