{"id":228300,"date":"2022-10-18T21:23:24","date_gmt":"2022-10-18T20:23:24","guid":{"rendered":"https:\/\/www.moskito.cz\/produkt\/heretic-knives-iconoclast-colossus-hand-ground-elmax-black\/"},"modified":"2025-05-07T10:42:40","modified_gmt":"2025-05-07T09:42:40","slug":"heretic-knives-iconoclast-colossus-hand-ground-elmax-black","status":"publish","type":"product","link":"https:\/\/www.moskito.cz\/en\/product\/heretic-knives-iconoclast-colossus-hand-ground-elmax-black\/","title":{"rendered":"Heretic Knives Iconoclast Colossus Hand-Ground Elmax Black"},"content":{"rendered":"<p>The Colossus double action OTF Auto features an intricately hand-ground blade, overbuilt toughness, faster than lightning action, and fit and finish you&#8217;d expect from a high-end knife. Tony Jr. studied the art of the grind from one of the best to ever live and this compound tanto blade is one of the most beautiful money can buy. It&#8217;s made from hand-ground Elmax stainless steel with a tactical black DLC finish. The hefty aluminum body is exceptionally ergonomic and features a myriad of black traction inlays on each side and Snakeskin FatCarbon inlaid the actuation switch. The reversible pocket clip is the most subtle thing about this knife. It holds the knife securely in the pocket while subtracting little from the ergonomics, which we love. The blade comes with a bottle of OTF Knife Lube and was proudly handmade in the USA.<\/p>\n<p>Specifications<br \/>\nBlade Length: 3.50&#8243;<br \/>\nCutting Edge: 3.375&#8243;<br \/>\nClosed Length: 5.125&#8243;<br \/>\nOverall Length: 8.625&#8243;<br \/>\nBlade Material: Elmax Stainless Steel<br \/>\nBlade Thickness: 0.144&#8243;<br \/>\nBlade Style: Double Edge Dagger<br \/>\nBlade Grind: Hand Hollow<br \/>\nBlade Finish: Black DLC<br \/>\nHandle Material: Black Aluminum with Black Traction Inlays<br \/>\nHandle Thickness: 0.497&#8243;<br \/>\nLocking Mechanism: Slide<br \/>\nPocket Clip: Black DLC Titanium (Tip-Down, Right\/Left Carry)<br \/>\nWeight: 4.60 oz.<br \/>\nDesigner: Tony Marfione Jr.<br \/>\nSnakeskin FatCarbon Thumb Slide Inlay<br \/>\nHandmade in the USA<\/p>\n","protected":false},"excerpt":{"rendered":"<p>V\u0161etky na\u0161e no\u017ee s\u00fa vyroben\u00e9 v USA a tak to zachov\u00e1me. Ke\u010f si k\u00fapite niektor\u00fd z na\u0161ich no\u017eov, m\u00f4\u017eete ma\u0165 d\u00f4veru vo svoj n\u00e1stroj s vedom\u00edm, \u017ee je podporovan\u00fd americkou spolo\u010dnos\u0165ou. Na\u0161e no\u017ee s\u00fa vyr\u00e1ban\u00e9 v mal\u00fdch s\u00e9ri\u00e1ch, aby sme zaistili, \u017ee dostanete kvalitn\u00fd n\u00f4\u017e, ktor\u00e9mu sa dost\u00e1va pozornosti, ak\u00e9 sa nedost\u00e1va in\u00fdm s\u00e9riovo vyr\u00e1ban\u00fdm no\u017eom!!<\/p>\n","protected":false},"featured_media":228289,"comment_status":"open","ping_status":"closed","template":"","meta":[],"pwb-brand":[3179],"product_brand":[],"product_cat":[3162,3157],"product_tag":[],"class_list":{"0":"post-228300","1":"product","2":"type-product","3":"status-publish","4":"has-post-thumbnail","6":"pwb-brand-heretic-knives-en","7":"product_cat-automatic-knives","8":"product_cat-knives","10":"first","11":"instock","12":"taxable","13":"shipping-taxable","14":"purchasable","15":"product-type-simple"},"brands":[{"id":3179,"name":"Heretic Knives","slug":"heretic-knives-en"}],"_links":{"self":[{"href":"https:\/\/www.moskito.cz\/en\/wp-json\/wp\/v2\/product\/228300","targetHints":{"allow":["GET"]}}],"collection":[{"href":"https:\/\/www.moskito.cz\/en\/wp-json\/wp\/v2\/product"}],"about":[{"href":"https:\/\/www.moskito.cz\/en\/wp-json\/wp\/v2\/types\/product"}],"replies":[{"embeddable":true,"href":"https:\/\/www.moskito.cz\/en\/wp-json\/wp\/v2\/comments?post=228300"}],"wp:featuredmedia":[{"embeddable":true,"href":"https:\/\/www.moskito.cz\/en\/wp-json\/wp\/v2\/media\/228289"}],"wp:attachment":[{"href":"https:\/\/www.moskito.cz\/en\/wp-json\/wp\/v2\/media?parent=228300"}],"wp:term":[{"taxonomy":"pwb-brand","embeddable":true,"href":"https:\/\/www.moskito.cz\/en\/wp-json\/wp\/v2\/pwb-brand?post=228300"},{"taxonomy":"product_brand","embeddable":true,"href":"https:\/\/www.moskito.cz\/en\/wp-json\/wp\/v2\/product_brand?post=228300"},{"taxonomy":"product_cat","embeddable":true,"href":"https:\/\/www.moskito.cz\/en\/wp-json\/wp\/v2\/product_cat?post=228300"},{"taxonomy":"product_tag","embeddable":true,"href":"https:\/\/www.moskito.cz\/en\/wp-json\/wp\/v2\/product_tag?post=228300"}],"curies":[{"name":"wp","href":"https:\/\/api.w.org\/{rel}","templated":true}]}}