{"id":228477,"date":"2022-10-21T10:33:41","date_gmt":"2022-10-21T09:33:41","guid":{"rendered":"https:\/\/www.moskito.cz\/?post_type=product&#038;p=228477"},"modified":"2025-05-07T10:42:47","modified_gmt":"2025-05-07T09:42:47","slug":"motylek-boker-plus-papillon-trainer-01bo352","status":"publish","type":"product","link":"https:\/\/www.moskito.cz\/en\/product\/motylek-boker-plus-papillon-trainer-01bo352\/","title":{"rendered":"Mot\u00fdlek B\u00f6ker Plus Papillon Trainer 01BO352"},"content":{"rendered":"<p>Mot\u00fdlek <strong>B\u00f6ker Plus<\/strong> Papillon Trainer 01BO352.<\/p>\n<p>B\u00f6ker Plus Papillon Trainer odpov\u00edd\u00e1 konstrukc\u00ed skute\u010dn\u00e9ho no\u017ee Balisong, ale je vybaven tupou figur\u00ednou nam\u00edsto skute\u010dn\u00e9 \u010depele. Stejn\u011b jako origin\u00e1l je trena\u017e\u00e9r vybaven skeletonizovan\u00fdmi polovinami rukojeti z nerezov\u00e9 oceli s matnou povrchovou \u00fapravou beadblast. Balisong, zn\u00e1m\u00fd tak\u00e9 jako mot\u00fdl\u00ed n\u016f\u017e, vd\u011b\u010d\u00ed za sv\u016fj n\u00e1zev jednoduch\u00e9mu skl\u00e1dac\u00edmu mechanismu d\u011blen\u00e9 rukojeti, kter\u00e1 je v\u00fdrazn\u011b m\u00e9n\u011b n\u00e1chyln\u00e1 na ne\u010distoty ne\u017e jin\u00e9 mechanismy. \u010cepel trena\u017e\u00e9ru s klipsem s kuli\u010dkov\u00fdm lo\u017eiskem je vyrobena z oceli 420 a m\u00e1 tak\u00e9 matnou povrchovou \u00fapravu Stonewash. Figur\u00edna, kter\u00e1 je na hran\u00e1ch m\u00edrn\u011b zaoblen\u00e1, je opat\u0159ena velkorys\u00fdmi v\u00fd\u0159ezy pro p\u0159\u00edm\u00e9 odli\u0161en\u00ed od nabrou\u0161en\u00fdch \u010depel\u00ed a pro p\u0159izp\u016fsoben\u00ed hmotnosti origin\u00e1lu. V\u00fdrazn\u00e9 ricasso podtrhuje taktick\u00fd charakter tr\u00e9ninkov\u00e9ho za\u0159\u00edzen\u00ed. S vysoce kvalitn\u00edm nylonov\u00fdm pouzdrem pro skladov\u00e1n\u00ed.<\/p>\n<p>Materi\u00e1l \u010depele: 420<br \/>\nMateri\u00e1l rukojeti: Nerezov\u00e1 ocel<br \/>\nD\u00e9lka \u010depele: 11.4 cm<br \/>\nCelkov\u00e1 d\u00e9lka: 25.2 cm<br \/>\nTlou\u0161\u0165ka \u010depele: 3.7 mm<br \/>\nHmotnost: 124 g<br \/>\nTyp \u010depele: Clip Point<br \/>\nTyp no\u017ee: Mot\u00fdlik, Tr\u00e9ninkov\u00fd<\/p>\n","protected":false},"excerpt":{"rendered":"<p>Tr\u00e9ninkov\u00fd mot\u00fdlek Boker Plus Papillon.<\/p>\n","protected":false},"featured_media":228478,"comment_status":"open","ping_status":"closed","template":"","meta":[],"pwb-brand":[140],"product_brand":[],"product_cat":[2030,17],"product_tag":[3667],"class_list":{"0":"post-228477","1":"product","2":"type-product","3":"status-publish","4":"has-post-thumbnail","6":"pwb-brand-boker","7":"product_cat-motylky","8":"product_cat-noze","9":"product_tag-b2b","11":"first","12":"outofstock","13":"taxable","14":"shipping-taxable","15":"purchasable","16":"product-type-simple"},"brands":[{"id":140,"name":"Boker","slug":"boker"}],"_links":{"self":[{"href":"https:\/\/www.moskito.cz\/en\/wp-json\/wp\/v2\/product\/228477","targetHints":{"allow":["GET"]}}],"collection":[{"href":"https:\/\/www.moskito.cz\/en\/wp-json\/wp\/v2\/product"}],"about":[{"href":"https:\/\/www.moskito.cz\/en\/wp-json\/wp\/v2\/types\/product"}],"replies":[{"embeddable":true,"href":"https:\/\/www.moskito.cz\/en\/wp-json\/wp\/v2\/comments?post=228477"}],"wp:featuredmedia":[{"embeddable":true,"href":"https:\/\/www.moskito.cz\/en\/wp-json\/wp\/v2\/media\/228478"}],"wp:attachment":[{"href":"https:\/\/www.moskito.cz\/en\/wp-json\/wp\/v2\/media?parent=228477"}],"wp:term":[{"taxonomy":"pwb-brand","embeddable":true,"href":"https:\/\/www.moskito.cz\/en\/wp-json\/wp\/v2\/pwb-brand?post=228477"},{"taxonomy":"product_brand","embeddable":true,"href":"https:\/\/www.moskito.cz\/en\/wp-json\/wp\/v2\/product_brand?post=228477"},{"taxonomy":"product_cat","embeddable":true,"href":"https:\/\/www.moskito.cz\/en\/wp-json\/wp\/v2\/product_cat?post=228477"},{"taxonomy":"product_tag","embeddable":true,"href":"https:\/\/www.moskito.cz\/en\/wp-json\/wp\/v2\/product_tag?post=228477"}],"curies":[{"name":"wp","href":"https:\/\/api.w.org\/{rel}","templated":true}]}}