{"id":228634,"date":"2022-10-21T21:13:39","date_gmt":"2022-10-21T20:13:39","guid":{"rendered":"https:\/\/www.moskito.cz\/produkt\/heretic-knives-purple-camo-carbon-manticore-x-h033-6a-pucf\/"},"modified":"2025-05-07T10:42:50","modified_gmt":"2025-05-07T09:42:50","slug":"heretic-knives-purple-camo-carbon-manticore-x-h033-6a-pucf","status":"publish","type":"product","link":"https:\/\/www.moskito.cz\/en\/product\/heretic-knives-purple-camo-carbon-manticore-x-h033-6a-pucf\/","title":{"rendered":"Heretic Knives Purple Camo Carbon Manticore X H033-6A-PUCF"},"content":{"rendered":"<p>The Manticore X is Heretic Knives&#8217; largest OTF offering of the Manticore Series. This knife is 100% USA-made and assembled, backed by a lifetime warranty so you can rest assured that this OTF will last. It features silky smooth one-handed deployment and retraction action which is standard in the Manticore line. The X variation is outfitted with a beautiful versatile blade, an integrated lanyard hole, a hardened steel glass breaker, and a deep carry clip. Its slender profile allows it to be easily carried close at hand and ready at a moment&#8217;s notice. The action is addictive, the ergonomics are spot on, and the build quality is top-notch. You won&#8217;t be disappointed.<\/p>\n<p>Specifications<br \/>\nBlade Length: 3.70&#8243;<br \/>\nCutting Edge: 3.625&#8243;<br \/>\nClosed Length: 5.50&#8243;<br \/>\nOverall Length: 9.20&#8243;<br \/>\nBlade Material: Elmax Stainless Steel<br \/>\nBlade Thickness: 0.125&#8243;<br \/>\nBlade Style: Recurve<br \/>\nBlade Grind: Flat<br \/>\nBlade Finish: Black DLC<br \/>\nHandle Material: Purple CamoCarbon and Aluminum<br \/>\nHandle Thickness: 0.47&#8243;<br \/>\nLocking Mechanism: Slide<br \/>\nPocket Clip: Black DLC Titanium (Tip-Down, Right Carry)<br \/>\nWeight: 3.95 oz.<br \/>\nDesigner: Tony Marfione Jr.<br \/>\nMade in the USA<\/p>\n","protected":false},"excerpt":{"rendered":"<p>V\u0161etky na\u0161e no\u017ee s\u00fa vyroben\u00e9 v USA a tak to zachov\u00e1me. Ke\u010f si k\u00fapite niektor\u00fd z na\u0161ich no\u017eov, m\u00f4\u017eete ma\u0165 d\u00f4veru vo svoj n\u00e1stroj s vedom\u00edm, \u017ee je podporovan\u00fd americkou spolo\u010dnos\u0165ou. Na\u0161e no\u017ee s\u00fa vyr\u00e1ban\u00e9 v mal\u00fdch s\u00e9ri\u00e1ch, aby sme zaistili, \u017ee dostanete kvalitn\u00fd n\u00f4\u017e, ktor\u00e9mu sa dost\u00e1va pozornosti, ak\u00e9 sa nedost\u00e1va in\u00fdm s\u00e9riovo vyr\u00e1ban\u00fdm no\u017eom!!<\/p>\n","protected":false},"featured_media":228620,"comment_status":"open","ping_status":"closed","template":"","meta":[],"pwb-brand":[3179],"product_brand":[],"product_cat":[3162,3157],"product_tag":[],"class_list":{"0":"post-228634","1":"product","2":"type-product","3":"status-publish","4":"has-post-thumbnail","6":"pwb-brand-heretic-knives-en","7":"product_cat-automatic-knives","8":"product_cat-knives","10":"first","11":"instock","12":"taxable","13":"shipping-taxable","14":"purchasable","15":"product-type-simple"},"brands":[{"id":3179,"name":"Heretic Knives","slug":"heretic-knives-en"}],"_links":{"self":[{"href":"https:\/\/www.moskito.cz\/en\/wp-json\/wp\/v2\/product\/228634","targetHints":{"allow":["GET"]}}],"collection":[{"href":"https:\/\/www.moskito.cz\/en\/wp-json\/wp\/v2\/product"}],"about":[{"href":"https:\/\/www.moskito.cz\/en\/wp-json\/wp\/v2\/types\/product"}],"replies":[{"embeddable":true,"href":"https:\/\/www.moskito.cz\/en\/wp-json\/wp\/v2\/comments?post=228634"}],"wp:featuredmedia":[{"embeddable":true,"href":"https:\/\/www.moskito.cz\/en\/wp-json\/wp\/v2\/media\/228620"}],"wp:attachment":[{"href":"https:\/\/www.moskito.cz\/en\/wp-json\/wp\/v2\/media?parent=228634"}],"wp:term":[{"taxonomy":"pwb-brand","embeddable":true,"href":"https:\/\/www.moskito.cz\/en\/wp-json\/wp\/v2\/pwb-brand?post=228634"},{"taxonomy":"product_brand","embeddable":true,"href":"https:\/\/www.moskito.cz\/en\/wp-json\/wp\/v2\/product_brand?post=228634"},{"taxonomy":"product_cat","embeddable":true,"href":"https:\/\/www.moskito.cz\/en\/wp-json\/wp\/v2\/product_cat?post=228634"},{"taxonomy":"product_tag","embeddable":true,"href":"https:\/\/www.moskito.cz\/en\/wp-json\/wp\/v2\/product_tag?post=228634"}],"curies":[{"name":"wp","href":"https:\/\/api.w.org\/{rel}","templated":true}]}}