{"id":231513,"date":"2022-11-24T14:45:41","date_gmt":"2022-11-24T13:45:41","guid":{"rendered":"https:\/\/www.moskito.cz\/?post_type=product&#038;p=231513"},"modified":"2025-08-21T19:05:33","modified_gmt":"2025-08-21T18:05:33","slug":"zaviraci-nuz-magnum-caveman-steel","status":"publish","type":"product","link":"https:\/\/www.moskito.cz\/en\/product\/zaviraci-nuz-magnum-caveman-steel\/","title":{"rendered":"Zav\u00edrac\u00ed N\u016f\u017e Magnum Caveman Steel"},"content":{"rendered":"<p>Zav\u00edrac\u00ed N\u016f\u017e <strong>Magnum<\/strong> Caveman Steel.<\/p>\n<p>Klasick\u00fd kapesn\u00ed n\u016f\u017e <strong>Magnum Caveman<\/strong> je vybaven \u010depel\u00ed z nerezov\u00e9 oceli 440A a p\u0159esv\u011bd\u010d\u00ed unik\u00e1tn\u00edm prehistorick\u00fdm vzhledem. P\u0159edn\u00ed d\u0159ev\u011bn\u00e1 st\u0159enky je zdobena um\u011bleck\u00fdm d\u00edlem p\u0159ipom\u00ednaj\u00edc\u00edm prav\u011bk\u00e9 jeskynn\u00ed um\u011bn\u00ed, kter\u00e9 zobrazuje d\u00e1vnou loveckou sc\u00e9nu. Jeskynn\u00ed um\u011bn\u00ed, kter\u00e9 lze obdivovat po cel\u00e9m sv\u011bt\u011b, vzniklo ji\u017e p\u0159ed 40 000 lety v dob\u011b kamenn\u00e9 a ji\u017e tehdy bylo prvotn\u00ed pot\u0159ebou \u010dlov\u011bka vyjad\u0159ovat se malbami. \u010cepel prav\u011bk\u00e9ho kapesn\u00edho no\u017ee se otev\u00edr\u00e1 pomoc\u00ed nehtov\u00e9ho z\u00e1\u0159ezu a spolehliv\u011b se uzamyk\u00e1 robustn\u00ed pojistkou Lockback. Nechyb\u00ed otvor na \u0161\u0148\u016frku.<\/p>\n<p>Popis:<\/p>\n<p>Celkov\u00e1 d\u00e9lka: 19,40 cm<br \/>\nD\u00e9lka \u010depele: 8,20 cm<br \/>\nS\u00edla \u010depele: 2,70 mm<br \/>\nHmotnost: 118,00 g<br \/>\nMateri\u00e1l \u010depele: 440A<br \/>\nMateri\u00e1l rukojeti: d\u0159evo<br \/>\nPojistka: backlock<\/p>\n","protected":false},"excerpt":{"rendered":"<p><strong>Klasick\u00fd kapesn\u00ed n\u016f\u017e Magnum Caveman.<\/strong><\/p>\n","protected":false},"featured_media":231515,"comment_status":"open","ping_status":"closed","template":"","meta":[],"pwb-brand":[140],"product_brand":[],"product_cat":[22,17],"product_tag":[3667],"class_list":{"0":"post-231513","1":"product","2":"type-product","3":"status-publish","4":"has-post-thumbnail","6":"pwb-brand-boker","7":"product_cat-zaviraci-noze","8":"product_cat-noze","9":"product_tag-b2b","11":"first","12":"outofstock","13":"taxable","14":"shipping-taxable","15":"purchasable","16":"product-type-simple"},"brands":[{"id":140,"name":"Boker","slug":"boker"}],"_links":{"self":[{"href":"https:\/\/www.moskito.cz\/en\/wp-json\/wp\/v2\/product\/231513","targetHints":{"allow":["GET"]}}],"collection":[{"href":"https:\/\/www.moskito.cz\/en\/wp-json\/wp\/v2\/product"}],"about":[{"href":"https:\/\/www.moskito.cz\/en\/wp-json\/wp\/v2\/types\/product"}],"replies":[{"embeddable":true,"href":"https:\/\/www.moskito.cz\/en\/wp-json\/wp\/v2\/comments?post=231513"}],"wp:featuredmedia":[{"embeddable":true,"href":"https:\/\/www.moskito.cz\/en\/wp-json\/wp\/v2\/media\/231515"}],"wp:attachment":[{"href":"https:\/\/www.moskito.cz\/en\/wp-json\/wp\/v2\/media?parent=231513"}],"wp:term":[{"taxonomy":"pwb-brand","embeddable":true,"href":"https:\/\/www.moskito.cz\/en\/wp-json\/wp\/v2\/pwb-brand?post=231513"},{"taxonomy":"product_brand","embeddable":true,"href":"https:\/\/www.moskito.cz\/en\/wp-json\/wp\/v2\/product_brand?post=231513"},{"taxonomy":"product_cat","embeddable":true,"href":"https:\/\/www.moskito.cz\/en\/wp-json\/wp\/v2\/product_cat?post=231513"},{"taxonomy":"product_tag","embeddable":true,"href":"https:\/\/www.moskito.cz\/en\/wp-json\/wp\/v2\/product_tag?post=231513"}],"curies":[{"name":"wp","href":"https:\/\/api.w.org\/{rel}","templated":true}]}}