{"id":239003,"date":"2023-01-31T22:43:01","date_gmt":"2023-01-31T21:43:01","guid":{"rendered":"https:\/\/www.moskito.cz\/produkt\/a-g-a-campolin-akc-x-treme-dandy-bs\/"},"modified":"2025-05-07T10:45:59","modified_gmt":"2025-05-07T09:45:59","slug":"a-g-a-campolin-akc-x-treme-dandy-bs","status":"publish","type":"product","link":"https:\/\/www.moskito.cz\/en\/product\/a-g-a-campolin-akc-x-treme-dandy-bs\/","title":{"rendered":"A.G.A. CAMPOLIN AKC X-TREME DANDY-BS"},"content":{"rendered":"<p>AKC ITALY has a brand new line of knives!!!<br \/>\nThe AKC X-TREME made with modern materials and an aggressive italian design increased the standard of their automatic switchblade production. The new &#8220;DANDY&#8221; designed by Beric for AKC Xtreme, means something excellent and first-class and it is just that. It pays attention to details and is a light elegant EDC knife. It features a light and ergonomic handle made of black anodized aircraft aluminium 6061 with a titanium pocket clip. The blade is made of Stone washed finished D2 steel. A very good steel known for its excellent wear resistance with a hardness of 60-61 HRC. It is a semi-stainless steel due to the high concentration of Chromium (12%) so please do not keep your D2 steel knives dirty and wet &#8211; they will rust if you do not clean them regularly after use. Dandy is just the perfect everyday use knife and comes with a nice carton box.<\/p>\n<p>Overall Length: 19.5 cm &#8211; 7.6&#8243;<br \/>\nBlade Length: 8cm &#8211; 3.1&#8243;<br \/>\nWeight: 80gr &#8211; 2.8oz<br \/>\nBlade Material: D2 Steel<br \/>\nHandle Material: Aluminium<\/p>\n","protected":false},"excerpt":{"rendered":"<p>AKC ITALY m\u00e1 \u00faplne nov\u00fd rad no\u017eov!!!<\/p>\n","protected":false},"featured_media":238993,"comment_status":"open","ping_status":"closed","template":"","meta":[],"pwb-brand":[4012],"product_brand":[],"product_cat":[3162,3157],"product_tag":[],"class_list":{"0":"post-239003","1":"product","2":"type-product","3":"status-publish","4":"has-post-thumbnail","6":"pwb-brand-aga-campolin-en","7":"product_cat-automatic-knives","8":"product_cat-knives","10":"first","11":"instock","12":"taxable","13":"shipping-taxable","14":"purchasable","15":"product-type-simple"},"brands":[{"id":4012,"name":"AGA CAMPOLIN","slug":"aga-campolin-en"}],"_links":{"self":[{"href":"https:\/\/www.moskito.cz\/en\/wp-json\/wp\/v2\/product\/239003","targetHints":{"allow":["GET"]}}],"collection":[{"href":"https:\/\/www.moskito.cz\/en\/wp-json\/wp\/v2\/product"}],"about":[{"href":"https:\/\/www.moskito.cz\/en\/wp-json\/wp\/v2\/types\/product"}],"replies":[{"embeddable":true,"href":"https:\/\/www.moskito.cz\/en\/wp-json\/wp\/v2\/comments?post=239003"}],"wp:featuredmedia":[{"embeddable":true,"href":"https:\/\/www.moskito.cz\/en\/wp-json\/wp\/v2\/media\/238993"}],"wp:attachment":[{"href":"https:\/\/www.moskito.cz\/en\/wp-json\/wp\/v2\/media?parent=239003"}],"wp:term":[{"taxonomy":"pwb-brand","embeddable":true,"href":"https:\/\/www.moskito.cz\/en\/wp-json\/wp\/v2\/pwb-brand?post=239003"},{"taxonomy":"product_brand","embeddable":true,"href":"https:\/\/www.moskito.cz\/en\/wp-json\/wp\/v2\/product_brand?post=239003"},{"taxonomy":"product_cat","embeddable":true,"href":"https:\/\/www.moskito.cz\/en\/wp-json\/wp\/v2\/product_cat?post=239003"},{"taxonomy":"product_tag","embeddable":true,"href":"https:\/\/www.moskito.cz\/en\/wp-json\/wp\/v2\/product_tag?post=239003"}],"curies":[{"name":"wp","href":"https:\/\/api.w.org\/{rel}","templated":true}]}}