{"id":245542,"date":"2023-04-05T15:19:57","date_gmt":"2023-04-05T14:19:57","guid":{"rendered":"https:\/\/www.moskito.cz\/?post_type=product&#038;p=245542"},"modified":"2025-05-07T10:49:17","modified_gmt":"2025-05-07T09:49:17","slug":"sekera-cold-steel-frontier-hawk","status":"publish","type":"product","link":"https:\/\/www.moskito.cz\/en\/product\/sekera-cold-steel-frontier-hawk\/","title":{"rendered":"Sekera Cold Steel FRONTIER HAWK"},"content":{"rendered":"<p>Sekera <strong>Cold Steel FRONTIER HAWK<\/strong><\/p>\n<p>N\u00e1\u0161 Frontier Hawk je vhodn\u00fd pro re-enactory z jak\u00e9hokoli obdob\u00ed od francouzsk\u00e9 a indick\u00e9 v\u00e1lky a\u017e po kone\u010dn\u00e9 os\u00eddlen\u00ed Z\u00e1padu koncem 19. stolet\u00ed! Je lehk\u00e1 jako n\u011bkter\u00e9 t\u00e1borov\u00e9 sekery, ale jej\u00ed design umo\u017e\u0148uje obrovsk\u00e9 mno\u017estv\u00ed \u0159ezn\u00e9ho potenci\u00e1lu!<\/p>\n<p>Materi\u00e1l rukojeti: D\u0159evo<br \/>\nMateri\u00e1l \u010depele: Uhl\u00edkov\u00e1 ocel<br \/>\nTyp sekery: kempingov\u00e1 sekera<br \/>\nHmotnost: 635 g<br \/>\nCelkov\u00e1 d\u00e9lka: 55.9 cm<br \/>\nD\u00e9lka rukojeti: 15.2 cm<\/p>\n","protected":false},"excerpt":{"rendered":"<p>Sekera Cold Steel FRONTIER HAWK N\u00e1\u0161 Frontier Hawk je vhodn\u00fd pro re-enactory z jak\u00e9hokoli obdob\u00ed od francouzsk\u00e9 a indick\u00e9 v\u00e1lky a\u017e po kone\u010dn\u00e9 os\u00eddlen\u00ed Z\u00e1padu koncem 19. stolet\u00ed! Je lehk\u00e1 jako n\u011bkter\u00e9 t\u00e1borov\u00e9 sekery, ale jej\u00ed design umo\u017e\u0148uje obrovsk\u00e9 mno\u017estv\u00ed \u0159ezn\u00e9ho potenci\u00e1lu! Materi\u00e1l rukojeti: D\u0159evo Materi\u00e1l \u010depele: Uhl\u00edkov\u00e1 ocel Typ sekery: kempingov\u00e1 sekera Hmotnost: 635 [&hellip;]<\/p>\n","protected":false},"featured_media":245543,"comment_status":"open","ping_status":"closed","template":"","meta":[],"pwb-brand":[211],"product_brand":[],"product_cat":[32],"product_tag":[3667],"class_list":{"0":"post-245542","1":"product","2":"type-product","3":"status-publish","4":"has-post-thumbnail","6":"pwb-brand-cold-steel","7":"product_cat-sekery","8":"product_tag-b2b","10":"first","11":"outofstock","12":"taxable","13":"shipping-taxable","14":"purchasable","15":"product-type-simple"},"brands":[{"id":211,"name":"Cold Steel","slug":"cold-steel"}],"_links":{"self":[{"href":"https:\/\/www.moskito.cz\/en\/wp-json\/wp\/v2\/product\/245542","targetHints":{"allow":["GET"]}}],"collection":[{"href":"https:\/\/www.moskito.cz\/en\/wp-json\/wp\/v2\/product"}],"about":[{"href":"https:\/\/www.moskito.cz\/en\/wp-json\/wp\/v2\/types\/product"}],"replies":[{"embeddable":true,"href":"https:\/\/www.moskito.cz\/en\/wp-json\/wp\/v2\/comments?post=245542"}],"wp:featuredmedia":[{"embeddable":true,"href":"https:\/\/www.moskito.cz\/en\/wp-json\/wp\/v2\/media\/245543"}],"wp:attachment":[{"href":"https:\/\/www.moskito.cz\/en\/wp-json\/wp\/v2\/media?parent=245542"}],"wp:term":[{"taxonomy":"pwb-brand","embeddable":true,"href":"https:\/\/www.moskito.cz\/en\/wp-json\/wp\/v2\/pwb-brand?post=245542"},{"taxonomy":"product_brand","embeddable":true,"href":"https:\/\/www.moskito.cz\/en\/wp-json\/wp\/v2\/product_brand?post=245542"},{"taxonomy":"product_cat","embeddable":true,"href":"https:\/\/www.moskito.cz\/en\/wp-json\/wp\/v2\/product_cat?post=245542"},{"taxonomy":"product_tag","embeddable":true,"href":"https:\/\/www.moskito.cz\/en\/wp-json\/wp\/v2\/product_tag?post=245542"}],"curies":[{"name":"wp","href":"https:\/\/api.w.org\/{rel}","templated":true}]}}