{"id":245912,"date":"2023-04-13T20:25:33","date_gmt":"2023-04-13T19:25:33","guid":{"rendered":"https:\/\/www.moskito.cz\/produkt\/microtech-signature-series-makora-tactical-206-1ts\/"},"modified":"2026-04-27T12:28:51","modified_gmt":"2026-04-27T11:28:51","slug":"microtech-signature-series-makora-tactical-206-1ts","status":"publish","type":"product","link":"https:\/\/www.moskito.cz\/en\/product\/microtech-signature-series-makora-tactical-206-1ts\/","title":{"rendered":"Microtech Signature Series Makora Tactical 206-1TS Shooting Knife"},"content":{"rendered":"<p><strong>Microtech<\/strong> Signature Series Makora Tactical 206-1TS Shooting Knife<\/p>\n<pre id=\"tw-target-text\" class=\"tw-data-text tw-text-large tw-ta\" dir=\"ltr\" data-placeholder=\"P\u0159eklad\"><span class=\"Y2IQFc\" lang=\"cs\">Koncept Makory se vyvinul ze slavn\u00e9ho designu Microtech Ultratech. Byl testov\u00e1n v praxi a osv\u011bd\u010den\u00fd po dobu n\u011bkolika let. Tento design obsahuje mnoho funkc\u00ed, kter\u00e9 byly po\u017eadov\u00e1ny a specifikov\u00e1ny u\u017eivateli, kte\u0159\u00ed preferuj\u00ed tento vysoce \u00fa\u010dinn\u00fd n\u00e1stroj p\u0159ed jak\u00fdmkoli jin\u00fdm. Pru\u017eina Makory z\u016fst\u00e1v\u00e1 v \u201eklidov\u00e9\u201c poloze po celou dobu, s v\u00fdjimkou vysunut\u00ed. Bez \u00fanavy na stla\u010den\u00e9 pru\u017ein\u011b, kdy\u017e n\u016f\u017e nen\u00ed pou\u017e\u00edv\u00e1n, to d\u00e1v\u00e1 u\u017eivatel\u016fm spolehlivost a jistotu, \u017ee kdy\u017e se stiskne uvoln\u011bn\u00ed, n\u016f\u017e bude fungovat. Mezi dal\u0161\u00ed vlastnosti pat\u0159\u00ed rychl\u00e9 a efektivn\u00ed otev\u00edr\u00e1n\u00ed a zav\u00edr\u00e1n\u00ed jednou rukou, \u010depel z pr\u00e9miov\u00e9 oceli, oboustrann\u00e1 spona na kapsu a \u0161rouby odoln\u00e9 proti neopr\u00e1vn\u011bn\u00e9 manipulaci.\n\nSpecifikace:\nD\u00e9lka \u010depele: 8.25 cm\n\u0158ezn\u00e1 hrana: 8 cm\nD\u00e9lka v zav\u0159en\u00e9m stavu: 12.81 cm\nCelkov\u00e1 d\u00e9lka: 21.12 cm\nOcel: M390\nTlou\u0161\u0165ka \u010depele: 0.31 cm\nStyl \u010depele: D\u00fdka s dvojitou hranou\nBrou\u0161en\u00ed \u010depele: Ploch\u00e9\nPovrchov\u00e1 \u00faprava \u010depele: \u010dern\u00e1\nMateri\u00e1l rukojeti: \u010cern\u00fd leteck\u00fd hlin\u00edk s \u010dern\u00fdmi trak\u010dn\u00edmi vlo\u017ekami\nTlou\u0161\u0165ka rukojeti: 1.38 cm\nUzamykac\u00ed mechanismus: Posuvn\u00fd\nKapesn\u00ed spona: Titan (skl\u00e1p\u011bc\u00ed, prav\u00e9\/lev\u00e9 no\u0161en\u00ed)\nHmotnost: 3,32 oz.\nDesign\u00e9r: Tony Marfione\nVnit\u0159n\u00ed nikl Boron\nVyrobeno v USA\n\n<iframe title=\"Microtech Combat Troodon Torture Test\" width=\"800\" height=\"450\" src=\"https:\/\/www.youtube.com\/embed\/xE9TeOFYEjg?feature=oembed\" frameborder=\"0\" allow=\"accelerometer; autoplay; clipboard-write; encrypted-media; gyroscope; picture-in-picture; web-share\" allowfullscreen><\/iframe>\n\n<\/span><\/pre>\n","protected":false},"excerpt":{"rendered":"<p>Over the years <strong>, Microtech\u00ae Knives<\/strong> has filled knives with passion and skill to create almost works of art that are the pinnacle of functionality. All parts are made in the USA.<br \/>\n<strong>All Microtech knives come with a lifetime warranty.<\/strong><\/p>\n<p><strong>Free transport.<\/strong><\/p>\n","protected":false},"featured_media":245898,"comment_status":"open","ping_status":"closed","template":"","meta":[],"pwb-brand":[3180],"product_brand":[],"product_cat":[3162,3157],"product_tag":[3670],"class_list":{"0":"post-245912","1":"product","2":"type-product","3":"status-publish","4":"has-post-thumbnail","6":"pwb-brand-microtech-en","7":"product_cat-automatic-knives","8":"product_cat-knives","9":"product_tag-b2b-en","11":"first","12":"instock","13":"taxable","14":"shipping-taxable","15":"purchasable","16":"product-type-simple"},"brands":[{"id":3180,"name":"Microtech","slug":"microtech-en"}],"_links":{"self":[{"href":"https:\/\/www.moskito.cz\/en\/wp-json\/wp\/v2\/product\/245912","targetHints":{"allow":["GET"]}}],"collection":[{"href":"https:\/\/www.moskito.cz\/en\/wp-json\/wp\/v2\/product"}],"about":[{"href":"https:\/\/www.moskito.cz\/en\/wp-json\/wp\/v2\/types\/product"}],"replies":[{"embeddable":true,"href":"https:\/\/www.moskito.cz\/en\/wp-json\/wp\/v2\/comments?post=245912"}],"wp:featuredmedia":[{"embeddable":true,"href":"https:\/\/www.moskito.cz\/en\/wp-json\/wp\/v2\/media\/245898"}],"wp:attachment":[{"href":"https:\/\/www.moskito.cz\/en\/wp-json\/wp\/v2\/media?parent=245912"}],"wp:term":[{"taxonomy":"pwb-brand","embeddable":true,"href":"https:\/\/www.moskito.cz\/en\/wp-json\/wp\/v2\/pwb-brand?post=245912"},{"taxonomy":"product_brand","embeddable":true,"href":"https:\/\/www.moskito.cz\/en\/wp-json\/wp\/v2\/product_brand?post=245912"},{"taxonomy":"product_cat","embeddable":true,"href":"https:\/\/www.moskito.cz\/en\/wp-json\/wp\/v2\/product_cat?post=245912"},{"taxonomy":"product_tag","embeddable":true,"href":"https:\/\/www.moskito.cz\/en\/wp-json\/wp\/v2\/product_tag?post=245912"}],"curies":[{"name":"wp","href":"https:\/\/api.w.org\/{rel}","templated":true}]}}