{"id":252763,"date":"2023-07-05T13:15:06","date_gmt":"2023-07-05T12:15:06","guid":{"rendered":"https:\/\/www.moskito.cz\/?post_type=product&#038;p=252763"},"modified":"2025-06-28T20:58:56","modified_gmt":"2025-06-28T19:58:56","slug":"zaviraci-nuz-spyderco-manix-2-c101gps2","status":"publish","type":"product","link":"https:\/\/www.moskito.cz\/en\/product\/zaviraci-nuz-spyderco-manix-2-c101gps2\/","title":{"rendered":"Zav\u00edrac\u00ed N\u016f\u017e Spyderco Manix 2 C101GPS2"},"content":{"rendered":"<p>Zav\u00edrac\u00ed N\u016f\u017e <strong>Spyderco<\/strong> Manix 2 C101GPS2<\/p>\n<p>Recept na \u00fasp\u011bch zav\u00edrac\u00edho no\u017ee: Za\u010dn\u011bte s pevn\u00fdm z\u00e1mkem. P\u0159idejte \u010depel vyrobenou z exotick\u00e9 oceli s vysok\u00fdm obsahem uhl\u00edku. Vyrobte jej v Golden, Colorado s pou\u017eit\u00edm p\u0159esn\u00fdch toleranc\u00ed, pak p\u0159idejte zdravou d\u00e1vku americk\u00e9 inovace. Tyto ingredience jsou Manix 2, sm\u011bs samostatn\u00fdch funkc\u00ed, kdy\u017e se zkombinuj\u00ed jeden z nejsiln\u011bj\u0161\u00edch no\u017e\u016f od Spyderco doposud. Manix 2, patentovan\u00fd spole\u010dnost\u00ed <strong>Spyderco<\/strong>, m\u00e1 z\u00e1mek kuli\u010dkov\u00e9ho lo\u017eiska. Je to tvrzen\u00e9 voln\u011b plovouc\u00ed kuli\u010dkov\u00e9 lo\u017eisko obsa\u017een\u00e9 v zak\u00e1zkov\u00e9 hi-tech polymerov\u00e9 kleci. Kulat\u00e9 kuli\u010dkov\u00e9 lo\u017eisko umo\u017e\u0148uje, aby se z\u00e1mek s\u00e1m nastavil na velk\u00e9 plo\u0161e, hladce a d\u016fsledn\u011b se zamykal s pevnou jistotou. S\u00edla z\u00e1mku Ball Bearing Lock, kter\u00e1 se postupem \u010dasu vyv\u00edj\u00ed, odol\u00e1v\u00e1 tvrd\u00e9 pr\u00e1ci s bezpe\u010dn\u00fdm, v\u0161estrann\u00fdm a pohodln\u00fdm \u00fachopem. Ergonomie je v tomto designu bezkonkuren\u010dn\u00ed. \u010cepel je S30V a ploch\u011b brou\u0161en\u00e1 s agresivn\u00edm vroubkov\u00e1n\u00edm palce nad kulat\u00fdm otvorem Spyderco o pr\u016fm\u011bru 14 mm. Jimping t\u00edm nekon\u010d\u00ed. S celoocelov\u00fdmi vlo\u017ekami maj\u00ed stupnice dr\u00e1\u017ekov\u00e1n\u00ed, kter\u00e9 p\u0159esahuje rozsah rukojeti G-10 a vroubkuje oblasti po obvodu rukojeti. Tenhle v\u00e1m neklou\u017ee z ruky a funguje dob\u0159e i v rukavic\u00edch! Vlo\u017eky tahaj\u00ed dvoj\u00ed \u00fa\u010del t\u00edm, \u017ee dod\u00e1vaj\u00ed rukojeti tuhou a lehkou pevnost. Klip se t\u0159emi \u0161rouby se nos\u00ed vlevo\/vpravo a je um\u00edst\u011bn pro pohodl\u00ed a no\u0161en\u00ed v hlubok\u00e9 kapse. N\u016f\u017e m\u00e1 tak\u00e9 velkou \u0161\u0148\u016frku pro ochranu r\u016fzn\u00fdch typ\u016f \u0161\u0148\u016fr nebo \u0159em\u00ednk\u016f.<br \/>\nSpecifikace<\/p>\n<p>Celkov\u00e1 d\u00e9lka: 20.3 cm<br \/>\nD\u00e9lka \u010depele: 8.6 cm<br \/>\nHmotnost: 5 oz (143 g)<br \/>\nMateri\u00e1l rukojeti: G-10<br \/>\n\u010cepel Ocel: Nerezov\u00e1 ocel S30V<br \/>\nBlokovac\u00ed mechanismus: Z\u00e1mek s kuli\u010dkov\u00fdm lo\u017eiskem<br \/>\nVykl\u00e1p\u011bc\u00ed, oboustrann\u00fd kapesn\u00ed klip<br \/>\nVyrobeno v Golden, Colorado, USA<\/p>\n<p>&nbsp;<\/p>\n","protected":false},"excerpt":{"rendered":"<p><strong>Recept na \u00fasp\u011bch zav\u00edrac\u00edho no\u017ee: Za\u010dn\u011bte s pevn\u00fdm z\u00e1mkem. P\u0159idejte \u010depel vyrobenou z exotick\u00e9 oceli s vysok\u00fdm obsahem uhl\u00edku. Vyrobte jej v Golden, Colorado s pou\u017eit\u00edm p\u0159esn\u00fdch toleranc\u00ed, pak p\u0159idejte zdravou d\u00e1vku americk\u00e9 inovace.<\/strong><\/p>\n","protected":false},"featured_media":252764,"comment_status":"open","ping_status":"closed","template":"","meta":[],"pwb-brand":[567],"product_brand":[],"product_cat":[22,17],"product_tag":[3667],"class_list":{"0":"post-252763","1":"product","2":"type-product","3":"status-publish","4":"has-post-thumbnail","6":"pwb-brand-spyderco","7":"product_cat-zaviraci-noze","8":"product_cat-noze","9":"product_tag-b2b","11":"first","12":"instock","13":"sale","14":"taxable","15":"shipping-taxable","16":"purchasable","17":"product-type-simple"},"brands":[{"id":567,"name":"Spyderco","slug":"spyderco"}],"_links":{"self":[{"href":"https:\/\/www.moskito.cz\/en\/wp-json\/wp\/v2\/product\/252763","targetHints":{"allow":["GET"]}}],"collection":[{"href":"https:\/\/www.moskito.cz\/en\/wp-json\/wp\/v2\/product"}],"about":[{"href":"https:\/\/www.moskito.cz\/en\/wp-json\/wp\/v2\/types\/product"}],"replies":[{"embeddable":true,"href":"https:\/\/www.moskito.cz\/en\/wp-json\/wp\/v2\/comments?post=252763"}],"wp:featuredmedia":[{"embeddable":true,"href":"https:\/\/www.moskito.cz\/en\/wp-json\/wp\/v2\/media\/252764"}],"wp:attachment":[{"href":"https:\/\/www.moskito.cz\/en\/wp-json\/wp\/v2\/media?parent=252763"}],"wp:term":[{"taxonomy":"pwb-brand","embeddable":true,"href":"https:\/\/www.moskito.cz\/en\/wp-json\/wp\/v2\/pwb-brand?post=252763"},{"taxonomy":"product_brand","embeddable":true,"href":"https:\/\/www.moskito.cz\/en\/wp-json\/wp\/v2\/product_brand?post=252763"},{"taxonomy":"product_cat","embeddable":true,"href":"https:\/\/www.moskito.cz\/en\/wp-json\/wp\/v2\/product_cat?post=252763"},{"taxonomy":"product_tag","embeddable":true,"href":"https:\/\/www.moskito.cz\/en\/wp-json\/wp\/v2\/product_tag?post=252763"}],"curies":[{"name":"wp","href":"https:\/\/api.w.org\/{rel}","templated":true}]}}