{"id":252802,"date":"2023-07-05T13:49:11","date_gmt":"2023-07-05T12:49:11","guid":{"rendered":"https:\/\/www.moskito.cz\/?post_type=product&#038;p=252802"},"modified":"2025-05-07T10:52:05","modified_gmt":"2025-05-07T09:52:05","slug":"zaviraci-nuz-spyderco-persistence-lightweight-c136pbl","status":"publish","type":"product","link":"https:\/\/www.moskito.cz\/en\/product\/zaviraci-nuz-spyderco-persistence-lightweight-c136pbl\/","title":{"rendered":"Zav\u00edrac\u00ed N\u016f\u017e Spyderco Persistence Lightweight C136PBL"},"content":{"rendered":"<p>Zav\u00edrac\u00ed N\u016f\u017e <strong>Spyderco<\/strong> Persistence Lightweight C136PBL<\/p>\n<p>Persistence Lightweight spojila kompaktn\u00ed velikost a osv\u011bd\u010den\u00e9 vlastnosti tohoto osv\u011bd\u010den\u00e9ho designu s v\u00fdhodami \u00faspory hmotnosti vst\u0159ikovan\u00fdch rukojet\u00ed z nylonu vyztu\u017een\u00e9ho skeln\u00fdm vl\u00e1knem (FRN). Tato verze posouv\u00e1 tuto evoluci o krok d\u00e1le a p\u0159epl\u0148uje sv\u016fj v\u00fdkon ocel\u00ed \u010depele CPM-S35VN vyroben\u00e9 v USA. Jedine\u010dn\u00e9 chemick\u00e9 slo\u017een\u00ed t\u00e9to oceli podporuje tvorbu karbid\u016f niobu spolu s karbidy vanadu a chr\u00f3mu, \u010d\u00edm\u017e se zvy\u0161uje jej\u00ed hou\u017eevnatost bez ob\u011btov\u00e1n\u00ed odolnosti proti opot\u0159eben\u00ed. Pln\u011b ploch\u00e1 \u010depel tohoto no\u017ee je k dispozici ve v\u0161ech t\u0159ech konfigurac\u00edch ost\u0159\u00ed a je sp\u00e1rov\u00e1na s rukojet\u00ed s jasn\u011b modr\u00fdmi stupnicemi FRN, protiskluzov\u00fdm obousm\u011brn\u00fdm texturov\u00e1n\u00edm, robustn\u00edm mechanismem LinerLock a univerz\u00e1ln\u00ed \u010dty\u0159polohovou kapesn\u00ed sponou.<br \/>\nSpecifikace<\/p>\n<p>D\u00e9lka \u010depele: 7 cm<br \/>\nCelkov\u00e1 d\u00e9lka: 17.4 cm<br \/>\nD\u00e9lka v zav\u0159en\u00e9m stavu: 10.5 cm<br \/>\nTlou\u0161\u0165ka \u010depele: 0.31 cm<br \/>\nMateri\u00e1l \u010depele: CPM-S35VN Nerezov\u00e1 ocel<br \/>\nStyl \u010depele: ve tvaru olova<br \/>\nBrou\u0161en\u00ed \u010depele: Pln\u011b ploch\u00e9<br \/>\nPovrchov\u00e1 \u00faprava \u010depele: sat\u00e9n<br \/>\nOst\u0159\u00ed \u010depele: Hladk\u00e9<br \/>\nMateri\u00e1l rukojeti: FRN<br \/>\nBarva rukojeti: Modr\u00e1<br \/>\nUzamykac\u00ed mechanismus: Liner Lock<br \/>\nKapesn\u00ed spona: Nerezov\u00e1 ocel (Tip-Up\/Down, Right\/Left carry)<br \/>\n\u010c\u00edslo modelu: C136PBL<br \/>\nN\u00e1zev modelu: Persistence Lightweight CPM-S35VN<br \/>\nHmotnost: 3,32 oz. (94 g)<\/p>\n<p>&nbsp;<\/p>\n<p>&nbsp;<\/p>\n","protected":false},"excerpt":{"rendered":"<p><strong>Persistence Lightweight spojila kompaktn\u00ed velikost a osv\u011bd\u010den\u00e9 vlastnosti.<\/strong><\/p>\n","protected":false},"featured_media":252803,"comment_status":"open","ping_status":"closed","template":"","meta":[],"pwb-brand":[567],"product_brand":[],"product_cat":[22,17],"product_tag":[3667],"class_list":{"0":"post-252802","1":"product","2":"type-product","3":"status-publish","4":"has-post-thumbnail","6":"pwb-brand-spyderco","7":"product_cat-zaviraci-noze","8":"product_cat-noze","9":"product_tag-b2b","11":"first","12":"instock","13":"taxable","14":"shipping-taxable","15":"purchasable","16":"product-type-simple"},"brands":[{"id":567,"name":"Spyderco","slug":"spyderco"}],"_links":{"self":[{"href":"https:\/\/www.moskito.cz\/en\/wp-json\/wp\/v2\/product\/252802","targetHints":{"allow":["GET"]}}],"collection":[{"href":"https:\/\/www.moskito.cz\/en\/wp-json\/wp\/v2\/product"}],"about":[{"href":"https:\/\/www.moskito.cz\/en\/wp-json\/wp\/v2\/types\/product"}],"replies":[{"embeddable":true,"href":"https:\/\/www.moskito.cz\/en\/wp-json\/wp\/v2\/comments?post=252802"}],"wp:featuredmedia":[{"embeddable":true,"href":"https:\/\/www.moskito.cz\/en\/wp-json\/wp\/v2\/media\/252803"}],"wp:attachment":[{"href":"https:\/\/www.moskito.cz\/en\/wp-json\/wp\/v2\/media?parent=252802"}],"wp:term":[{"taxonomy":"pwb-brand","embeddable":true,"href":"https:\/\/www.moskito.cz\/en\/wp-json\/wp\/v2\/pwb-brand?post=252802"},{"taxonomy":"product_brand","embeddable":true,"href":"https:\/\/www.moskito.cz\/en\/wp-json\/wp\/v2\/product_brand?post=252802"},{"taxonomy":"product_cat","embeddable":true,"href":"https:\/\/www.moskito.cz\/en\/wp-json\/wp\/v2\/product_cat?post=252802"},{"taxonomy":"product_tag","embeddable":true,"href":"https:\/\/www.moskito.cz\/en\/wp-json\/wp\/v2\/product_tag?post=252802"}],"curies":[{"name":"wp","href":"https:\/\/api.w.org\/{rel}","templated":true}]}}