{"id":253853,"date":"2023-07-12T15:39:48","date_gmt":"2023-07-12T14:39:48","guid":{"rendered":"https:\/\/www.moskito.cz\/?post_type=product&#038;p=253853"},"modified":"2025-05-07T10:52:22","modified_gmt":"2025-05-07T09:52:22","slug":"pevny-nuz-muela-11633","status":"publish","type":"product","link":"https:\/\/www.moskito.cz\/en\/product\/pevny-nuz-muela-11633\/","title":{"rendered":"Pevn\u00fd N\u016f\u017e Muela 11633"},"content":{"rendered":"<p>Pevn\u00fd N\u016f\u017e <strong>Muela<\/strong> 11633<\/p>\n<p>Zaoblen\u00e1 rukoje\u0165 z elegantn\u00edho d\u0159eva pakka a ozdobn\u00e1 hlavice a ochrann\u00e9 prvky d\u011blaj\u00ed z Muela Bowie Wood 11633 v\u00fdjime\u010dn\u00fd loveck\u00fd n\u016f\u017e. Je vybaven 16 cm dlouhou \u010depel\u00ed z nerezov\u00e9 oceli MoVa a dokonale se hod\u00ed pro zpracov\u00e1n\u00ed zv\u011b\u0159iny. Chr\u00e1ni\u010d ruky zabra\u0148uje n\u00e1hodn\u00e9mu sklouznut\u00ed ruky po \u010depeli. Pevn\u00fd n\u016f\u017e se vyr\u00e1b\u00ed ve \u0160pan\u011blsku. K no\u017ei je samoz\u0159ejm\u011b dod\u00e1v\u00e1na i praktick\u00e1 pochva z hn\u011bd\u00e9 k\u016f\u017ee, kterou lze nosit na opasku.<\/p>\n<p>V\u00fdrobce: Muela<br \/>\nTyp no\u017ee: Loveck\u00fd n\u016f\u017e, Venkovn\u00ed<br \/>\nNosn\u00fd syst\u00e9m: ko\u017een\u00e9 pouzdro<br \/>\nModel: Bowie Wood<br \/>\nMateri\u00e1l \u010depele: MOVA Steel<br \/>\nD\u00e9lka \u010depele: 16 cm<br \/>\nStyl \u010depele: \u010depel Bowie<br \/>\nCelkov\u00e1 d\u00e9lka: 28,5 cm<br \/>\nMateri\u00e1l rukojeti: stabilizovan\u00e9 d\u0159evo<br \/>\nHmotnost: 250g<br \/>\nVyrobeno v: \u0160pan\u011blsko<\/p>\n<p>&nbsp;<\/p>\n<p>&nbsp;<\/p>\n","protected":false},"excerpt":{"rendered":"<p><strong>Zaoblen\u00e1 rukoje\u0165 z elegantn\u00edho d\u0159eva pakka a ozdobn\u00e1 hlavice a ochrann\u00e9 prvky d\u011blaj\u00ed z Muela Bowie Wood 11633 v\u00fdjime\u010dn\u00fd loveck\u00fd n\u016f\u017e.<\/strong><\/p>\n","protected":false},"featured_media":253854,"comment_status":"open","ping_status":"closed","template":"","meta":[],"pwb-brand":[191],"product_brand":[],"product_cat":[23,17],"product_tag":[3667],"class_list":{"0":"post-253853","1":"product","2":"type-product","3":"status-publish","4":"has-post-thumbnail","6":"pwb-brand-muela","7":"product_cat-pevne-noze","8":"product_cat-noze","9":"product_tag-b2b","11":"first","12":"instock","13":"taxable","14":"shipping-taxable","15":"purchasable","16":"product-type-simple"},"brands":[{"id":191,"name":"Muela","slug":"muela"}],"_links":{"self":[{"href":"https:\/\/www.moskito.cz\/en\/wp-json\/wp\/v2\/product\/253853","targetHints":{"allow":["GET"]}}],"collection":[{"href":"https:\/\/www.moskito.cz\/en\/wp-json\/wp\/v2\/product"}],"about":[{"href":"https:\/\/www.moskito.cz\/en\/wp-json\/wp\/v2\/types\/product"}],"replies":[{"embeddable":true,"href":"https:\/\/www.moskito.cz\/en\/wp-json\/wp\/v2\/comments?post=253853"}],"wp:featuredmedia":[{"embeddable":true,"href":"https:\/\/www.moskito.cz\/en\/wp-json\/wp\/v2\/media\/253854"}],"wp:attachment":[{"href":"https:\/\/www.moskito.cz\/en\/wp-json\/wp\/v2\/media?parent=253853"}],"wp:term":[{"taxonomy":"pwb-brand","embeddable":true,"href":"https:\/\/www.moskito.cz\/en\/wp-json\/wp\/v2\/pwb-brand?post=253853"},{"taxonomy":"product_brand","embeddable":true,"href":"https:\/\/www.moskito.cz\/en\/wp-json\/wp\/v2\/product_brand?post=253853"},{"taxonomy":"product_cat","embeddable":true,"href":"https:\/\/www.moskito.cz\/en\/wp-json\/wp\/v2\/product_cat?post=253853"},{"taxonomy":"product_tag","embeddable":true,"href":"https:\/\/www.moskito.cz\/en\/wp-json\/wp\/v2\/product_tag?post=253853"}],"curies":[{"name":"wp","href":"https:\/\/api.w.org\/{rel}","templated":true}]}}