{"id":254674,"date":"2023-08-07T19:11:24","date_gmt":"2023-08-07T18:11:24","guid":{"rendered":"https:\/\/www.moskito.cz\/?post_type=product&#038;p=254674"},"modified":"2025-05-07T10:52:40","modified_gmt":"2025-05-07T09:52:40","slug":"zaviraci-nuz-muela-bx-8r","status":"publish","type":"product","link":"https:\/\/www.moskito.cz\/en\/product\/zaviraci-nuz-muela-bx-8r\/","title":{"rendered":"Zav\u00edrac\u00ed N\u016f\u017e Muela BX-8R"},"content":{"rendered":"<p>Zav\u00edrac\u00ed N\u016f\u017e <strong>Muela<\/strong> BX-8R<\/p>\n<p>Kapesn\u00ed n\u016f\u017e Muela BX8 m\u00e1 zadn\u00ed z\u00e1mek a rukoje\u0165 ze d\u0159eva. D\u00edky sv\u00fdm vlastnostem je ide\u00e1ln\u00ed pro ka\u017edodenn\u00ed no\u0161en\u00ed. Sou\u010d\u00e1st\u00ed je \u010dern\u00e9 sanity pouzdro.<br \/>\nFunkce:<br \/>\nD\u00e9lka \u010depele: 8,5 cm.<br \/>\nD\u00e9lka rukojeti: 10 cm.<br \/>\nCelkov\u00e1 d\u00e9lka: 18,5 cm.<br \/>\nTvrdost oceli: 56 HRC.<br \/>\nTlou\u0161\u0165ka plechu: 2 mm.<br \/>\n\u010cepel z oceli 440.<br \/>\nHmotnost: 90g.<br \/>\nSe zadn\u00edm z\u00e1mkov\u00fdm syst\u00e9mem.<br \/>\nVyrobeno ve \u0160pan\u011blsku.<\/p>\n","protected":false},"excerpt":{"rendered":"<p><strong>Elegantn\u00ed kapesn\u00ed zav\u00edrac\u00ed n\u016f\u017e s pouzdrem.<\/strong><\/p>\n","protected":false},"featured_media":254675,"comment_status":"open","ping_status":"closed","template":"","meta":[],"pwb-brand":[191],"product_brand":[],"product_cat":[22,17],"product_tag":[3667],"class_list":{"0":"post-254674","1":"product","2":"type-product","3":"status-publish","4":"has-post-thumbnail","6":"pwb-brand-muela","7":"product_cat-zaviraci-noze","8":"product_cat-noze","9":"product_tag-b2b","11":"first","12":"instock","13":"taxable","14":"shipping-taxable","15":"purchasable","16":"product-type-simple"},"brands":[{"id":191,"name":"Muela","slug":"muela"}],"_links":{"self":[{"href":"https:\/\/www.moskito.cz\/en\/wp-json\/wp\/v2\/product\/254674","targetHints":{"allow":["GET"]}}],"collection":[{"href":"https:\/\/www.moskito.cz\/en\/wp-json\/wp\/v2\/product"}],"about":[{"href":"https:\/\/www.moskito.cz\/en\/wp-json\/wp\/v2\/types\/product"}],"replies":[{"embeddable":true,"href":"https:\/\/www.moskito.cz\/en\/wp-json\/wp\/v2\/comments?post=254674"}],"wp:featuredmedia":[{"embeddable":true,"href":"https:\/\/www.moskito.cz\/en\/wp-json\/wp\/v2\/media\/254675"}],"wp:attachment":[{"href":"https:\/\/www.moskito.cz\/en\/wp-json\/wp\/v2\/media?parent=254674"}],"wp:term":[{"taxonomy":"pwb-brand","embeddable":true,"href":"https:\/\/www.moskito.cz\/en\/wp-json\/wp\/v2\/pwb-brand?post=254674"},{"taxonomy":"product_brand","embeddable":true,"href":"https:\/\/www.moskito.cz\/en\/wp-json\/wp\/v2\/product_brand?post=254674"},{"taxonomy":"product_cat","embeddable":true,"href":"https:\/\/www.moskito.cz\/en\/wp-json\/wp\/v2\/product_cat?post=254674"},{"taxonomy":"product_tag","embeddable":true,"href":"https:\/\/www.moskito.cz\/en\/wp-json\/wp\/v2\/product_tag?post=254674"}],"curies":[{"name":"wp","href":"https:\/\/api.w.org\/{rel}","templated":true}]}}