{"id":255130,"date":"2023-08-09T21:47:22","date_gmt":"2023-08-09T20:47:22","guid":{"rendered":"https:\/\/www.moskito.cz\/?post_type=product&#038;p=255130"},"modified":"2026-01-13T07:24:23","modified_gmt":"2026-01-13T06:24:23","slug":"pevny-nuz-muela-kodiak-10a","status":"publish","type":"product","link":"https:\/\/www.moskito.cz\/en\/product\/pevny-nuz-muela-kodiak-10a\/","title":{"rendered":"Pevn\u00fd N\u016f\u017e Muela KODIAK-10A"},"content":{"rendered":"<p>Pevn\u00fd N\u016f\u017e <strong>Muela<\/strong> KODIAK-10A<\/p>\n<p>Firemn\u00ed n\u016f\u017e KODIAK-10A Muela klasick\u00e9 linie s pevnou \u010depel\u00ed full-tang proveden\u00ed. N\u00e1dhern\u011b vyroben\u00e9, ide\u00e1ln\u00ed pro sb\u011bratele a milovn\u00edky lovu, lidi, kte\u0159\u00ed oce\u0148uj\u00ed aktivn\u00ed odpo\u010dinek, p\u0159e\u017eit\u00ed \/ outdoor. Vyrobeno z odoln\u00e9 molybden-vanadiov\u00e9 oceli (MoVa). Pevn\u00fd, odoln\u00fd, zvl\u00e1dne ka\u017edou pr\u00e1ci bez po\u0161kozen\u00ed.<\/p>\n<p>\u010cepel &#8211; s profilem Drop Point, tlou\u0161\u0165ka 3,95 mm, se vyzna\u010duje dobr\u00fdmi mechanick\u00fdmi vlastnostmi, dlouhodob\u00fdm zaost\u0159ov\u00e1n\u00edm. Vyrobeno z odoln\u00e9 nerezov\u00e9 oceli molybden-vanadium X50CrMoV15, kalen\u00e9 v rozmez\u00ed 57-58 HRC. Povrchov\u00e1 \u00faprava Satin Finish (polomatn\u00e1) eliminuje odlesky. Hladk\u00e1 hladk\u00e1 \u010depel byla vyrobena s plochou plochou (Full Flat Grind). Tento \u0159ez sn\u00ed\u017eil hmotnost no\u017ee a zlep\u0161il \u0159ezn\u00e9 vlastnosti. Na z\u00e1kladn\u011b \u010depele chra\u0148te ruku.<\/p>\n<p>Rukoje\u0165 &#8211; pota\u017eena protiskluzov\u00fdm, p\u0159\u00edrodn\u00edm paro\u017e\u00ed z jelena. Nosn\u00e9 a kryc\u00ed n\u00fdty z vysoce niklov\u00e9 mosazi.<\/p>\n<p>Pouzdro &#8211; prodlou\u017een\u00e9, chr\u00e1n\u00ed hlavu s \u010d\u00e1st\u00ed rukojeti. Je vyrobeno z p\u0159\u00edrodn\u00ed hn\u011bd\u00e9 k\u016f\u017ee s vyra\u017een\u00fdm logem spole\u010dnosti. Na okraj\u00edch byl pro\u0161it ozdobnou nit\u00ed. Upevn\u011bn\u00ed na opasek nebo ozuben\u00e9 kolo umo\u017e\u0148uje nosit n\u016f\u017e ve svisl\u00e9 poloze.<\/p>\n<p>Technick\u00e9 \u00fadaje:<br \/>\n\u010c\u00edslo produktu: KODIAK-10A<br \/>\nTyp oceli: X50CrMoV15<br \/>\nD\u00e9lka \u010depele: 10 cm<br \/>\nTlou\u0161\u0165ka \u010depele: 0.395 cm<br \/>\nCelkov\u00e1 d\u00e9lka: 21.5 cm<br \/>\nHmotnost: 209 g \/ 7,37 oz<br \/>\n\u0158ez\u00e1n\u00ed typ hrany: Hladk\u00fd<br \/>\nTyp \u010depele: Drop Point<br \/>\nTyp \u0159ezu: Ploch\u00fd pln\u00fd<br \/>\nMateri\u00e1l rukojeti: Jelen\u00ed paroh<br \/>\nPochva: K\u016f\u017ee<br \/>\nV\u00fdrobce: Muela, \u0160pan\u011blsko<\/p>\n","protected":false},"excerpt":{"rendered":"<p><strong>N\u00e1dhern\u011b vyroben\u00fd n\u016f\u017e, ide\u00e1ln\u00ed pro sb\u011bratele a milovn\u00edky lovu.<\/strong><\/p>\n","protected":false},"featured_media":255135,"comment_status":"open","ping_status":"closed","template":"","meta":[],"pwb-brand":[191],"product_brand":[],"product_cat":[23,17],"product_tag":[3667],"class_list":{"0":"post-255130","1":"product","2":"type-product","3":"status-publish","4":"has-post-thumbnail","6":"pwb-brand-muela","7":"product_cat-pevne-noze","8":"product_cat-noze","9":"product_tag-b2b","11":"first","12":"outofstock","13":"taxable","14":"shipping-taxable","15":"purchasable","16":"product-type-simple"},"brands":[{"id":191,"name":"Muela","slug":"muela"}],"_links":{"self":[{"href":"https:\/\/www.moskito.cz\/en\/wp-json\/wp\/v2\/product\/255130","targetHints":{"allow":["GET"]}}],"collection":[{"href":"https:\/\/www.moskito.cz\/en\/wp-json\/wp\/v2\/product"}],"about":[{"href":"https:\/\/www.moskito.cz\/en\/wp-json\/wp\/v2\/types\/product"}],"replies":[{"embeddable":true,"href":"https:\/\/www.moskito.cz\/en\/wp-json\/wp\/v2\/comments?post=255130"}],"wp:featuredmedia":[{"embeddable":true,"href":"https:\/\/www.moskito.cz\/en\/wp-json\/wp\/v2\/media\/255135"}],"wp:attachment":[{"href":"https:\/\/www.moskito.cz\/en\/wp-json\/wp\/v2\/media?parent=255130"}],"wp:term":[{"taxonomy":"pwb-brand","embeddable":true,"href":"https:\/\/www.moskito.cz\/en\/wp-json\/wp\/v2\/pwb-brand?post=255130"},{"taxonomy":"product_brand","embeddable":true,"href":"https:\/\/www.moskito.cz\/en\/wp-json\/wp\/v2\/product_brand?post=255130"},{"taxonomy":"product_cat","embeddable":true,"href":"https:\/\/www.moskito.cz\/en\/wp-json\/wp\/v2\/product_cat?post=255130"},{"taxonomy":"product_tag","embeddable":true,"href":"https:\/\/www.moskito.cz\/en\/wp-json\/wp\/v2\/product_tag?post=255130"}],"curies":[{"name":"wp","href":"https:\/\/api.w.org\/{rel}","templated":true}]}}