{"id":255196,"date":"2023-08-10T13:07:57","date_gmt":"2023-08-10T12:07:57","guid":{"rendered":"https:\/\/www.moskito.cz\/?post_type=product&#038;p=255196"},"modified":"2025-05-07T10:52:44","modified_gmt":"2025-05-07T09:52:44","slug":"zaviraci-nuz-extrema-ratio-ferrum-rescue-red","status":"publish","type":"product","link":"https:\/\/www.moskito.cz\/en\/product\/zaviraci-nuz-extrema-ratio-ferrum-rescue-red\/","title":{"rendered":"Zav\u00edrac\u00ed N\u016f\u017e Extrema Ratio FERRUM RESCUE RED"},"content":{"rendered":"<p>Zav\u00edrac\u00ed N\u016f\u017e <strong>Extrema Ratio<\/strong> FERRUM RESCUE RED<\/p>\n<p>Ferrum Rescue je n\u00e1stroj ur\u010den\u00fd pro z\u00e1chrann\u00e9 mise, vyvinut\u00fd ve spolupr\u00e1ci s Andreou Micheli, odborn\u00edkem na arm\u00e1du a vym\u00e1h\u00e1n\u00ed pr\u00e1va, novin\u00e1\u0159em a instruktorem st\u0159elby. M\u00e1 extr\u00e9mn\u011b kompaktn\u00ed rukoje\u0165 a t\u0159i \u010depele prov\u00e1d\u011bj\u00edc\u00ed n\u00e1sleduj\u00edc\u00ed funkce:<\/p>\n<p>Prvn\u00ed a hlavn\u00ed \u010depel m\u00e1 tlou\u0161\u0165ku 3 milimetry. Je navr\u017een pro velmi n\u00e1ro\u010dn\u00e9 pou\u017eit\u00ed a zabra\u0148uje p\u0159ed\u010dasn\u00e9mu opot\u0159eben\u00ed hran dal\u0161\u00edch dvou \u010depel\u00ed. Jeho zoubkov\u00e1n\u00ed umo\u017e\u0148uje \u0159ezat v\u011bt\u0161\u00ed lana nebo textilie, zat\u00edmco hladk\u00e9 ost\u0159\u00ed funguje jako spr\u00e1vn\u00fd n\u016f\u017e. Druhou \u010depel\u00ed je skalpel, kter\u00fd lze pou\u017e\u00edt k extr\u00e9mn\u011b jasn\u00fdm \u0159ez\u016fm a prov\u00e1d\u011bn\u00ed nouzov\u00fdch akc\u00ed.<\/p>\n<p>T\u0159et\u00ed a nejmen\u0161\u00ed, um\u00edst\u011bn\u00fd na zadn\u00ed stran\u011b hlavn\u00ed \u010depele, je \u0159eza\u010dka na lano, kterou lze tak\u00e9 pou\u017e\u00edt k \u0159ez\u00e1n\u00ed aramidov\u00fdch paracord\u016f. Kombinace hlavn\u00ed \u010depele a skalpelu umo\u017e\u0148uje u\u017eivateli prov\u00e9st nouzov\u00fd \u0159ez a uvolnit zran\u011bn\u00e9ho z od\u011bvu. \u0158eza\u010dka na \u0161\u0148\u016frku i skalpel lze vym\u011bnit.<\/p>\n<p>Ferrum Rescue m\u00e1 tenk\u00fd a kompaktn\u00ed tvar, jeho eloxovan\u00e1 antikorod\u00e1ln\u00ed hlin\u00edkov\u00e1 rukoje\u0165 \u010din\u00ed jeho rukoje\u0165 lehk\u00fdm, tenk\u00fdm a odoln\u00fdm. M\u016f\u017ee b\u00fdt um\u00edst\u011bn v kapse, v mal\u00fdch pouzdrech na baterky nebo v jedin\u00e9m M.O.L.L.E. syst\u00e9mov\u00fd popruh. Na spodn\u00ed \u010d\u00e1sti je tak\u00e9 vybavena tvrdokovov\u00fdm rozb\u00edje\u010dem skla. Dod\u00e1v\u00e1 se s otv\u00edr\u00e1n\u00edm pomoc\u00ed ploutve. \u010cepel se ot\u00e1\u010d\u00ed na kuli\u010dkov\u00fdch lo\u017eisk\u00e1ch, co\u017e m\u00e1 za n\u00e1sledek plynul\u00fd a pevn\u00fd pohyb. Tento mechanismus umo\u017e\u0148uje u\u017eivateli snadn\u00e9 a rychl\u00e9 otev\u0159en\u00ed \u010depele i pouze jednou rukou. Uzamykac\u00ed mechanismus je osv\u011bd\u010den\u00fd liner lock.<\/p>\n<p>Oboustrann\u00e1 spona je um\u00edst\u011bna na zadn\u00ed stran\u011b. Ferrum Rescue je k dispozici ve dvou verz\u00edch, \u010derven\u00e9 a \u010dern\u00e9; prvn\u00ed m\u00e1 jasnou z\u00e1chrannou konotaci, proto\u017ee pom\u00e1h\u00e1 u\u017eivateli naj\u00edt n\u016f\u017e v p\u0159\u00edpad\u011b p\u00e1du. Druh\u00fd m\u00e1 takti\u010dt\u011bj\u0161\u00ed a m\u00e9n\u011b n\u00e1padnou vlastnost.<\/p>\n<p>Podrobnosti:<br \/>\nMateri\u00e1l \u010depele: ocel B\u00f6hler N690, omyt\u00fd kamenem<br \/>\nMateri\u00e1l rukojeti: eloxovan\u00fd hlin\u00edk<br \/>\nCelkov\u00e1 d\u00e9lka: cca. 18,8 cm<br \/>\nD\u00e9lka \u010depele: cca. 5,6 cm<br \/>\nHmotnost: cca. 85 g<\/p>\n<p>&nbsp;<\/p>\n","protected":false},"excerpt":{"rendered":"<p><strong>Ferrum Rescue je n\u00e1stroj ur\u010den\u00fd pro z\u00e1chrann\u00e9 mise, vyvinut\u00fd ve spolupr\u00e1ci s Andreou Micheli, odborn\u00edkem na arm\u00e1du a vym\u00e1h\u00e1n\u00ed pr\u00e1va, novin\u00e1\u0159em a instruktorem st\u0159elby.<\/strong><\/p>\n","protected":false},"featured_media":255197,"comment_status":"open","ping_status":"closed","template":"","meta":[],"pwb-brand":[267],"product_brand":[],"product_cat":[22,17],"product_tag":[3667],"class_list":{"0":"post-255196","1":"product","2":"type-product","3":"status-publish","4":"has-post-thumbnail","6":"pwb-brand-extrema-ratio","7":"product_cat-zaviraci-noze","8":"product_cat-noze","9":"product_tag-b2b","11":"first","12":"instock","13":"taxable","14":"shipping-taxable","15":"purchasable","16":"product-type-simple"},"brands":[{"id":267,"name":"Extrema Ratio","slug":"extrema-ratio"}],"_links":{"self":[{"href":"https:\/\/www.moskito.cz\/en\/wp-json\/wp\/v2\/product\/255196","targetHints":{"allow":["GET"]}}],"collection":[{"href":"https:\/\/www.moskito.cz\/en\/wp-json\/wp\/v2\/product"}],"about":[{"href":"https:\/\/www.moskito.cz\/en\/wp-json\/wp\/v2\/types\/product"}],"replies":[{"embeddable":true,"href":"https:\/\/www.moskito.cz\/en\/wp-json\/wp\/v2\/comments?post=255196"}],"wp:featuredmedia":[{"embeddable":true,"href":"https:\/\/www.moskito.cz\/en\/wp-json\/wp\/v2\/media\/255197"}],"wp:attachment":[{"href":"https:\/\/www.moskito.cz\/en\/wp-json\/wp\/v2\/media?parent=255196"}],"wp:term":[{"taxonomy":"pwb-brand","embeddable":true,"href":"https:\/\/www.moskito.cz\/en\/wp-json\/wp\/v2\/pwb-brand?post=255196"},{"taxonomy":"product_brand","embeddable":true,"href":"https:\/\/www.moskito.cz\/en\/wp-json\/wp\/v2\/product_brand?post=255196"},{"taxonomy":"product_cat","embeddable":true,"href":"https:\/\/www.moskito.cz\/en\/wp-json\/wp\/v2\/product_cat?post=255196"},{"taxonomy":"product_tag","embeddable":true,"href":"https:\/\/www.moskito.cz\/en\/wp-json\/wp\/v2\/product_tag?post=255196"}],"curies":[{"name":"wp","href":"https:\/\/api.w.org\/{rel}","templated":true}]}}