{"id":257413,"date":"2023-10-05T16:10:17","date_gmt":"2023-10-05T15:10:17","guid":{"rendered":"https:\/\/www.moskito.cz\/?post_type=product&#038;p=257413"},"modified":"2025-05-07T10:53:22","modified_gmt":"2025-05-07T09:53:22","slug":"sekera-cold-steel-competition-throwing-hatchet","status":"publish","type":"product","link":"https:\/\/www.moskito.cz\/en\/product\/sekera-cold-steel-competition-throwing-hatchet\/","title":{"rendered":"Sekera Cold Steel COMPETITION THROWING HATCHET"},"content":{"rendered":"<p>Sekera <strong>Cold Steel<\/strong> COMPETITION THROWING HATCHET<\/p>\n<p>Upravili jsme na\u0161i sekeru Axe Gang Hatchet, kterou v\u0161ichni zn\u00e1te a m\u00e1te r\u00e1di, aby spl\u0148ovala pravidla pro sout\u011b\u017en\u00ed h\u00e1zen\u00ed sekerou ve va\u0161\u00ed obl\u00edben\u00e9 lize.<\/p>\n<p>Hlava sekery je vyrobena z odoln\u00e9 uhl\u00edkov\u00e9 oceli 1055. Rukoje\u0165 je vyrobena z pevn\u00e9ho d\u0159eva americk\u00e9ho o\u0159echovce, kter\u00e9 se p\u0159\u00edjemn\u011b dr\u017e\u00ed v ruce.<\/p>\n<p>Materi\u00e1l rukojeti: D\u0159evo<br \/>\nMateri\u00e1l \u010depele: 1055<br \/>\nTyp sekery: vrhac\u00ed sekera<br \/>\nHmotnost: 817 g<br \/>\nCelkov\u00e1 d\u00e9lka: 40.6 cm<\/p>\n<p><iframe title=\"COLD STEEL PROFESSIONAL THROWING AXES WITH ASHLEY CHANGE\" width=\"800\" height=\"450\" src=\"https:\/\/www.youtube.com\/embed\/RlYFw_henCU?feature=oembed\" frameborder=\"0\" allow=\"accelerometer; autoplay; clipboard-write; encrypted-media; gyroscope; picture-in-picture; web-share\" allowfullscreen><\/iframe><\/p>\n<p>&nbsp;<\/p>\n<p>&nbsp;<\/p>\n","protected":false},"excerpt":{"rendered":"<p><strong>Vrhac\u00ed sekera, kter\u00e1 spl\u0148uje pravidla turnaje NATF a WATL.<\/strong><\/p>\n","protected":false},"featured_media":257414,"comment_status":"open","ping_status":"closed","template":"","meta":[],"pwb-brand":[211],"product_brand":[],"product_cat":[32],"product_tag":[3667],"class_list":{"0":"post-257413","1":"product","2":"type-product","3":"status-publish","4":"has-post-thumbnail","6":"pwb-brand-cold-steel","7":"product_cat-sekery","8":"product_tag-b2b","10":"first","11":"outofstock","12":"taxable","13":"shipping-taxable","14":"purchasable","15":"product-type-simple"},"brands":[{"id":211,"name":"Cold Steel","slug":"cold-steel"}],"_links":{"self":[{"href":"https:\/\/www.moskito.cz\/en\/wp-json\/wp\/v2\/product\/257413","targetHints":{"allow":["GET"]}}],"collection":[{"href":"https:\/\/www.moskito.cz\/en\/wp-json\/wp\/v2\/product"}],"about":[{"href":"https:\/\/www.moskito.cz\/en\/wp-json\/wp\/v2\/types\/product"}],"replies":[{"embeddable":true,"href":"https:\/\/www.moskito.cz\/en\/wp-json\/wp\/v2\/comments?post=257413"}],"wp:featuredmedia":[{"embeddable":true,"href":"https:\/\/www.moskito.cz\/en\/wp-json\/wp\/v2\/media\/257414"}],"wp:attachment":[{"href":"https:\/\/www.moskito.cz\/en\/wp-json\/wp\/v2\/media?parent=257413"}],"wp:term":[{"taxonomy":"pwb-brand","embeddable":true,"href":"https:\/\/www.moskito.cz\/en\/wp-json\/wp\/v2\/pwb-brand?post=257413"},{"taxonomy":"product_brand","embeddable":true,"href":"https:\/\/www.moskito.cz\/en\/wp-json\/wp\/v2\/product_brand?post=257413"},{"taxonomy":"product_cat","embeddable":true,"href":"https:\/\/www.moskito.cz\/en\/wp-json\/wp\/v2\/product_cat?post=257413"},{"taxonomy":"product_tag","embeddable":true,"href":"https:\/\/www.moskito.cz\/en\/wp-json\/wp\/v2\/product_tag?post=257413"}],"curies":[{"name":"wp","href":"https:\/\/api.w.org\/{rel}","templated":true}]}}