{"id":257483,"date":"2023-10-06T10:52:54","date_gmt":"2023-10-06T09:52:54","guid":{"rendered":"https:\/\/www.moskito.cz\/?post_type=product&#038;p=257483"},"modified":"2025-05-07T10:53:24","modified_gmt":"2025-05-07T09:53:24","slug":"sipky-cold-steel-bambusove-625-blowgun-darts-50-ks","status":"publish","type":"product","link":"https:\/\/www.moskito.cz\/en\/product\/sipky-cold-steel-bambusove-625-blowgun-darts-50-ks\/","title":{"rendered":"\u0160ipky Cold Steel bambusov\u00e9 .625 Blowgun Darts (50 ks)"},"content":{"rendered":"<p>\u0160ipky <strong>Cold Steel<\/strong> bambusov\u00e9 .625 Blowgun Darts (50 ks)<\/p>\n<p>\u0160ipky do fouka\u010dky .625 Blowgun, Bamboo Dart od firmy Cold Steel s ostr\u00fdm bambusov\u00fdm hrotem v balen\u00ed po 50 kusech. Bambusov\u00e9 \u0161ipky jsou tradi\u010dn\u00edm st\u0159elivem do fouka\u010dek. D\u00e9lka bambusov\u00e9ho hrotu je 276 mm.<\/p>\n<p>Barva: Hn\u011bd\u00e1\/Oran\u017eov\u00e1<br \/>\nCelkov\u00e1 velikost: 27.6 cm<br \/>\nV\u00e1ha: 0,8 g<\/p>\n","protected":false},"excerpt":{"rendered":"<p><strong>\u0160ipky do fouka\u010dky .625 Blowgun, Bamboo Dart od firmy Cold Steel s ostr\u00fdm bambusov\u00fdm hrotem v balen\u00ed po 50 kusech.<\/strong><\/p>\n","protected":false},"featured_media":257484,"comment_status":"open","ping_status":"closed","template":"","meta":[],"pwb-brand":[211],"product_brand":[],"product_cat":[22,17],"product_tag":[3667],"class_list":{"0":"post-257483","1":"product","2":"type-product","3":"status-publish","4":"has-post-thumbnail","6":"pwb-brand-cold-steel","7":"product_cat-zaviraci-noze","8":"product_cat-noze","9":"product_tag-b2b","11":"first","12":"outofstock","13":"taxable","14":"shipping-taxable","15":"purchasable","16":"product-type-simple"},"brands":[{"id":211,"name":"Cold Steel","slug":"cold-steel"}],"_links":{"self":[{"href":"https:\/\/www.moskito.cz\/en\/wp-json\/wp\/v2\/product\/257483","targetHints":{"allow":["GET"]}}],"collection":[{"href":"https:\/\/www.moskito.cz\/en\/wp-json\/wp\/v2\/product"}],"about":[{"href":"https:\/\/www.moskito.cz\/en\/wp-json\/wp\/v2\/types\/product"}],"replies":[{"embeddable":true,"href":"https:\/\/www.moskito.cz\/en\/wp-json\/wp\/v2\/comments?post=257483"}],"wp:featuredmedia":[{"embeddable":true,"href":"https:\/\/www.moskito.cz\/en\/wp-json\/wp\/v2\/media\/257484"}],"wp:attachment":[{"href":"https:\/\/www.moskito.cz\/en\/wp-json\/wp\/v2\/media?parent=257483"}],"wp:term":[{"taxonomy":"pwb-brand","embeddable":true,"href":"https:\/\/www.moskito.cz\/en\/wp-json\/wp\/v2\/pwb-brand?post=257483"},{"taxonomy":"product_brand","embeddable":true,"href":"https:\/\/www.moskito.cz\/en\/wp-json\/wp\/v2\/product_brand?post=257483"},{"taxonomy":"product_cat","embeddable":true,"href":"https:\/\/www.moskito.cz\/en\/wp-json\/wp\/v2\/product_cat?post=257483"},{"taxonomy":"product_tag","embeddable":true,"href":"https:\/\/www.moskito.cz\/en\/wp-json\/wp\/v2\/product_tag?post=257483"}],"curies":[{"name":"wp","href":"https:\/\/api.w.org\/{rel}","templated":true}]}}