{"id":258641,"date":"2023-10-25T10:15:58","date_gmt":"2023-10-25T09:15:58","guid":{"rendered":"https:\/\/www.moskito.cz\/?post_type=product&#038;p=258641"},"modified":"2025-05-07T10:53:47","modified_gmt":"2025-05-07T09:53:47","slug":"vystrelovaci-nuz-a-g-a-campolin-dominus-23cm","status":"publish","type":"product","link":"https:\/\/www.moskito.cz\/en\/product\/vystrelovaci-nuz-a-g-a-campolin-dominus-23cm\/","title":{"rendered":"Vyst\u0159elovac\u00ed N\u016f\u017e A.G.A. Campolin Dominus 23cm"},"content":{"rendered":"<p>Vyst\u0159elovac\u00ed N\u016f\u017e <strong>A.G.A. Campolin<\/strong> Dominus 23cm<\/p>\n<p>Tento automatick\u00fd n\u016f\u017e se naz\u00fdv\u00e1 \u201eDominus\u201c, co\u017e znamen\u00e1 \u201eP\u00e1n\u201c. Zcela nov\u00fd vyst\u0159elovac\u00ed n\u016f\u017e od AGA Campolina z Maniaga, It\u00e1lie. M\u00e1 niklov\u011b st\u0159\u00edbrn\u00e9 konce s tvarem malt\u00e9zsk\u00e9ho k\u0159\u00ed\u017ee a p\u00e1ku pro otev\u0159en\u00ed a uvoln\u011bn\u00ed mechanismu. Kulat\u00fd bajonetov\u00fd brus a vlo\u017eky jsou vyrobeny z oceli 440A. Kvalita tohoto no\u017ee je \u00fa\u017easn\u00e1. Dod\u00e1v\u00e1 se s pap\u00edrovou krabi\u010dkou.<br \/>\nPozn\u00e1mka: Jeliko\u017e se jedn\u00e1 o p\u0159\u00edrodn\u00ed materi\u00e1l, barva, textura a vzor se budou n\u016f\u017e od no\u017ee li\u0161it.<\/p>\n<p>Celkov\u00e1 d\u00e9lka: 23cm<br \/>\nD\u00e9lka \u010depele: 10cm<br \/>\nTlou\u0161\u0165ka \u010depele: 2,7 mm<br \/>\nHmotnost: 139 g &#8211; 4,9 oz<br \/>\nMateri\u00e1l \u010depele: Nerezov\u00e1 ocel 440 A<br \/>\nMateri\u00e1l rukojeti: Santos Wood<br \/>\nVyrobeno v It\u00e1lii<\/p>\n<p>&nbsp;<\/p>\n","protected":false},"excerpt":{"rendered":"<p><strong>Tento automatick\u00fd n\u016f\u017e se naz\u00fdv\u00e1 \u201eDominus\u201c, co\u017e znamen\u00e1 \u201eP\u00e1n\u201c.<\/strong><\/p>\n","protected":false},"featured_media":258642,"comment_status":"open","ping_status":"closed","template":"","meta":[],"pwb-brand":[3245],"product_brand":[],"product_cat":[2019,17],"product_tag":[],"class_list":{"0":"post-258641","1":"product","2":"type-product","3":"status-publish","4":"has-post-thumbnail","6":"pwb-brand-a-g-a-campolin","7":"product_cat-vystrelovaci-noze","8":"product_cat-noze","10":"first","11":"outofstock","12":"taxable","13":"shipping-taxable","14":"purchasable","15":"product-type-simple"},"brands":[{"id":3245,"name":"A.G.A. CAMPOLIN","slug":"a-g-a-campolin"}],"_links":{"self":[{"href":"https:\/\/www.moskito.cz\/en\/wp-json\/wp\/v2\/product\/258641","targetHints":{"allow":["GET"]}}],"collection":[{"href":"https:\/\/www.moskito.cz\/en\/wp-json\/wp\/v2\/product"}],"about":[{"href":"https:\/\/www.moskito.cz\/en\/wp-json\/wp\/v2\/types\/product"}],"replies":[{"embeddable":true,"href":"https:\/\/www.moskito.cz\/en\/wp-json\/wp\/v2\/comments?post=258641"}],"wp:featuredmedia":[{"embeddable":true,"href":"https:\/\/www.moskito.cz\/en\/wp-json\/wp\/v2\/media\/258642"}],"wp:attachment":[{"href":"https:\/\/www.moskito.cz\/en\/wp-json\/wp\/v2\/media?parent=258641"}],"wp:term":[{"taxonomy":"pwb-brand","embeddable":true,"href":"https:\/\/www.moskito.cz\/en\/wp-json\/wp\/v2\/pwb-brand?post=258641"},{"taxonomy":"product_brand","embeddable":true,"href":"https:\/\/www.moskito.cz\/en\/wp-json\/wp\/v2\/product_brand?post=258641"},{"taxonomy":"product_cat","embeddable":true,"href":"https:\/\/www.moskito.cz\/en\/wp-json\/wp\/v2\/product_cat?post=258641"},{"taxonomy":"product_tag","embeddable":true,"href":"https:\/\/www.moskito.cz\/en\/wp-json\/wp\/v2\/product_tag?post=258641"}],"curies":[{"name":"wp","href":"https:\/\/api.w.org\/{rel}","templated":true}]}}