{"id":263696,"date":"2024-01-18T08:56:46","date_gmt":"2024-01-18T07:56:46","guid":{"rendered":"https:\/\/www.moskito.cz\/?post_type=product&#038;p=263696"},"modified":"2025-05-07T10:55:04","modified_gmt":"2025-05-07T09:55:04","slug":"polni-lopatka-sog-entrenching-tool-sog-f08-n","status":"publish","type":"product","link":"https:\/\/www.moskito.cz\/en\/product\/polni-lopatka-sog-entrenching-tool-sog-f08-n\/","title":{"rendered":"Poln\u00ed Lopatka SOG ENTRENCHING TOOL SOG-F08-N"},"content":{"rendered":"<p>Poln\u00ed Lopatka <strong>SOG<\/strong> ENTRENCHING TOOL SOG-F08-N<\/p>\n<p>SOG Entrenching Tool F08-N je v\u0161estrann\u00fd n\u00e1stroj. D\u00e1 se pou\u017e\u00edt jako lopatka nebo krump\u00e1\u010d. N\u00e1\u0159ad\u00ed m\u00e1 ve slo\u017een\u00e9m stavu d\u00e9lku pouh\u00fdch 18,5 cm. Ide\u00e1ln\u00ed k tomu, abyste si ho mohli vz\u00edt sebou na v\u00fdlet do p\u0159\u00edrody. Troj\u00faheln\u00edkov\u00e1 rukoje\u0165 nab\u00edz\u00ed pevn\u00e9 uchopen\u00ed. Je kompletn\u011b vyroben z uhl\u00edkov\u00e9 oceli. Tato ocel sice nen\u00ed odoln\u00e1 v\u016f\u010di korozi, na\u0161t\u011bst\u00ed je materi\u00e1l vylep\u0161en \u010dern\u00fdm n\u00e1t\u011brem, tak\u017ee \u00fadr\u017eba lopatky je opravdu snadn\u00e1.<\/p>\n<p>Aby byl n\u00e1stroj p\u0159ipraven k pr\u00e1ci, rozev\u0159ete rukoje\u0165 a \u010depel. Potom oto\u010dte z\u00e1padku, abyste zajistili rukoje\u0165 a \u010depel. \u010cepel m\u00e1 na jedn\u00e9 stran\u011b zoubkov\u00e1n\u00ed, kter\u00e9 v\u00e1m umo\u017en\u00ed \u0159ezat d\u0159evo. Chcete pou\u017e\u00edt krump\u00e1\u010d? Uvoln\u011bte z\u00e1padku a sklopte \u010depel, vyklopte krump\u00e1\u010d a uzamkn\u011bte jej oto\u010den\u00edm z\u00e1padky. P\u0159ilo\u017een\u00e9 kompaktn\u00ed nylonov\u00e9 pouzdro s poutkem na opasek je velmi praktick\u00e9. Tato v\u0161estrann\u00e1 pom\u016fcka by nem\u011bla chyb\u011bt v batohu ka\u017ed\u00e9ho nad\u0161ence outdooru, survivalu a kempu.<\/p>\n<p>Celkov\u00e1 d\u00e9lka: 46 cm<br \/>\nD\u00e9lka ve slo\u017een\u00e9m stavu: 18,5 cm<br \/>\nHmotnost: 695 g<\/p>\n","protected":false},"excerpt":{"rendered":"<p><strong>SOG Entrenching Tool F08-N je v\u0161estrann\u00fd n\u00e1stroj.<\/strong><\/p>\n","protected":false},"featured_media":263697,"comment_status":"open","ping_status":"closed","template":"","meta":[],"pwb-brand":[591],"product_brand":[],"product_cat":[22,17],"product_tag":[3667],"class_list":{"0":"post-263696","1":"product","2":"type-product","3":"status-publish","4":"has-post-thumbnail","6":"pwb-brand-sog","7":"product_cat-zaviraci-noze","8":"product_cat-noze","9":"product_tag-b2b","11":"first","12":"outofstock","13":"taxable","14":"shipping-taxable","15":"purchasable","16":"product-type-simple"},"brands":[{"id":591,"name":"SOG","slug":"sog"}],"_links":{"self":[{"href":"https:\/\/www.moskito.cz\/en\/wp-json\/wp\/v2\/product\/263696","targetHints":{"allow":["GET"]}}],"collection":[{"href":"https:\/\/www.moskito.cz\/en\/wp-json\/wp\/v2\/product"}],"about":[{"href":"https:\/\/www.moskito.cz\/en\/wp-json\/wp\/v2\/types\/product"}],"replies":[{"embeddable":true,"href":"https:\/\/www.moskito.cz\/en\/wp-json\/wp\/v2\/comments?post=263696"}],"wp:featuredmedia":[{"embeddable":true,"href":"https:\/\/www.moskito.cz\/en\/wp-json\/wp\/v2\/media\/263697"}],"wp:attachment":[{"href":"https:\/\/www.moskito.cz\/en\/wp-json\/wp\/v2\/media?parent=263696"}],"wp:term":[{"taxonomy":"pwb-brand","embeddable":true,"href":"https:\/\/www.moskito.cz\/en\/wp-json\/wp\/v2\/pwb-brand?post=263696"},{"taxonomy":"product_brand","embeddable":true,"href":"https:\/\/www.moskito.cz\/en\/wp-json\/wp\/v2\/product_brand?post=263696"},{"taxonomy":"product_cat","embeddable":true,"href":"https:\/\/www.moskito.cz\/en\/wp-json\/wp\/v2\/product_cat?post=263696"},{"taxonomy":"product_tag","embeddable":true,"href":"https:\/\/www.moskito.cz\/en\/wp-json\/wp\/v2\/product_tag?post=263696"}],"curies":[{"name":"wp","href":"https:\/\/api.w.org\/{rel}","templated":true}]}}