{"id":263725,"date":"2024-01-18T10:03:55","date_gmt":"2024-01-18T09:03:55","guid":{"rendered":"https:\/\/www.moskito.cz\/?post_type=product&#038;p=263725"},"modified":"2025-05-07T10:55:05","modified_gmt":"2025-05-07T09:55:05","slug":"zaviraci-nuz-kershaw-thistle-blister","status":"publish","type":"product","link":"https:\/\/www.moskito.cz\/en\/product\/zaviraci-nuz-kershaw-thistle-blister\/","title":{"rendered":"Zav\u00edrac\u00ed N\u016f\u017e Kershaw Thistle (blister)"},"content":{"rendered":"<p>Zav\u00edrac\u00ed N\u016f\u017e <strong>Kershaw<\/strong> Thistle (blister)<\/p>\n<p>Thistle nab\u00edz\u00ed extra \u0161irokou \u010depel, ergonomickou rukoje\u0165, kter\u00e1 je zak\u0159iven\u00e1 tak, aby se perfektn\u011b p\u0159izp\u016fsobila kontur\u00e1m ruky s na\u0161\u00ed pojistkou pomoc\u00ed tla\u010d\u00edtka.<\/p>\n<p>Velk\u00e1 \u010depel Thistle se zapu\u0161t\u011bnou \u0161pi\u010dkou poskytuje vynikaj\u00edc\u00ed mo\u017enosti kr\u00e1jen\u00ed a zvl\u00e1d\u00e1 \u0161irokou \u0161k\u00e1lu \u0159ezn\u00fdch \u00fakol\u016f, d\u00edky \u010demu\u017e je n\u016f\u017e perfektn\u00ed pro pr\u00e1ci nebo ka\u017edodenn\u00ed no\u0161en\u00ed. Kvalitn\u00ed \u010depel z nerezov\u00e9 oceli nab\u00edz\u00ed dobr\u00e9 schopnosti dr\u017een\u00ed ost\u0159\u00ed a pevnost. \u00da\u010delov\u011b zdrsn\u011bn\u00fd, kamenn\u00fd povrch skryje \u0161kr\u00e1bance.<\/p>\n<p>Zak\u0159iven\u00e1 rukoje\u0165 poskytuje p\u00e1kov\u00fd efekt p\u0159i \u0159ez\u00e1n\u00ed a z\u00e1rove\u0148 nab\u00edz\u00ed extr\u00e9mn\u011b pohodln\u00e9 uchopen\u00ed no\u017ee. Pro dal\u0161\u00ed zlep\u0161en\u00ed \u00fachopu je rukoje\u0165 Thistle vyra\u017eena exkluzivn\u00ed K-Texture\u2122 od Kershaw. K-Texture poskytuje dal\u0161\u00ed p\u0159ilnavost pro spolehliv\u00e9 \u0159ez\u00e1n\u00ed v r\u016fzn\u00fdch podm\u00ednk\u00e1ch prost\u0159ed\u00ed.<\/p>\n<p>Na stran\u011b t\u00e9to rukojeti je uvol\u0148ovac\u00ed tla\u010d\u00edtko z\u00e1mku Thistle. D\u00edky tomu je snaz\u0161\u00ed ne\u017e kdy jindy uvolnit zabezpe\u010den\u00fd z\u00e1mek vlo\u017eky Thistle a zav\u0159\u00edt n\u016f\u017e. Sta\u010d\u00ed stisknout tla\u010d\u00edtko. Z\u00e1mek vlo\u017eky se uvoln\u00ed a u\u017eivatel m\u016f\u017ee \u010depel slo\u017eit a p\u0159itom dr\u017eet prsty mimo cestu zav\u00edrac\u00ed \u010depele.<\/p>\n<p>Thistle je ru\u010dn\u00ed otv\u00edrac\u00ed n\u016f\u017e a lze jej otev\u0159\u00edt pomoc\u00ed praktick\u00e9ho knofl\u00edku. Pro pohodln\u00e9 no\u0161en\u00ed v kapse m\u00e1 Thistle tak\u00e9 oboustrann\u00fd (lev\u00fd\/prav\u00fd) kapesn\u00ed klip.<br \/>\nFunkce<\/p>\n<p>Manu\u00e1ln\u00ed &#8211; K otev\u0159en\u00ed zav\u00edrac\u00edho no\u017ee nen\u00ed pou\u017eita \u017e\u00e1dn\u00e1 mechanick\u00e1 pomoc, jako je SpeedSafe. Otev\u00edr\u00e1 klasickou, oldschoolovou cestu.<br \/>\nLiner Lock &#8211; Blokuje \u010depel v otev\u0159en\u00e9m stavu b\u011bhem pou\u017e\u00edv\u00e1n\u00ed; jedna strana ocelov\u00e9 \u201evlo\u017eky\u201c, ocelov\u00e9ho pl\u00e1tu, ke kter\u00e9mu jsou p\u0159ipevn\u011bny v\u00e1hy rukojeti, se p\u0159esune do polohy za \u010depel, aby bylo bezpe\u010dn\u011b zaji\u0161t\u011bno otev\u0159en\u00ed.<br \/>\nPush-Button Lock &#8211; Nach\u00e1z\u00ed se na skl\u00e1dac\u00ed pile Kershaw, b\u011bhem pou\u017e\u00edv\u00e1n\u00ed uzamkne \u010depel v otev\u0159en\u00e9 poloze a pot\u00e9 se uvoln\u00ed stisknut\u00edm tla\u010d\u00edtka pro ulo\u017een\u00ed.<br \/>\nOboustrann\u00e9 &#8211; P\u0159edvrtan\u00e9 otvory v rukojeti umo\u017e\u0148uj\u00ed u\u017eivateli zm\u011bnit polohu hrotu nebo stranu, na kter\u00e9 n\u016f\u017e nese.<\/p>\n<p>&nbsp;<\/p>\n<p>Ocel: 8Cr13MoV<br \/>\nRukoje\u0165: vyztu\u017een\u00fd nylon (GFN)<br \/>\nCelkov\u00e1 d\u00e9lka no\u017ee: 19,3 cm<br \/>\nD\u00e9lka \u010depele: 8,6 cm<br \/>\nKlips<\/p>\n<p><iframe title=\"Kershaw 3812 - Thistle\" width=\"800\" height=\"450\" src=\"https:\/\/www.youtube.com\/embed\/sSu6mUe0GXQ?feature=oembed\" frameborder=\"0\" allow=\"accelerometer; autoplay; clipboard-write; encrypted-media; gyroscope; picture-in-picture; web-share\" allowfullscreen><\/iframe><\/p>\n<p>&nbsp;<\/p>\n","protected":false},"excerpt":{"rendered":"<p><strong>Thistle nab\u00edz\u00ed extra \u0161irokou \u010depel, ergonomickou rukoje\u0165, kter\u00e1 je zak\u0159iven\u00e1 tak, aby se perfektn\u011b p\u0159izp\u016fsobila kontur\u00e1m ruky s na\u0161\u00ed pojistkou pomoc\u00ed tla\u010d\u00edtka.<\/strong><\/p>\n","protected":false},"featured_media":263729,"comment_status":"open","ping_status":"closed","template":"","meta":[],"pwb-brand":[385],"product_brand":[],"product_cat":[22,17],"product_tag":[],"class_list":{"0":"post-263725","1":"product","2":"type-product","3":"status-publish","4":"has-post-thumbnail","6":"pwb-brand-kershaw","7":"product_cat-zaviraci-noze","8":"product_cat-noze","10":"first","11":"instock","12":"taxable","13":"shipping-taxable","14":"purchasable","15":"product-type-simple"},"brands":[{"id":385,"name":"Kershaw","slug":"kershaw"}],"_links":{"self":[{"href":"https:\/\/www.moskito.cz\/en\/wp-json\/wp\/v2\/product\/263725","targetHints":{"allow":["GET"]}}],"collection":[{"href":"https:\/\/www.moskito.cz\/en\/wp-json\/wp\/v2\/product"}],"about":[{"href":"https:\/\/www.moskito.cz\/en\/wp-json\/wp\/v2\/types\/product"}],"replies":[{"embeddable":true,"href":"https:\/\/www.moskito.cz\/en\/wp-json\/wp\/v2\/comments?post=263725"}],"wp:featuredmedia":[{"embeddable":true,"href":"https:\/\/www.moskito.cz\/en\/wp-json\/wp\/v2\/media\/263729"}],"wp:attachment":[{"href":"https:\/\/www.moskito.cz\/en\/wp-json\/wp\/v2\/media?parent=263725"}],"wp:term":[{"taxonomy":"pwb-brand","embeddable":true,"href":"https:\/\/www.moskito.cz\/en\/wp-json\/wp\/v2\/pwb-brand?post=263725"},{"taxonomy":"product_brand","embeddable":true,"href":"https:\/\/www.moskito.cz\/en\/wp-json\/wp\/v2\/product_brand?post=263725"},{"taxonomy":"product_cat","embeddable":true,"href":"https:\/\/www.moskito.cz\/en\/wp-json\/wp\/v2\/product_cat?post=263725"},{"taxonomy":"product_tag","embeddable":true,"href":"https:\/\/www.moskito.cz\/en\/wp-json\/wp\/v2\/product_tag?post=263725"}],"curies":[{"name":"wp","href":"https:\/\/api.w.org\/{rel}","templated":true}]}}