{"id":307500,"date":"2019-11-15T19:45:28","date_gmt":"2024-02-06T10:57:35","guid":{"rendered":"https:\/\/www.moskito.cz\/produkt\/closing-damascus-knife-mcusta-2\/"},"modified":"2025-07-11T07:50:18","modified_gmt":"2025-07-11T06:50:18","slug":"closing-damascus-knife-mcusta-2","status":"publish","type":"product","link":"https:\/\/www.moskito.cz\/en\/product\/closing-damascus-knife-mcusta-2\/","title":{"rendered":"Closing Damascus Knife Mcusta"},"content":{"rendered":"<p>Closing Damascus Knife <strong>Mcusta<\/strong> .<\/p>\n<p>Mcusta knives come from the Japanese city of Seki. You will find several of their products in our offer.<\/p>\n<p>Mcusta knives are a symbol of originality, top-quality workmanship and perfect design.<\/p>\n<p>They are produced in the city of Seki, which has been a town since the 13th century. century considered the center of knife production. With abundant mineral resources, it became an ideal place that attracted Master Motoshige. Over the centuries, the techniques and skills of master blacksmiths have been passed down from generation to generation and constantly improved. The city of Seki is an important center to this day. Mcusta knives are the pinnacle of traditional Japanese production and modern high technology. They are not manufactured like most mass-produced knives. Before production itself, prototypes are designed, which are carefully tested and practically tested.<\/p>\n<p>Knives are designed to match the needs, taste and style of customers as much as possible.<\/p>\n<p>Mcusta MCU093D Folding Knife \u2013 This knife comes with a belt holster.<\/p>\n<pre id=\"tw-target-text\" class=\"tw-data-text tw-text-large tw-ta\" dir=\"ltr\" data-placeholder=\"P\u0159eklad\"><span lang=\"cs\" tabindex=\"0\">Typ: skl\u00e1dac\u00ed n\u016f\u017e\n    Ocel: VG10 Dama\u0161ek\n    D\u00e9lka \u010depele: 70 mm\n    Rukoje\u0165: Crest Tsuru (Crane)\n    D\u00e9lka rukojeti: 90m<\/span><\/pre>\n","protected":false},"excerpt":{"rendered":"<p>Closing knife.<\/p>\n","protected":false},"featured_media":190035,"comment_status":"open","ping_status":"closed","template":"","meta":[],"pwb-brand":[3560],"product_brand":[],"product_cat":[3159,3157],"product_tag":[],"class_list":{"0":"post-307500","1":"product","2":"type-product","3":"status-publish","4":"has-post-thumbnail","6":"pwb-brand-mcusta-en","7":"product_cat-damascene-knives","8":"product_cat-knives","10":"first","11":"outofstock","12":"taxable","13":"shipping-taxable","14":"purchasable","15":"product-type-simple"},"brands":[{"id":3560,"name":"Mcusta","slug":"mcusta-en"}],"_links":{"self":[{"href":"https:\/\/www.moskito.cz\/en\/wp-json\/wp\/v2\/product\/307500","targetHints":{"allow":["GET"]}}],"collection":[{"href":"https:\/\/www.moskito.cz\/en\/wp-json\/wp\/v2\/product"}],"about":[{"href":"https:\/\/www.moskito.cz\/en\/wp-json\/wp\/v2\/types\/product"}],"replies":[{"embeddable":true,"href":"https:\/\/www.moskito.cz\/en\/wp-json\/wp\/v2\/comments?post=307500"}],"wp:featuredmedia":[{"embeddable":true,"href":"https:\/\/www.moskito.cz\/en\/wp-json\/wp\/v2\/media\/190035"}],"wp:attachment":[{"href":"https:\/\/www.moskito.cz\/en\/wp-json\/wp\/v2\/media?parent=307500"}],"wp:term":[{"taxonomy":"pwb-brand","embeddable":true,"href":"https:\/\/www.moskito.cz\/en\/wp-json\/wp\/v2\/pwb-brand?post=307500"},{"taxonomy":"product_brand","embeddable":true,"href":"https:\/\/www.moskito.cz\/en\/wp-json\/wp\/v2\/product_brand?post=307500"},{"taxonomy":"product_cat","embeddable":true,"href":"https:\/\/www.moskito.cz\/en\/wp-json\/wp\/v2\/product_cat?post=307500"},{"taxonomy":"product_tag","embeddable":true,"href":"https:\/\/www.moskito.cz\/en\/wp-json\/wp\/v2\/product_tag?post=307500"}],"curies":[{"name":"wp","href":"https:\/\/api.w.org\/{rel}","templated":true}]}}