{"id":307538,"date":"2020-01-09T14:21:15","date_gmt":"2024-02-06T10:57:50","guid":{"rendered":"https:\/\/www.moskito.cz\/produkt\/solid-damascus-knife-mcusta\/"},"modified":"2025-07-11T07:50:24","modified_gmt":"2025-07-11T06:50:24","slug":"solid-damascus-knife-mcusta","status":"publish","type":"product","link":"https:\/\/www.moskito.cz\/en\/product\/solid-damascus-knife-mcusta\/","title":{"rendered":"Solid Damascus Knife Mcusta"},"content":{"rendered":"<p>Solid Damascus Knife <strong>Mcusta<\/strong> .<\/p>\n<p><span class=\"tlid-translation translation\" lang=\"cs\"><span class=\"\" title=\"\">The MC-6 series is Mcusta&#8217;s first fixed blade.<\/span> <span class=\"\" title=\"\">It is an all-purpose slim, featherweight all-purpose knife suitable for trout and bird hunters.<\/span> <span class=\"\" title=\"\">The blade and handle are made from a single piece of VG-10 core forged from 33 layer nickel Damascus stainless steel.<\/span> <span class=\"\" title=\"\">The handle is lined with oyster plates.<\/span> <span class=\"\" title=\"\">Each knife has a black leather sheath.<\/span><\/span><\/p>\n<pre class=\"tw-data-text tw-text-large tw-ta\" dir=\"ltr\" data-placeholder=\"P\u0159eklad\"><span lang=\"cs\" tabindex=\"0\"><span class=\"tlid-translation translation\" lang=\"cs\"><span class=\"\" title=\"\">Tvrdost (HRc): 60-62<\/span>\n<span title=\"\">Hmotnost (g): 49<\/span>\n<span class=\"\" title=\"\">D\u00e9lka \u010depele mm: 80<\/span>\n<span class=\"\" title=\"\">Materi\u00e1l \u010depele: VG-10 + Dama\u0161ek<\/span>\n<span class=\"\" title=\"\">V\u00fdrobce: Mcusta Japan<\/span><\/span>\n<\/span><\/pre>\n<p>Mcusta knives come from the Japanese city of Seki. You will find several of their products in our offer.<\/p>\n<p>Mcusta knives are a symbol of originality, top-quality workmanship and perfect design.<\/p>\n<p>They are produced in the city of Seki, which has been a town since the 13th century. century considered the center of knife production. With abundant mineral resources, it became an ideal place that attracted Master Motoshige. Over the centuries, the techniques and skills of master blacksmiths have been passed down from generation to generation and constantly improved. The city of Seki is an important center to this day. Mcusta knives are the pinnacle of traditional Japanese production and modern high technology. They are not manufactured like most mass-produced knives. Before production itself, prototypes are designed, which are carefully tested and practically tested.<\/p>\n<p>Knives are designed to match the needs, taste and style of customers as much as possible.<\/p>\n","protected":false},"excerpt":{"rendered":"<p>Fixed knife with sheath.<\/p>\n","protected":false},"featured_media":190023,"comment_status":"open","ping_status":"closed","template":"","meta":[],"pwb-brand":[3560],"product_brand":[],"product_cat":[3159,3157],"product_tag":[],"class_list":{"0":"post-307538","1":"product","2":"type-product","3":"status-publish","4":"has-post-thumbnail","6":"pwb-brand-mcusta-en","7":"product_cat-damascene-knives","8":"product_cat-knives","10":"first","11":"instock","12":"taxable","13":"shipping-taxable","14":"purchasable","15":"product-type-simple"},"brands":[{"id":3560,"name":"Mcusta","slug":"mcusta-en"}],"_links":{"self":[{"href":"https:\/\/www.moskito.cz\/en\/wp-json\/wp\/v2\/product\/307538","targetHints":{"allow":["GET"]}}],"collection":[{"href":"https:\/\/www.moskito.cz\/en\/wp-json\/wp\/v2\/product"}],"about":[{"href":"https:\/\/www.moskito.cz\/en\/wp-json\/wp\/v2\/types\/product"}],"replies":[{"embeddable":true,"href":"https:\/\/www.moskito.cz\/en\/wp-json\/wp\/v2\/comments?post=307538"}],"wp:featuredmedia":[{"embeddable":true,"href":"https:\/\/www.moskito.cz\/en\/wp-json\/wp\/v2\/media\/190023"}],"wp:attachment":[{"href":"https:\/\/www.moskito.cz\/en\/wp-json\/wp\/v2\/media?parent=307538"}],"wp:term":[{"taxonomy":"pwb-brand","embeddable":true,"href":"https:\/\/www.moskito.cz\/en\/wp-json\/wp\/v2\/pwb-brand?post=307538"},{"taxonomy":"product_brand","embeddable":true,"href":"https:\/\/www.moskito.cz\/en\/wp-json\/wp\/v2\/product_brand?post=307538"},{"taxonomy":"product_cat","embeddable":true,"href":"https:\/\/www.moskito.cz\/en\/wp-json\/wp\/v2\/product_cat?post=307538"},{"taxonomy":"product_tag","embeddable":true,"href":"https:\/\/www.moskito.cz\/en\/wp-json\/wp\/v2\/product_tag?post=307538"}],"curies":[{"name":"wp","href":"https:\/\/api.w.org\/{rel}","templated":true}]}}