{"id":344501,"date":"2024-06-14T10:13:49","date_gmt":"2024-06-14T09:16:16","guid":{"rendered":"https:\/\/www.moskito.cz\/produkt\/ax-throwing-set-cold-steel-silver-3-pack-with-sheath\/"},"modified":"2025-05-07T11:17:14","modified_gmt":"2025-05-07T10:17:14","slug":"ax-throwing-set-cold-steel-silver-3-pack-with-sheath","status":"publish","type":"product","link":"https:\/\/www.moskito.cz\/en\/product\/ax-throwing-set-cold-steel-silver-3-pack-with-sheath\/","title":{"rendered":"Ax Throwing Set Cold Steel SILVER 3 PACK WITH SHEATH"},"content":{"rendered":"<p>Ax Throwing Set <strong>Cold Steel<\/strong> SILVER 3 PACK WITH SHEATH.<\/p>\n<p>Take target throwing to the next level with this set of three throwing axes. These one-piece steel axes are designed specifically for target throwing. Made of strong 420SS steel and housed in a comfortable nylon case. Challenge your friends for backyard supremacy!<\/p>\n<p>Blade length: 11.2 cm<\/p>\n<p>Total length: 24 cm<\/p>\n<p>Steel blades: 420SS<\/p>\n<p>Sheath: Nylon<\/p>\n<div class=\"detaillist-row\">\n<div class=\"detaillist-row-name\">Weight: 253 g<\/div>\n<\/div>\n<pre id=\"tw-target-text\" class=\"tw-data-text tw-text-large tw-ta\" dir=\"ltr\" data-placeholder=\"P\u0159eklad\" aria-label=\"P\u0159elo\u017een\u00fd text\" data-ved=\"2ahUKEwjYueubx9qGAxV__gIHHVN4C40Q3ewLegQICBAT\"><span class=\"Y2IQFc\" lang=\"cs\"> <\/span><\/pre>\n","protected":false},"excerpt":{"rendered":"<p><strong>Take target throwing to the next level with this set of three throwing axes.<\/strong><\/p>\n","protected":false},"featured_media":344468,"comment_status":"open","ping_status":"closed","template":"","meta":[],"pwb-brand":[3540],"product_brand":[],"product_cat":[3157,3161],"product_tag":[3670],"class_list":{"0":"post-344501","1":"product","2":"type-product","3":"status-publish","4":"has-post-thumbnail","6":"pwb-brand-cold-steel-en","7":"product_cat-knives","8":"product_cat-throwing-knives","9":"product_tag-b2b-en","11":"first","12":"instock","13":"taxable","14":"shipping-taxable","15":"purchasable","16":"product-type-simple"},"brands":[{"id":3540,"name":"Cold Steel","slug":"cold-steel-en"}],"_links":{"self":[{"href":"https:\/\/www.moskito.cz\/en\/wp-json\/wp\/v2\/product\/344501","targetHints":{"allow":["GET"]}}],"collection":[{"href":"https:\/\/www.moskito.cz\/en\/wp-json\/wp\/v2\/product"}],"about":[{"href":"https:\/\/www.moskito.cz\/en\/wp-json\/wp\/v2\/types\/product"}],"replies":[{"embeddable":true,"href":"https:\/\/www.moskito.cz\/en\/wp-json\/wp\/v2\/comments?post=344501"}],"wp:featuredmedia":[{"embeddable":true,"href":"https:\/\/www.moskito.cz\/en\/wp-json\/wp\/v2\/media\/344468"}],"wp:attachment":[{"href":"https:\/\/www.moskito.cz\/en\/wp-json\/wp\/v2\/media?parent=344501"}],"wp:term":[{"taxonomy":"pwb-brand","embeddable":true,"href":"https:\/\/www.moskito.cz\/en\/wp-json\/wp\/v2\/pwb-brand?post=344501"},{"taxonomy":"product_brand","embeddable":true,"href":"https:\/\/www.moskito.cz\/en\/wp-json\/wp\/v2\/product_brand?post=344501"},{"taxonomy":"product_cat","embeddable":true,"href":"https:\/\/www.moskito.cz\/en\/wp-json\/wp\/v2\/product_cat?post=344501"},{"taxonomy":"product_tag","embeddable":true,"href":"https:\/\/www.moskito.cz\/en\/wp-json\/wp\/v2\/product_tag?post=344501"}],"curies":[{"name":"wp","href":"https:\/\/api.w.org\/{rel}","templated":true}]}}