{"id":359146,"date":"2024-09-11T12:42:41","date_gmt":"2024-09-11T11:42:41","guid":{"rendered":"https:\/\/www.moskito.cz\/produkt\/multitool-leatherman-green-topo\/"},"modified":"2025-05-07T11:24:05","modified_gmt":"2025-05-07T10:24:05","slug":"multitool-leatherman-green-topo","status":"publish","type":"product","link":"https:\/\/www.moskito.cz\/en\/product\/multitool-leatherman-green-topo\/","title":{"rendered":"Multitool Leatherman GREEN TOPO"},"content":{"rendered":"<p>Multitool <strong>Leatherman<\/strong> GREEN TOPO. It is not difficult to get into a situation where life is literally at stake. Just get lost in the forest, get lost anywhere in nature. Any help will be appreciated at that time. <strong>Leatherman SIGNAL<\/strong> brings exactly nineteen of them. The nineteen tools of the new <strong>SIGNAL<\/strong> outdoor special, which will help you not only in times of emergency, include a flint with a diamond trigger, with which you can start a fire very easily, a signal whistle for communicating with the surroundings, a carabiner for suspension, but also a knife with a combined blade, a hammer , an awl, a set of openers and screwdrivers and, of course, traditional multi-function pliers. The attractive green-black body with contour lines on the blade hides a possible life saver, which should not surprise you anymore. The package contains: multitool, NYLON LARGE case, 100% original sticker, instructions. https:\/\/www.youtube.com\/watch?v=WwJdQJJPVmU         &nbsp;<\/p>\n","protected":false},"excerpt":{"rendered":"<div id=\"tw-target-text-container\" class=\"tw-ta-container F0azHf tw-nfl\" tabindex=\"0\">\n<p><strong>We are proud to stand behind every product that leaves our factory in Portland, Oregon. That&#8217;s why we offer our 25-year warranty, so you can be sure your Leatherman will last a lifetime. <\/strong><\/p>\n<p><strong>Free transport.<\/strong><\/p>\n<pre id=\"tw-target-text\" class=\"tw-data-text tw-text-large tw-ta\" dir=\"ltr\" data-placeholder=\"P\u0159eklad\" aria-label=\"P\u0159elo\u017een\u00fd text\" data-ved=\"2ahUKEwjohPmwyLqIAxXLgv0HHQnQCWQQ3ewLegQICBAT\"><span class=\"Y2IQFc\" lang=\"cs\"> <\/span><\/pre>\n<\/div>\n<div id=\"tw-target-rmn-container\" class=\"tw-target-rmn tw-ta-container F0azHf tw-nfl\">\n<pre id=\"tw-target-rmn\" class=\"tw-data-placeholder tw-text-small tw-ta\" dir=\"ltr\" data-placeholder=\"\"><\/pre>\n<\/div>\n","protected":false},"featured_media":358984,"comment_status":"open","ping_status":"closed","template":"","meta":[],"pwb-brand":[3485],"product_brand":[],"product_cat":[3158],"product_tag":[],"class_list":{"0":"post-359146","1":"product","2":"type-product","3":"status-publish","4":"has-post-thumbnail","6":"pwb-brand-leatherman-en","7":"product_cat-multitool","9":"first","10":"instock","11":"taxable","12":"shipping-taxable","13":"purchasable","14":"product-type-simple"},"brands":[{"id":3485,"name":"Leatherman","slug":"leatherman-en"}],"_links":{"self":[{"href":"https:\/\/www.moskito.cz\/en\/wp-json\/wp\/v2\/product\/359146","targetHints":{"allow":["GET"]}}],"collection":[{"href":"https:\/\/www.moskito.cz\/en\/wp-json\/wp\/v2\/product"}],"about":[{"href":"https:\/\/www.moskito.cz\/en\/wp-json\/wp\/v2\/types\/product"}],"replies":[{"embeddable":true,"href":"https:\/\/www.moskito.cz\/en\/wp-json\/wp\/v2\/comments?post=359146"}],"wp:featuredmedia":[{"embeddable":true,"href":"https:\/\/www.moskito.cz\/en\/wp-json\/wp\/v2\/media\/358984"}],"wp:attachment":[{"href":"https:\/\/www.moskito.cz\/en\/wp-json\/wp\/v2\/media?parent=359146"}],"wp:term":[{"taxonomy":"pwb-brand","embeddable":true,"href":"https:\/\/www.moskito.cz\/en\/wp-json\/wp\/v2\/pwb-brand?post=359146"},{"taxonomy":"product_brand","embeddable":true,"href":"https:\/\/www.moskito.cz\/en\/wp-json\/wp\/v2\/product_brand?post=359146"},{"taxonomy":"product_cat","embeddable":true,"href":"https:\/\/www.moskito.cz\/en\/wp-json\/wp\/v2\/product_cat?post=359146"},{"taxonomy":"product_tag","embeddable":true,"href":"https:\/\/www.moskito.cz\/en\/wp-json\/wp\/v2\/product_tag?post=359146"}],"curies":[{"name":"wp","href":"https:\/\/api.w.org\/{rel}","templated":true}]}}