{"id":359404,"date":"2024-09-11T14:01:05","date_gmt":"2024-09-11T14:14:53","guid":{"rendered":"https:\/\/www.moskito.cz\/produkt\/multitool-leatherman-skeletool-cx-paradise\/"},"modified":"2025-05-07T11:24:06","modified_gmt":"2025-05-07T10:24:06","slug":"multitool-leatherman-skeletool-cx-paradise","status":"publish","type":"product","link":"https:\/\/www.moskito.cz\/en\/product\/multitool-leatherman-skeletool-cx-paradise\/","title":{"rendered":"Multitool Leatherman Skeletool CX Paradise"},"content":{"rendered":"<p>Multitool <strong>Leatherman<\/strong> SKELETOOL CX PARADISE. <strong>The Leatherman SKELETOOL CX<\/strong> inherited all of its basic attributes from its older brother \u2013 attractive design, extreme durability and a graceful body with relief holes. At only 142 grams, these make it one of the lightest instruments in its class. In addition to all of this, <strong>SKELETOOL CX<\/strong> has perfected the blade of the knife with a smooth edge, which is made of even better quality 154CM steel. In the seemingly simple multitool, you will find everything you need on trips in the countryside or in the city: in addition to the knife, you will also find pliers, a can opener, a carabiner and a set of bit screwdrivers. A total of seven functional tools in a lightweight compact in an even more attractive silver-black design will always be at hand and you won&#8217;t even feel its weight on your belt or in your backpack. It will thus become your indispensable partner on every journey. Package includes: multitool, bits: cross #1 and #2, flat 1.4 and 3\/16, removable belt clip, sticker 100% original, instructions. Parameters: Blade length: 6.6 cm Closed tool length: 10 cm Weight: 142 g https:\/\/www.youtube.com\/watch?v=VUQu0ERufz8         &nbsp;<\/p>\n","protected":false},"excerpt":{"rendered":"<div id=\"tw-target-text-container\" class=\"tw-ta-container F0azHf tw-nfl\" tabindex=\"0\">\n<p><strong>We are proud to stand behind every product that leaves our factory in Portland, Oregon. That&#8217;s why we offer our 25-year warranty, so you can be sure your Leatherman will last a lifetime. <\/strong><\/p>\n<p>&nbsp;<\/p>\n<pre id=\"tw-target-text\" class=\"tw-data-text tw-text-large tw-ta\" dir=\"ltr\" data-placeholder=\"P\u0159eklad\" aria-label=\"P\u0159elo\u017een\u00fd text\" data-ved=\"2ahUKEwjohPmwyLqIAxXLgv0HHQnQCWQQ3ewLegQICBAT\"><span class=\"Y2IQFc\" lang=\"cs\"> <\/span><\/pre>\n<\/div>\n<div id=\"tw-target-rmn-container\" class=\"tw-target-rmn tw-ta-container F0azHf tw-nfl\">\n<pre id=\"tw-target-rmn\" class=\"tw-data-placeholder tw-text-small tw-ta\" dir=\"ltr\" data-placeholder=\"\"><\/pre>\n<\/div>\n","protected":false},"featured_media":359185,"comment_status":"open","ping_status":"closed","template":"","meta":[],"pwb-brand":[3485],"product_brand":[],"product_cat":[3158],"product_tag":[],"class_list":{"0":"post-359404","1":"product","2":"type-product","3":"status-publish","4":"has-post-thumbnail","6":"pwb-brand-leatherman-en","7":"product_cat-multitool","9":"first","10":"instock","11":"taxable","12":"shipping-taxable","13":"purchasable","14":"product-type-simple"},"brands":[{"id":3485,"name":"Leatherman","slug":"leatherman-en"}],"_links":{"self":[{"href":"https:\/\/www.moskito.cz\/en\/wp-json\/wp\/v2\/product\/359404","targetHints":{"allow":["GET"]}}],"collection":[{"href":"https:\/\/www.moskito.cz\/en\/wp-json\/wp\/v2\/product"}],"about":[{"href":"https:\/\/www.moskito.cz\/en\/wp-json\/wp\/v2\/types\/product"}],"replies":[{"embeddable":true,"href":"https:\/\/www.moskito.cz\/en\/wp-json\/wp\/v2\/comments?post=359404"}],"wp:featuredmedia":[{"embeddable":true,"href":"https:\/\/www.moskito.cz\/en\/wp-json\/wp\/v2\/media\/359185"}],"wp:attachment":[{"href":"https:\/\/www.moskito.cz\/en\/wp-json\/wp\/v2\/media?parent=359404"}],"wp:term":[{"taxonomy":"pwb-brand","embeddable":true,"href":"https:\/\/www.moskito.cz\/en\/wp-json\/wp\/v2\/pwb-brand?post=359404"},{"taxonomy":"product_brand","embeddable":true,"href":"https:\/\/www.moskito.cz\/en\/wp-json\/wp\/v2\/product_brand?post=359404"},{"taxonomy":"product_cat","embeddable":true,"href":"https:\/\/www.moskito.cz\/en\/wp-json\/wp\/v2\/product_cat?post=359404"},{"taxonomy":"product_tag","embeddable":true,"href":"https:\/\/www.moskito.cz\/en\/wp-json\/wp\/v2\/product_tag?post=359404"}],"curies":[{"name":"wp","href":"https:\/\/api.w.org\/{rel}","templated":true}]}}