{"id":360026,"date":"2024-09-26T12:55:05","date_gmt":"2024-09-26T11:55:05","guid":{"rendered":"https:\/\/www.moskito.cz\/produkt\/nuz-m-u-k\/"},"modified":"2025-05-07T11:24:23","modified_gmt":"2025-05-07T10:24:23","slug":"nuz-m-u-k","status":"publish","type":"product","link":"https:\/\/www.moskito.cz\/en\/product\/nuz-m-u-k\/","title":{"rendered":"N\u016f\u017e M.U.K."},"content":{"rendered":"<ul>\n<li>celkov\u00e1 d\u00e9lka: 17,0 cm<\/li>\n<li>d\u00e9lka \u010depele: 6,1 cm<\/li>\n<li>hmotnost: 69 g<\/li>\n<li>tlou\u0161\u0165ka \u010depele: 2,4 mm<\/li>\n<li>materi\u00e1l \u010depele: 12C27<\/li>\n<li>materi\u00e1l rukojeti: Micarta<\/li>\n<li>dod\u00e1v\u00e1n ve skv\u011ble padnouc\u00edm kydexov\u00e9m pouzd\u0159e<\/li>\n<\/ul>\n","protected":false},"excerpt":{"rendered":"<p>Outdoor v kapesn\u00edm form\u00e1tu; stvo\u0159en\u00fd pro neomezen\u00e1 dobrodru\u017estv\u00ed. Pro zak\u00e1zkov\u00e9ho no\u017e\u00ed\u0159e Matthewa Gentryho z americk\u00e9ho Michiganu znamen\u00e1 l\u00e1ska k p\u0159\u00edrod\u011b vypnut\u00ed z ka\u017edodenn\u00edho \u017eivota, ut\u0159\u00edd\u011bn\u00ed my\u0161lenek a dobit\u00ed baterek. Klid a pohoda se st\u00e1vaj\u00ed z\u00e1\u017eitkem &#8211; nev\u00e1zan\u00fdm, nezapomenuteln\u00fdm, v\u011b\u010dn\u00fdm. Stejn\u011b jako n\u016f\u017e B\u00f6ker Plus MUK. N\u016f\u017e s pevnou \u010depel\u00ed&nbsp;d\u00fdch\u00e1 tichem a vytv\u00e1\u0159\u00ed jedine\u010dn\u00fd okam\u017eik p\u0159\u00edtomnosti. Kompaktn\u00ed n\u016f\u017e Pocket MUK, inspirovan\u00fd kultovn\u00edmi loveck\u00fdmi no\u017ei Nessmuk dobrodruha George Washingtona Searse, je vybaven charakteristicky ba\u0148atou \u010depel\u00ed Skinner z oceli Swedish12C27, kter\u00e1 se ji\u017e osv\u011bd\u010dila p\u0159i n\u00e1ro\u010dn\u00e9m outdoorov\u00e9m pou\u017eit\u00ed. Tvar \u010depele, pln\u00fd tang a ergonomick\u00e9&nbsp;st\u0159enky rukojeti z hn\u011bd\u00e9 Micarty zaji\u0161\u0165uj\u00ed p\u0159esn\u00e9 \u0159ezy, maxim\u00e1ln\u00ed stabilitu a plnou kontrolu za v\u0161ech okolnost\u00ed. Loveck\u00e9 \u00fakoly, jako je porcov\u00e1n\u00ed zv\u011b\u0159e, p\u0159\u00edprava j\u00eddla v p\u0159\u00edrod\u011b a \u0161t\u00edp\u00e1n\u00ed nebo \u0159ez\u00e1n\u00ed d\u0159eva, pokr\u00fdvaj\u00ed \u0161irok\u00e9 spektrum pou\u017eit\u00ed tohoto outdoorov\u00e9ho no\u017ee. Stroh\u00e1 povrchov\u00e1 \u00faprava stonewash na \u010depeli podtrhuje jej\u00ed robustn\u00ed charakter, zat\u00edmco&nbsp;vroubkov\u00e1n\u00ed na h\u0159betu \u010depele nav\u00edc zvy\u0161uj\u00ed bezpe\u010dnost pr\u00e1ce. Dod\u00e1v\u00e1 se s dokonale padnouc\u00edm kydexov\u00fdm pouzdrem a svobodou zabalenou do \u010derstv\u00e9 rann\u00ed rosy.<\/p>\n","protected":false},"featured_media":360027,"comment_status":"closed","ping_status":"closed","template":"","meta":[],"pwb-brand":[140],"product_brand":[],"product_cat":[17,23],"product_tag":[],"class_list":{"0":"post-360026","1":"product","2":"type-product","3":"status-publish","4":"has-post-thumbnail","6":"pwb-brand-boker","7":"product_cat-noze","8":"product_cat-pevne-noze","10":"first","11":"outofstock","12":"taxable","13":"shipping-taxable","14":"purchasable","15":"product-type-simple"},"brands":[{"id":140,"name":"Boker","slug":"boker"}],"_links":{"self":[{"href":"https:\/\/www.moskito.cz\/en\/wp-json\/wp\/v2\/product\/360026","targetHints":{"allow":["GET"]}}],"collection":[{"href":"https:\/\/www.moskito.cz\/en\/wp-json\/wp\/v2\/product"}],"about":[{"href":"https:\/\/www.moskito.cz\/en\/wp-json\/wp\/v2\/types\/product"}],"replies":[{"embeddable":true,"href":"https:\/\/www.moskito.cz\/en\/wp-json\/wp\/v2\/comments?post=360026"}],"wp:featuredmedia":[{"embeddable":true,"href":"https:\/\/www.moskito.cz\/en\/wp-json\/wp\/v2\/media\/360027"}],"wp:attachment":[{"href":"https:\/\/www.moskito.cz\/en\/wp-json\/wp\/v2\/media?parent=360026"}],"wp:term":[{"taxonomy":"pwb-brand","embeddable":true,"href":"https:\/\/www.moskito.cz\/en\/wp-json\/wp\/v2\/pwb-brand?post=360026"},{"taxonomy":"product_brand","embeddable":true,"href":"https:\/\/www.moskito.cz\/en\/wp-json\/wp\/v2\/product_brand?post=360026"},{"taxonomy":"product_cat","embeddable":true,"href":"https:\/\/www.moskito.cz\/en\/wp-json\/wp\/v2\/product_cat?post=360026"},{"taxonomy":"product_tag","embeddable":true,"href":"https:\/\/www.moskito.cz\/en\/wp-json\/wp\/v2\/product_tag?post=360026"}],"curies":[{"name":"wp","href":"https:\/\/api.w.org\/{rel}","templated":true}]}}