{"id":360046,"date":"2024-09-26T12:55:27","date_gmt":"2024-09-26T11:55:27","guid":{"rendered":"https:\/\/www.moskito.cz\/produkt\/atlas-all-black\/"},"modified":"2025-05-07T11:24:24","modified_gmt":"2025-05-07T10:24:24","slug":"atlas-all-black","status":"publish","type":"product","link":"https:\/\/www.moskito.cz\/en\/product\/atlas-all-black\/","title":{"rendered":"Zav\u00edrac\u00ed N\u016f\u017e B\u00f6ker Plus Atlas All Black 01BO858"},"content":{"rendered":"<p>Zav\u00edrac\u00ed N\u016f\u017e <strong>B\u00f6ker Plus<\/strong> Atlas All Black 01BO858.<\/p>\n<p>B\u00f6ker Plus Atlas je spolehliv\u00fd slipjoint kapesn\u00ed n\u016f\u017e a v t\u00e9to speci\u00e1ln\u00ed verzi m\u00e1 zcela \u010dern\u00fd dekor na \u010depeli, nerezovou rukoje\u0165 a klip (Tip-Up\/r). Minimalistick\u00e1 konstrukce je extr\u00e9mn\u011b robustn\u00ed a d\u011bl\u00e1 z praktick\u00e9ho no\u017ee perfektn\u00edho spole\u010dn\u00edka pro v\u0161echny situace. \u010cepel drop point z 12C27 se otev\u00edr\u00e1 klasick\u00fdm zp\u016fsobem \u00faderem h\u0159eb\u00edku, nezamyk\u00e1 se a zvl\u00e1dne v\u0161echny ka\u017edodenn\u00ed \u0159ezac\u00ed \u00fakony.<\/p>\n<p>Zna\u010dka: Boker Plus<br \/>\nCelkov\u00e1 d\u00e9lka: 16,40 cm<br \/>\nD\u00e9lka \u010depele: 6,70 cm<br \/>\nTlou\u0161\u0165ka \u010depele: 2,40 mm<br \/>\nHmotnost: 75,00 g<br \/>\nMateri\u00e1l \u010depele: 12C27<br \/>\nMateri\u00e1l rukojeti: nerez<br \/>\n\u010c\u00edslo polo\u017eky: 01BO858<\/p>\n<p>&nbsp;<\/p>\n<p>&nbsp;<\/p>\n","protected":false},"excerpt":{"rendered":"<p><strong>B\u00f6ker Plus Atlas je spolehliv\u00fd slipjoint kapesn\u00ed n\u016f\u017e a v t\u00e9to speci\u00e1ln\u00ed verzi m\u00e1 zcela \u010dern\u00fd dekor na \u010depeli, nerezovou rukoje\u0165 a klip (Tip-Up\/r). Minimalistick\u00e1 konstrukce je extr\u00e9mn\u011b robustn\u00ed a d\u011bl\u00e1 z praktick\u00e9ho no\u017ee perfektn\u00edho spole\u010dn\u00edka pro v\u0161echny situace.<\/strong><\/p>\n","protected":false},"featured_media":368452,"comment_status":"closed","ping_status":"closed","template":"","meta":[],"pwb-brand":[140],"product_brand":[],"product_cat":[22,17],"product_tag":[],"class_list":{"0":"post-360046","1":"product","2":"type-product","3":"status-publish","4":"has-post-thumbnail","6":"pwb-brand-boker","7":"product_cat-zaviraci-noze","8":"product_cat-noze","10":"first","11":"outofstock","12":"taxable","13":"shipping-taxable","14":"purchasable","15":"product-type-simple"},"brands":[{"id":140,"name":"Boker","slug":"boker"}],"_links":{"self":[{"href":"https:\/\/www.moskito.cz\/en\/wp-json\/wp\/v2\/product\/360046","targetHints":{"allow":["GET"]}}],"collection":[{"href":"https:\/\/www.moskito.cz\/en\/wp-json\/wp\/v2\/product"}],"about":[{"href":"https:\/\/www.moskito.cz\/en\/wp-json\/wp\/v2\/types\/product"}],"replies":[{"embeddable":true,"href":"https:\/\/www.moskito.cz\/en\/wp-json\/wp\/v2\/comments?post=360046"}],"wp:featuredmedia":[{"embeddable":true,"href":"https:\/\/www.moskito.cz\/en\/wp-json\/wp\/v2\/media\/368452"}],"wp:attachment":[{"href":"https:\/\/www.moskito.cz\/en\/wp-json\/wp\/v2\/media?parent=360046"}],"wp:term":[{"taxonomy":"pwb-brand","embeddable":true,"href":"https:\/\/www.moskito.cz\/en\/wp-json\/wp\/v2\/pwb-brand?post=360046"},{"taxonomy":"product_brand","embeddable":true,"href":"https:\/\/www.moskito.cz\/en\/wp-json\/wp\/v2\/product_brand?post=360046"},{"taxonomy":"product_cat","embeddable":true,"href":"https:\/\/www.moskito.cz\/en\/wp-json\/wp\/v2\/product_cat?post=360046"},{"taxonomy":"product_tag","embeddable":true,"href":"https:\/\/www.moskito.cz\/en\/wp-json\/wp\/v2\/product_tag?post=360046"}],"curies":[{"name":"wp","href":"https:\/\/api.w.org\/{rel}","templated":true}]}}