{"id":360048,"date":"2024-09-26T12:55:27","date_gmt":"2024-09-26T11:55:27","guid":{"rendered":"https:\/\/www.moskito.cz\/produkt\/friday\/"},"modified":"2025-05-07T11:24:24","modified_gmt":"2025-05-07T10:24:24","slug":"friday","status":"publish","type":"product","link":"https:\/\/www.moskito.cz\/en\/product\/friday\/","title":{"rendered":"Zav\u00edrac\u00ed N\u016f\u017e B\u00f6ker Plus Friday 01BO898"},"content":{"rendered":"<p>Zav\u00edrac\u00ed N\u016f\u017e <strong>B\u00f6ker Plus<\/strong> Friday 01BO898.<\/p>\n<p>Haute cut-ure z m\u011bsta haute couture &#8211; francouzsk\u00fd produktov\u00fd design\u00e9r Alban Le Henry z Pa\u0159\u00ed\u017ee to umo\u017e\u0148uje a p\u0159edstavuje B\u00f6ker Plus Friday, gentlemansk\u00fd n\u016f\u017e, kter\u00fd se ka\u017ed\u00fd den prom\u011bn\u00ed v p\u00e1tek a doslova zvy\u0161uje o\u010dek\u00e1v\u00e1n\u00ed v\u00edkendu. V\u00fdraz a styl zabalen\u00fd do tahu a suverenity dl\u00e1\u017ed\u00ed cestu kapesn\u00edmu no\u017ei na p\u0159ehl\u00eddkov\u00e9 molo EDC.<\/p>\n<p>\u010cepel s kuli\u010dkov\u00fdm lo\u017eiskem vyroben\u00e1 z materi\u00e1lu Nitro-V je v\u00fdrazn\u00e1 a dod\u00e1v\u00e1 \u0159ez\u00e1n\u00ed novou eleganci a lehkost, kter\u00e1 pokra\u010duje v jemn\u011b vylad\u011bn\u00e9 rukojeti z G10 a nerezov\u00e9 oceli. Flipper a z\u00e1mek r\u00e1mu pro otev\u00edr\u00e1n\u00ed a odemyk\u00e1n\u00ed \u010depele vyza\u0159uje le\u017e\u00e9rnost, kterou zn\u00e1te jen u gentlemana.<\/p>\n<p>Stylov\u011b orientovan\u00fd vzhled zavr\u0161uje dr\u00e1t\u011bn\u00e1 spona, kter\u00e1 umo\u017e\u0148uje diskr\u00e9tn\u00ed hlubok\u00e9 no\u0161en\u00ed. B\u00f6ker Plus Friday &#8211; Toujours en vogue! Dod\u00e1v\u00e1no s vysoce kvalitn\u00edm nylonov\u00fdm pouzdrem.<\/p>\n<p>Zna\u010dka: Boker Plus<br \/>\nCelkov\u00e1 d\u00e9lka: 17,10 cm<br \/>\nD\u00e9lka \u010depele: 7,20 cm<br \/>\nTlou\u0161\u0165ka \u010depele: 2,30 mm<br \/>\nHmotnost: 53,00 g<br \/>\nN\u00e1vrh\u00e1\u0159: Alban Le Henry<br \/>\nMateri\u00e1l \u010depele: Nitro V<br \/>\nMateri\u00e1l rukojeti: G10<br \/>\nPom\u016fcka pro otev\u00edr\u00e1n\u00ed: Pinball<br \/>\nUzav\u0159en\u00ed: Z\u00e1mek r\u00e1mu<br \/>\n\u010c\u00edslo polo\u017eky: 01BO898<\/p>\n<p>&nbsp;<\/p>\n<p>&nbsp;<\/p>\n<p>&nbsp;<\/p>\n","protected":false},"excerpt":{"rendered":"<p><strong>Haute cut-ure z m\u011bsta haute couture &#8211; francouzsk\u00fd produktov\u00fd design\u00e9r Alban Le Henry z Pa\u0159\u00ed\u017ee to umo\u017e\u0148uje a p\u0159edstavuje B\u00f6ker Plus Friday, gentlemansk\u00fd n\u016f\u017e, kter\u00fd se ka\u017ed\u00fd den prom\u011bn\u00ed v p\u00e1tek a doslova zvy\u0161uje o\u010dek\u00e1v\u00e1n\u00ed v\u00edkendu.<\/strong><\/p>\n","protected":false},"featured_media":370474,"comment_status":"closed","ping_status":"closed","template":"","meta":[],"pwb-brand":[140],"product_brand":[],"product_cat":[22,17],"product_tag":[],"class_list":{"0":"post-360048","1":"product","2":"type-product","3":"status-publish","4":"has-post-thumbnail","6":"pwb-brand-boker","7":"product_cat-zaviraci-noze","8":"product_cat-noze","10":"first","11":"instock","12":"taxable","13":"shipping-taxable","14":"purchasable","15":"product-type-simple"},"brands":[{"id":140,"name":"Boker","slug":"boker"}],"_links":{"self":[{"href":"https:\/\/www.moskito.cz\/en\/wp-json\/wp\/v2\/product\/360048","targetHints":{"allow":["GET"]}}],"collection":[{"href":"https:\/\/www.moskito.cz\/en\/wp-json\/wp\/v2\/product"}],"about":[{"href":"https:\/\/www.moskito.cz\/en\/wp-json\/wp\/v2\/types\/product"}],"replies":[{"embeddable":true,"href":"https:\/\/www.moskito.cz\/en\/wp-json\/wp\/v2\/comments?post=360048"}],"wp:featuredmedia":[{"embeddable":true,"href":"https:\/\/www.moskito.cz\/en\/wp-json\/wp\/v2\/media\/370474"}],"wp:attachment":[{"href":"https:\/\/www.moskito.cz\/en\/wp-json\/wp\/v2\/media?parent=360048"}],"wp:term":[{"taxonomy":"pwb-brand","embeddable":true,"href":"https:\/\/www.moskito.cz\/en\/wp-json\/wp\/v2\/pwb-brand?post=360048"},{"taxonomy":"product_brand","embeddable":true,"href":"https:\/\/www.moskito.cz\/en\/wp-json\/wp\/v2\/product_brand?post=360048"},{"taxonomy":"product_cat","embeddable":true,"href":"https:\/\/www.moskito.cz\/en\/wp-json\/wp\/v2\/product_cat?post=360048"},{"taxonomy":"product_tag","embeddable":true,"href":"https:\/\/www.moskito.cz\/en\/wp-json\/wp\/v2\/product_tag?post=360048"}],"curies":[{"name":"wp","href":"https:\/\/api.w.org\/{rel}","templated":true}]}}