{"id":360057,"date":"2024-09-26T12:55:27","date_gmt":"2024-09-26T11:55:27","guid":{"rendered":"https:\/\/www.moskito.cz\/produkt\/boker-plus-usa-kwaiken-automatic-all-black\/"},"modified":"2025-05-07T11:24:25","modified_gmt":"2025-05-07T10:24:25","slug":"boker-plus-usa-kwaiken-automatic-all-black","status":"publish","type":"product","link":"https:\/\/www.moskito.cz\/en\/product\/boker-plus-usa-kwaiken-automatic-all-black\/","title":{"rendered":"Vyst\u0159elovac\u00ed N\u016f\u017e B\u00f6ker Plus Kwaiken Automatic All Black 06EX292"},"content":{"rendered":"<p>Vyst\u0159elovac\u00ed N\u016f\u017e <strong>B\u00f6ker Plus<\/strong> Kwaiken Automatic All Black 06EX292.<\/p>\n<p>Jedn\u00edm z nejzaj\u00edmav\u011bj\u0161\u00edch projekt\u016f posledn\u00edch let je tato velkolep\u00e1 spolupr\u00e1ce t\u0159\u00ed stran. Kwaiken, navr\u017een\u00fd Lucasem Burnleym, je i nad\u00e1le jedn\u00edm z nej\u00fasp\u011b\u0161n\u011bj\u0161\u00edch projekt\u016f B\u00f6ker Plus od sv\u00e9ho uveden\u00ed na trh. Spolu s ProTech Knives, B\u00f6ker a Lucas Burnley posunuli Kwaiken na novou \u00farove\u0148. Kwaiken Automatic, vyroben\u00fd v USA, kombinuje elegantn\u00ed, minimalistick\u00fd design s dokonal\u00fdm automatick\u00fdm mechanismem, kter\u00fd m\u016f\u017ee poskytnout pouze ProTech. D\u00edky hladk\u00e9mu mechanismu tla\u010d\u00edtka je otev\u00edr\u00e1n\u00ed Kwaiken hra\u010dkou a siln\u00e1 pru\u017eina poskytuje p\u016fsobivou rychlost. CNC fr\u00e9zovan\u00e1 hlin\u00edkov\u00e1 rukoje\u0165 je extr\u00e9mn\u011b robustn\u00ed, \u010depel je vyrobena z americk\u00e9ho 154CM a nab\u00edz\u00ed vysokou odolnost ost\u0159\u00ed. Kwaiken Automatic dosahuje v r\u00e1mci s\u00e9rie zcela nov\u00e9 \u00farovn\u011b a je jedine\u010dn\u00fdm, v\u0161estrann\u00fdm kapesn\u00edm no\u017eem. S klipem.<\/p>\n<p>Zna\u010dka: Boker Plus<br \/>\nCelkov\u00e1 d\u00e9lka: 20,32 cm<br \/>\nD\u00e9lka \u010depele: 8,90 cm<br \/>\nHmotnost: 96,40 g<br \/>\nN\u00e1vrh\u00e1\u0159: Lucas Burnley<br \/>\nMateri\u00e1l \u010depele: 154 cm<br \/>\nMateri\u00e1l rukojeti: hlin\u00edk<br \/>\nPom\u016fcka pro otev\u00edr\u00e1n\u00ed: Stiskn\u011bte tla\u010d\u00edtko<br \/>\nOtev\u00edrac\u00ed: Automatick\u00fd<br \/>\nVyrobeno v: USA<br \/>\nBarva: \u010cern\u00e1<br \/>\n\u010c\u00edslo polo\u017eky: 06EX292<\/p>\n<p>&nbsp;<\/p>\n","protected":false},"excerpt":{"rendered":"<p><strong>Jedn\u00edm z nejzaj\u00edmav\u011bj\u0161\u00edch projekt\u016f posledn\u00edch let je tato velkolep\u00e1 spolupr\u00e1ce t\u0159\u00ed stran. Kwaiken, navr\u017een\u00fd Lucasem Burnleym, je i nad\u00e1le jedn\u00edm z nej\u00fasp\u011b\u0161n\u011bj\u0161\u00edch projekt\u016f B\u00f6ker Plus od sv\u00e9ho uveden\u00ed na trh.<\/strong><\/p>\n<p><strong>Doprava zdarma.<\/strong><\/p>\n","protected":false},"featured_media":366088,"comment_status":"closed","ping_status":"closed","template":"","meta":[],"pwb-brand":[140],"product_brand":[],"product_cat":[17,2019],"product_tag":[],"class_list":{"0":"post-360057","1":"product","2":"type-product","3":"status-publish","4":"has-post-thumbnail","6":"pwb-brand-boker","7":"product_cat-noze","8":"product_cat-vystrelovaci-noze","10":"first","11":"outofstock","12":"taxable","13":"shipping-taxable","14":"purchasable","15":"product-type-simple"},"brands":[{"id":140,"name":"Boker","slug":"boker"}],"_links":{"self":[{"href":"https:\/\/www.moskito.cz\/en\/wp-json\/wp\/v2\/product\/360057","targetHints":{"allow":["GET"]}}],"collection":[{"href":"https:\/\/www.moskito.cz\/en\/wp-json\/wp\/v2\/product"}],"about":[{"href":"https:\/\/www.moskito.cz\/en\/wp-json\/wp\/v2\/types\/product"}],"replies":[{"embeddable":true,"href":"https:\/\/www.moskito.cz\/en\/wp-json\/wp\/v2\/comments?post=360057"}],"wp:featuredmedia":[{"embeddable":true,"href":"https:\/\/www.moskito.cz\/en\/wp-json\/wp\/v2\/media\/366088"}],"wp:attachment":[{"href":"https:\/\/www.moskito.cz\/en\/wp-json\/wp\/v2\/media?parent=360057"}],"wp:term":[{"taxonomy":"pwb-brand","embeddable":true,"href":"https:\/\/www.moskito.cz\/en\/wp-json\/wp\/v2\/pwb-brand?post=360057"},{"taxonomy":"product_brand","embeddable":true,"href":"https:\/\/www.moskito.cz\/en\/wp-json\/wp\/v2\/product_brand?post=360057"},{"taxonomy":"product_cat","embeddable":true,"href":"https:\/\/www.moskito.cz\/en\/wp-json\/wp\/v2\/product_cat?post=360057"},{"taxonomy":"product_tag","embeddable":true,"href":"https:\/\/www.moskito.cz\/en\/wp-json\/wp\/v2\/product_tag?post=360057"}],"curies":[{"name":"wp","href":"https:\/\/api.w.org\/{rel}","templated":true}]}}