{"id":360115,"date":"2024-09-26T12:55:57","date_gmt":"2024-09-26T11:55:57","guid":{"rendered":"https:\/\/www.moskito.cz\/produkt\/boker-vodni-kamen-600-1500\/"},"modified":"2025-05-07T11:24:27","modified_gmt":"2025-05-07T10:24:27","slug":"boker-vodni-kamen-600-1500","status":"publish","type":"product","link":"https:\/\/www.moskito.cz\/en\/product\/boker-vodni-kamen-600-1500\/","title":{"rendered":"B\u00f6ker Vodn\u00ed k\u00e1men 600\/1500"},"content":{"rendered":"<p>Rozm\u011bry: 18 cm x 6 cm x 3 cm.<\/p>\n<p><TABLE class=\"datatable bokerparamtable\" style=\"WIDTH: 50%; LETTER-SPACING: 0.03em\" cellSpacing=0 cellPadding=0 border=0><\/p>\n<p><TBODY><\/p>\n<p><TR><\/p>\n<p><TD style=\"WIDTH: 50%\">Hmotnost: 550 g<\/TD><\/p>\n<p><TD style=\"WIDTH: 25%\"><br \/>\n<\/TD><br \/>\n<\/TR><\/p>\n<p><TR><\/p>\n<p><TD style=\"WIDTH: 50%\"><br \/>\n<\/TD><\/p>\n<p><TD style=\"WIDTH: 25%\"><br \/>\n<A href=\"about:\/prehled-materialu\/\"><br \/>\n<\/A><br \/>\n<\/TD><br \/>\n<\/TR><\/p>\n<p><TR><\/p>\n<p><TD style=\"WIDTH: 50%\"><br \/>\n<\/TD><\/p>\n<p><TD style=\"WIDTH: 25%\"><br \/>\n<\/TD><br \/>\n<\/TR><br \/>\n<\/TBODY><br \/>\n<\/TABLE><\/p>\n","protected":false},"excerpt":{"rendered":"<p>Kombinovan\u00fd prvot\u0159\u00eddn\u00ed asijsk\u00fd vodn\u00ed brusn\u00fd k\u00e1men je ur\u010den pro hrub\u00e9 a dokon\u010dovac\u00ed brou\u0161en\u00ed a p\u0159in\u00e1\u0161\u00ed nejlep\u0161\u00ed mo\u017en\u00e9 v\u00fdsledky. M\u00edrn\u011b v\u011bt\u0161\u00ed \u0161\u00ed\u0159ka poskytuje dostate\u010dn\u00fd pracovn\u00ed povrch a vysok\u00fd brusn\u00fd v\u00fdkon. Trvanliv\u00fd podstavec z tvrzen\u00e9ho kau\u010duku zaji\u0161\u0165uje p\u0159i ost\u0159en\u00ed bezpe\u010dn\u00fd podklad. Pro hrub\u00e9 a dokon\u010dovac\u00ed brou\u0161en\u00ed tup\u00fdch no\u017e\u016f.<\/p>\n","protected":false},"featured_media":360116,"comment_status":"closed","ping_status":"closed","template":"","meta":[],"pwb-brand":[140],"product_brand":[],"product_cat":[26],"product_tag":[],"class_list":{"0":"post-360115","1":"product","2":"type-product","3":"status-publish","4":"has-post-thumbnail","6":"pwb-brand-boker","7":"product_cat-brousky-a-ocilky","9":"first","10":"outofstock","11":"taxable","12":"shipping-taxable","13":"purchasable","14":"product-type-simple"},"brands":[{"id":140,"name":"Boker","slug":"boker"}],"_links":{"self":[{"href":"https:\/\/www.moskito.cz\/en\/wp-json\/wp\/v2\/product\/360115","targetHints":{"allow":["GET"]}}],"collection":[{"href":"https:\/\/www.moskito.cz\/en\/wp-json\/wp\/v2\/product"}],"about":[{"href":"https:\/\/www.moskito.cz\/en\/wp-json\/wp\/v2\/types\/product"}],"replies":[{"embeddable":true,"href":"https:\/\/www.moskito.cz\/en\/wp-json\/wp\/v2\/comments?post=360115"}],"wp:featuredmedia":[{"embeddable":true,"href":"https:\/\/www.moskito.cz\/en\/wp-json\/wp\/v2\/media\/360116"}],"wp:attachment":[{"href":"https:\/\/www.moskito.cz\/en\/wp-json\/wp\/v2\/media?parent=360115"}],"wp:term":[{"taxonomy":"pwb-brand","embeddable":true,"href":"https:\/\/www.moskito.cz\/en\/wp-json\/wp\/v2\/pwb-brand?post=360115"},{"taxonomy":"product_brand","embeddable":true,"href":"https:\/\/www.moskito.cz\/en\/wp-json\/wp\/v2\/product_brand?post=360115"},{"taxonomy":"product_cat","embeddable":true,"href":"https:\/\/www.moskito.cz\/en\/wp-json\/wp\/v2\/product_cat?post=360115"},{"taxonomy":"product_tag","embeddable":true,"href":"https:\/\/www.moskito.cz\/en\/wp-json\/wp\/v2\/product_tag?post=360115"}],"curies":[{"name":"wp","href":"https:\/\/api.w.org\/{rel}","templated":true}]}}