{"id":360160,"date":"2024-09-26T12:56:15","date_gmt":"2024-09-26T11:56:15","guid":{"rendered":"https:\/\/www.moskito.cz\/produkt\/nuz-boker-nessmi\/"},"modified":"2025-05-07T11:24:29","modified_gmt":"2025-05-07T10:24:29","slug":"nuz-boker-nessmi","status":"publish","type":"product","link":"https:\/\/www.moskito.cz\/en\/product\/nuz-boker-nessmi\/","title":{"rendered":"N\u016f\u017e B\u00f6ker Nessmi"},"content":{"rendered":"<ul>\n<li>celkov\u00e1 d\u00e9lka: 13,1 cm<\/li>\n<li>d\u00e9lka \u010depele: 6,4 cm<\/li>\n<li>tlou\u0161\u0165ka \u010depele: 3 mm<\/li>\n<li>hmotnost: 87 g<\/li>\n<li>materi\u00e1l \u010depele: CPM-S-30V<\/li>\n<li>materi\u00e1l rukojeti: Micarta<\/li>\n<li>design\u00e9r:&nbsp;Jesper Voxnaes<\/li>\n<li>dod\u00e1v\u00e1n v ko\u017een\u00e9m pouzd\u0159e&nbsp;<\/li>\n<\/ul>\n","protected":false},"excerpt":{"rendered":"<p>N\u016f\u017e Nessmi, vyroben\u00fd z pr\u00e1\u0161kov\u00e9ho kovu CPM-S-30V a vybaven\u00fd zelen\u00fdmi rukoje\u0165mi z mikarty, se z hlediska odolnosti proti \u0159ezu a manipulace s n\u00edm nijak neotup\u00ed. Vrstvy \u017elut\u00fdch vl\u00e1ken pod \u0161upinami rukojeti a obzvl\u00e1\u0161t\u011b jemn\u00e1 sat\u00e9nov\u00e1 povrchov\u00e1 \u00faprava vytv\u00e1\u0159ej\u00ed vizu\u00e1ln\u00ed akcenty a dod\u00e1vaj\u00ed no\u017ei B\u00f6ker Nessmi mimo\u0159\u00e1dn\u00fd vzhled. Dod\u00e1v\u00e1 se s praktick\u00fdm hn\u011bd\u00fdm ko\u017een\u00fdm pouzdrem.<\/p>\n","protected":false},"featured_media":360161,"comment_status":"closed","ping_status":"closed","template":"","meta":[],"pwb-brand":[140],"product_brand":[],"product_cat":[17,22],"product_tag":[],"class_list":{"0":"post-360160","1":"product","2":"type-product","3":"status-publish","4":"has-post-thumbnail","6":"pwb-brand-boker","7":"product_cat-noze","8":"product_cat-zaviraci-noze","10":"first","11":"outofstock","12":"taxable","13":"shipping-taxable","14":"purchasable","15":"product-type-simple"},"brands":[{"id":140,"name":"Boker","slug":"boker"}],"_links":{"self":[{"href":"https:\/\/www.moskito.cz\/en\/wp-json\/wp\/v2\/product\/360160","targetHints":{"allow":["GET"]}}],"collection":[{"href":"https:\/\/www.moskito.cz\/en\/wp-json\/wp\/v2\/product"}],"about":[{"href":"https:\/\/www.moskito.cz\/en\/wp-json\/wp\/v2\/types\/product"}],"replies":[{"embeddable":true,"href":"https:\/\/www.moskito.cz\/en\/wp-json\/wp\/v2\/comments?post=360160"}],"wp:featuredmedia":[{"embeddable":true,"href":"https:\/\/www.moskito.cz\/en\/wp-json\/wp\/v2\/media\/360161"}],"wp:attachment":[{"href":"https:\/\/www.moskito.cz\/en\/wp-json\/wp\/v2\/media?parent=360160"}],"wp:term":[{"taxonomy":"pwb-brand","embeddable":true,"href":"https:\/\/www.moskito.cz\/en\/wp-json\/wp\/v2\/pwb-brand?post=360160"},{"taxonomy":"product_brand","embeddable":true,"href":"https:\/\/www.moskito.cz\/en\/wp-json\/wp\/v2\/product_brand?post=360160"},{"taxonomy":"product_cat","embeddable":true,"href":"https:\/\/www.moskito.cz\/en\/wp-json\/wp\/v2\/product_cat?post=360160"},{"taxonomy":"product_tag","embeddable":true,"href":"https:\/\/www.moskito.cz\/en\/wp-json\/wp\/v2\/product_tag?post=360160"}],"curies":[{"name":"wp","href":"https:\/\/api.w.org\/{rel}","templated":true}]}}