{"id":360258,"date":"2024-09-26T12:56:32","date_gmt":"2024-09-26T11:56:32","guid":{"rendered":"https:\/\/www.moskito.cz\/produkt\/kapesni-nuz-leopard-damast-iii-collection\/"},"modified":"2025-05-07T11:24:31","modified_gmt":"2025-05-07T10:24:31","slug":"kapesni-nuz-leopard-damast-iii-collection","status":"publish","type":"product","link":"https:\/\/www.moskito.cz\/en\/product\/kapesni-nuz-leopard-damast-iii-collection\/","title":{"rendered":"Kapesn\u00ed n\u016f\u017e Leopard-Damast III Collection"},"content":{"rendered":"<ul>\n<li>celkov\u00e1 d\u00e9lka: 22,5 cm<\/li>\n<li>d\u00e9lka \u010depele: 9,7 cm<\/li>\n<li>hmotnost: 165 g<\/li>\n<li>tlou\u0161\u0165ka \u010depele: 3,6 mm<\/li>\n<li>materi\u00e1l \u010depele: dama\u0161ek<\/li>\n<li>materi\u00e1l rukojeti: hlin\u00edk<\/li>\n<li>pojistka: linerlock<\/li>\n<li>s klipem<\/li>\n<\/ul>\n","protected":false},"excerpt":{"rendered":"<p>Spole\u010dnost B\u00f6ker vysly\u0161ela p\u0159\u00e1n\u00ed mnoha z\u00e1kazn\u00edk\u016f vyd\u00e1n\u00edm kolekce B\u00f6ker Leopard-Damast III s flipperem a palcov\u00fdm trnem. Tento sb\u011bratelsk\u00fd n\u016f\u017e m\u00e1 vlo\u017eku z nerezov\u00e9ho 180-vrstv\u00e9ho dama\u0161ku, obratn\u011b ru\u010dn\u011b p\u0159ipevn\u011bn\u00e9 ke st\u0159ence rukojeti. To d\u00e1v\u00e1 kapesn\u00edmu no\u017ei novou p\u0159ita\u017elivost, proto\u017ee dama\u0161kov\u00e9 vlo\u017eky s elegantn\u00edm vzorem velmi dob\u0159e lad\u00ed s ru\u010dn\u011b kovanou \u010depel\u00ed z Leopard-Dama\u0161ku. Legend\u00e1rn\u00ed no\u017e\u00ed\u0159sk\u00e1 ocel B\u00f6ker, kter\u00e1 je obdivovan\u00e1 po mnoho let v&nbsp;no\u017e\u00ed\u0159sk\u00e9m sv\u011bt\u011b, je vyroben\u00e1 z&nbsp;oceli d\u011bla tanku Leopard, m\u00e1 300 vrstev a tvrdost 61 a\u017e 63 HRC. S oto\u010dn\u00fdm klipem pro no\u0161en\u00ed \u0161pi\u010dkou nahoru nebo dol\u016f (Tip-up\/Tip-down). N\u016f\u017e se dod\u00e1v\u00e1 v&nbsp;kvalitn\u00edm prezenta\u010dn\u00edm r\u00e1mu s certifik\u00e1tem pravosti a individu\u00e1ln\u00edm s\u00e9riov\u00fdm \u010d\u00edslem.<\/p>\n","protected":false},"featured_media":360259,"comment_status":"closed","ping_status":"closed","template":"","meta":[],"pwb-brand":[140],"product_brand":[],"product_cat":[17,22],"product_tag":[],"class_list":{"0":"post-360258","1":"product","2":"type-product","3":"status-publish","4":"has-post-thumbnail","6":"pwb-brand-boker","7":"product_cat-noze","8":"product_cat-zaviraci-noze","10":"first","11":"outofstock","12":"taxable","13":"shipping-taxable","14":"purchasable","15":"product-type-simple"},"brands":[{"id":140,"name":"Boker","slug":"boker"}],"_links":{"self":[{"href":"https:\/\/www.moskito.cz\/en\/wp-json\/wp\/v2\/product\/360258","targetHints":{"allow":["GET"]}}],"collection":[{"href":"https:\/\/www.moskito.cz\/en\/wp-json\/wp\/v2\/product"}],"about":[{"href":"https:\/\/www.moskito.cz\/en\/wp-json\/wp\/v2\/types\/product"}],"replies":[{"embeddable":true,"href":"https:\/\/www.moskito.cz\/en\/wp-json\/wp\/v2\/comments?post=360258"}],"wp:featuredmedia":[{"embeddable":true,"href":"https:\/\/www.moskito.cz\/en\/wp-json\/wp\/v2\/media\/360259"}],"wp:attachment":[{"href":"https:\/\/www.moskito.cz\/en\/wp-json\/wp\/v2\/media?parent=360258"}],"wp:term":[{"taxonomy":"pwb-brand","embeddable":true,"href":"https:\/\/www.moskito.cz\/en\/wp-json\/wp\/v2\/pwb-brand?post=360258"},{"taxonomy":"product_brand","embeddable":true,"href":"https:\/\/www.moskito.cz\/en\/wp-json\/wp\/v2\/product_brand?post=360258"},{"taxonomy":"product_cat","embeddable":true,"href":"https:\/\/www.moskito.cz\/en\/wp-json\/wp\/v2\/product_cat?post=360258"},{"taxonomy":"product_tag","embeddable":true,"href":"https:\/\/www.moskito.cz\/en\/wp-json\/wp\/v2\/product_tag?post=360258"}],"curies":[{"name":"wp","href":"https:\/\/api.w.org\/{rel}","templated":true}]}}