{"id":360320,"date":"2024-09-26T12:56:54","date_gmt":"2024-09-26T11:56:54","guid":{"rendered":"https:\/\/www.moskito.cz\/produkt\/kwaiken-compact-flipper-marble-carbon\/"},"modified":"2025-05-07T11:24:35","modified_gmt":"2025-05-07T10:24:35","slug":"kwaiken-compact-flipper-marble-carbon","status":"publish","type":"product","link":"https:\/\/www.moskito.cz\/en\/product\/kwaiken-compact-flipper-marble-carbon\/","title":{"rendered":"Zav\u00edrac\u00ed N\u016f\u017e Boker Plus Kwaiken Compact Flipper Marble Carbon 01BO231"},"content":{"rendered":"<p>Zav\u00edrac\u00ed N\u016f\u017e <strong>Boker Plus<\/strong> Kwaiken Compact Flipper Marble Carbon 01BO231.<\/p>\n<p>B\u00f6ker Plus Kwaiken Compact od Lucas Burnley , navr\u017een\u00fd jako titanov\u00fd r\u00e1mov\u00fd z\u00e1mek, je krat\u0161\u00ed a v\u00fdrazn\u011b leh\u010d\u00ed ne\u017e standardn\u00ed verze, p\u0159esto zaujme svou t\u00e9m\u011b\u0159 nezm\u011bn\u011bnou silou \u00fachopu. P\u0159edn\u00ed stupnice rukojeti je vyrobena z divok\u00fdch uhl\u00edkov\u00fdch vl\u00e1ken , zat\u00edmco zadn\u00ed stupnice je vyrobena z titanu a m\u00e1 diagon\u00e1ln\u00ed texturu . Distan\u010dn\u00ed vlo\u017eka s integrovan\u00fdm o\u010dkem na \u0161\u0148\u016frku je rovn\u011b\u017e vyrobena z titanu . Jemn\u011b sat\u00e9nov\u00e1 \u010depel z D2 se otev\u00edr\u00e1 jako obvykle s kuli\u010dkov\u00fdm lo\u017eiskem pomoc\u00ed flipperu a jako ochrana proti p\u0159eta\u017een\u00ed z\u00e1mku funguje Hinderer lock-stop. S oboustrannou sponou pro hlubok\u00e9 p\u0159en\u00e1\u0161en\u00ed (tip-up\/lr) a vysoce kvalitn\u00edm nylonov\u00fdm pouzdrem pro skladov\u00e1n\u00ed.<\/p>\n<p>Zna\u010dka: Boker Plus<br \/>\nCelkov\u00e1 d\u00e9lka: 18,30 cm<br \/>\nD\u00e9lka \u010depele: 7,70 cm<br \/>\nTlou\u0161\u0165ka \u010depele: 3,50 mm<br \/>\nHmotnost: 75,00 g<br \/>\nN\u00e1vrh\u00e1\u0159: Lucas Burnley<br \/>\nMateri\u00e1l \u010depele: D2<br \/>\nMateri\u00e1l rukojeti: Uhl\u00edkov\u00e9 vl\u00e1kno , titan<br \/>\nPom\u016fcka pro otev\u00edr\u00e1n\u00ed: Pinball<br \/>\nOtev\u00edrac\u00ed: Ru\u010dn\u011b<br \/>\nUzav\u0159en\u00ed: Z\u00e1mek r\u00e1mu<br \/>\n\u010c\u00edslo polo\u017eky: 01BO231<\/p>\n","protected":false},"excerpt":{"rendered":"<p><strong>B\u00f6ker Plus Kwaiken Compact od Lucas Burnley , navr\u017een\u00fd jako titanov\u00fd r\u00e1mov\u00fd z\u00e1mek, je krat\u0161\u00ed a v\u00fdrazn\u011b leh\u010d\u00ed ne\u017e standardn\u00ed verze, p\u0159esto zaujme svou t\u00e9m\u011b\u0159 nezm\u011bn\u011bnou silou \u00fachopu.<\/strong><\/p>\n<p><strong>Doprava zdarma.<\/strong><\/p>\n","protected":false},"featured_media":367007,"comment_status":"closed","ping_status":"closed","template":"","meta":[],"pwb-brand":[140],"product_brand":[],"product_cat":[17,22],"product_tag":[],"class_list":{"0":"post-360320","1":"product","2":"type-product","3":"status-publish","4":"has-post-thumbnail","6":"pwb-brand-boker","7":"product_cat-noze","8":"product_cat-zaviraci-noze","10":"first","11":"outofstock","12":"taxable","13":"shipping-taxable","14":"purchasable","15":"product-type-simple"},"brands":[{"id":140,"name":"Boker","slug":"boker"}],"_links":{"self":[{"href":"https:\/\/www.moskito.cz\/en\/wp-json\/wp\/v2\/product\/360320","targetHints":{"allow":["GET"]}}],"collection":[{"href":"https:\/\/www.moskito.cz\/en\/wp-json\/wp\/v2\/product"}],"about":[{"href":"https:\/\/www.moskito.cz\/en\/wp-json\/wp\/v2\/types\/product"}],"replies":[{"embeddable":true,"href":"https:\/\/www.moskito.cz\/en\/wp-json\/wp\/v2\/comments?post=360320"}],"wp:featuredmedia":[{"embeddable":true,"href":"https:\/\/www.moskito.cz\/en\/wp-json\/wp\/v2\/media\/367007"}],"wp:attachment":[{"href":"https:\/\/www.moskito.cz\/en\/wp-json\/wp\/v2\/media?parent=360320"}],"wp:term":[{"taxonomy":"pwb-brand","embeddable":true,"href":"https:\/\/www.moskito.cz\/en\/wp-json\/wp\/v2\/pwb-brand?post=360320"},{"taxonomy":"product_brand","embeddable":true,"href":"https:\/\/www.moskito.cz\/en\/wp-json\/wp\/v2\/product_brand?post=360320"},{"taxonomy":"product_cat","embeddable":true,"href":"https:\/\/www.moskito.cz\/en\/wp-json\/wp\/v2\/product_cat?post=360320"},{"taxonomy":"product_tag","embeddable":true,"href":"https:\/\/www.moskito.cz\/en\/wp-json\/wp\/v2\/product_tag?post=360320"}],"curies":[{"name":"wp","href":"https:\/\/api.w.org\/{rel}","templated":true}]}}