{"id":360371,"date":"2024-09-26T12:57:11","date_gmt":"2024-09-26T11:57:11","guid":{"rendered":"https:\/\/www.moskito.cz\/produkt\/kapesni-nuz-magnum-most-wanted\/"},"modified":"2025-12-21T20:30:55","modified_gmt":"2025-12-21T19:30:55","slug":"kapesni-nuz-magnum-most-wanted","status":"publish","type":"product","link":"https:\/\/www.moskito.cz\/en\/product\/kapesni-nuz-magnum-most-wanted\/","title":{"rendered":"Zav\u00edrac\u00ed N\u016f\u017e Magnum Most Wanted 01SC078"},"content":{"rendered":"<p>Zav\u00edrac\u00ed N\u016f\u017e <strong>Magnum<\/strong> Most Wanted 01SC078.<\/p>\n<p>Modern\u00ed Magnum Most Wanted p\u0159esv\u011bd\u010d\u00ed n\u00edzkou hmotnost\u00ed, extr\u00e9mn\u00ed stabilitou a nekompromisn\u011b dobrou pozic\u00ed rukou. Distan\u010dn\u00ed vlo\u017eka i texturovan\u00e9 \u0161upiny rukojeti jsou vyrobeny z \u010dern\u00e9ho G10 a poskytuj\u00ed mimo\u0159\u00e1dn\u011b atraktivn\u00ed vzhled. V\u00e1hy jsou nav\u00edc opat\u0159eny vrstvou \u010derven\u00fdch vl\u00e1ken. Matn\u00e1 \u010depel vyroben\u00e1 z 440A je zaji\u0161t\u011bna stabiln\u00edm backlockem. S ozdobn\u00fdm \u0161roubem osy \u010depele, otvorem pro \u0161\u0148\u016frku a sponou (sklopn\u00e1\/p).<\/p>\n<p>Zna\u010dka: Magnum<br \/>\nCelkov\u00e1 d\u00e9lka: 20,50 cm<br \/>\nD\u00e9lka \u010depele: 9,00 cm<br \/>\nTlou\u0161\u0165ka \u010depele: 3,40 mm<br \/>\nHmotnost: 116,00 g<br \/>\nMateri\u00e1l \u010depele: 440A<br \/>\nMateri\u00e1l rukojeti: G10<br \/>\nOtev\u00edrac\u00ed: Manu\u00e1l<br \/>\nTyp z\u00e1mku: Backlock<br \/>\n\u010c\u00edslo polo\u017eky: 01SC078<\/p>\n<p>&nbsp;<\/p>\n","protected":false},"excerpt":{"rendered":"<p><strong>Modern\u00ed Magnum Most Wanted p\u0159esv\u011bd\u010d\u00ed svou n\u00edzkou hmotnost\u00ed, extr\u00e9mn\u00ed stabilitou a nekompromisn\u011b pohodln\u00fdm dr\u017een\u00edm.<\/strong><\/p>\n","protected":false},"featured_media":364500,"comment_status":"closed","ping_status":"closed","template":"","meta":[],"pwb-brand":[140],"product_brand":[],"product_cat":[17,22],"product_tag":[],"class_list":{"0":"post-360371","1":"product","2":"type-product","3":"status-publish","4":"has-post-thumbnail","6":"pwb-brand-boker","7":"product_cat-noze","8":"product_cat-zaviraci-noze","10":"first","11":"outofstock","12":"taxable","13":"shipping-taxable","14":"purchasable","15":"product-type-simple"},"brands":[{"id":140,"name":"Boker","slug":"boker"}],"_links":{"self":[{"href":"https:\/\/www.moskito.cz\/en\/wp-json\/wp\/v2\/product\/360371","targetHints":{"allow":["GET"]}}],"collection":[{"href":"https:\/\/www.moskito.cz\/en\/wp-json\/wp\/v2\/product"}],"about":[{"href":"https:\/\/www.moskito.cz\/en\/wp-json\/wp\/v2\/types\/product"}],"replies":[{"embeddable":true,"href":"https:\/\/www.moskito.cz\/en\/wp-json\/wp\/v2\/comments?post=360371"}],"wp:featuredmedia":[{"embeddable":true,"href":"https:\/\/www.moskito.cz\/en\/wp-json\/wp\/v2\/media\/364500"}],"wp:attachment":[{"href":"https:\/\/www.moskito.cz\/en\/wp-json\/wp\/v2\/media?parent=360371"}],"wp:term":[{"taxonomy":"pwb-brand","embeddable":true,"href":"https:\/\/www.moskito.cz\/en\/wp-json\/wp\/v2\/pwb-brand?post=360371"},{"taxonomy":"product_brand","embeddable":true,"href":"https:\/\/www.moskito.cz\/en\/wp-json\/wp\/v2\/product_brand?post=360371"},{"taxonomy":"product_cat","embeddable":true,"href":"https:\/\/www.moskito.cz\/en\/wp-json\/wp\/v2\/product_cat?post=360371"},{"taxonomy":"product_tag","embeddable":true,"href":"https:\/\/www.moskito.cz\/en\/wp-json\/wp\/v2\/product_tag?post=360371"}],"curies":[{"name":"wp","href":"https:\/\/api.w.org\/{rel}","templated":true}]}}