{"id":360507,"date":"2024-09-26T12:57:58","date_gmt":"2024-09-26T11:57:58","guid":{"rendered":"https:\/\/www.moskito.cz\/produkt\/kapesni-nuz-sw\/"},"modified":"2025-05-07T11:24:41","modified_gmt":"2025-05-07T10:24:41","slug":"kapesni-nuz-sw","status":"publish","type":"product","link":"https:\/\/www.moskito.cz\/en\/product\/kapesni-nuz-sw\/","title":{"rendered":"Kapesn\u00ed n\u016f\u017e SW"},"content":{"rendered":"<ul dir=\"ltr\">\n<li>\n<div align=\"left\">celkov\u00e1 d\u00e9lka\u00a016,4 cm<\/div>\n<\/li>\n<li>\n<div align=\"left\">d\u00e9lka \u010depele\u00a06,7 cm<\/div>\n<\/li>\n<li>\n<div align=\"left\">hmotnost\u00a075 g<\/div>\n<\/li>\n<li>\n<div align=\"left\">materi\u00e1l \u010depele\u00a012C27 &#8211; \u0161v\u00e9dsk\u00e1 ocel Sandvik<\/div>\n<\/li>\n<li>\n<div align=\"left\"><span lang=\"CS\">materi\u00e1l rukojeti nerezov\u00e1 ocel<\/span><\/div>\n<\/li>\n<li>\n<div align=\"left\"><span lang=\"CS\">povrchov\u00e1 \u00faprava rukojeti Stonewash<\/span><\/div>\n<\/li>\n<li>\n<div align=\"left\">manu\u00e1ln\u00ed otv\u00edr\u00e1n\u00ed<\/div>\n<\/li>\n<li>\n<div align=\"left\">s klipem<\/div>\n<\/li>\n<\/ul>\n","protected":false},"excerpt":{"rendered":"<p dir=\"ltr\" align=\"left\">B\u00f6ker Plus Atlas\u00a0SW je spolehliv\u00fd kapesn\u00ed n\u016f\u017e vybaven rukojet\u00ed z nerezov\u00e9 oceli s \u00fapravou Stonewash, kter\u00e1 vytv\u00e1\u0159\u00ed matn\u00fd vzhled a patinu.\u00a0Minimalistick\u00e1 konstrukce je extr\u00e9mn\u011b robustn\u00ed a \u010din\u00ed z praktick\u00e9ho no\u017ee dokonal\u00e9ho spole\u010dn\u00edka ve v\u0161ech situac\u00edch, kter\u00fd si\u00a0snadno porad\u00ed se v\u0161emi ka\u017edodenn\u00edmi \u00fakoly. Sat\u00e9nov\u00e1 \u010depel Droppoint vyroben\u00e1 z 12C27 se otev\u00edr\u00e1 pomoc\u00ed h\u0159eb\u00edku.<\/p>\n","protected":false},"featured_media":360508,"comment_status":"closed","ping_status":"closed","template":"","meta":[],"pwb-brand":[140],"product_brand":[],"product_cat":[17,22],"product_tag":[],"class_list":{"0":"post-360507","1":"product","2":"type-product","3":"status-publish","4":"has-post-thumbnail","6":"pwb-brand-boker","7":"product_cat-noze","8":"product_cat-zaviraci-noze","10":"first","11":"instock","12":"taxable","13":"shipping-taxable","14":"purchasable","15":"product-type-simple"},"brands":[{"id":140,"name":"Boker","slug":"boker"}],"_links":{"self":[{"href":"https:\/\/www.moskito.cz\/en\/wp-json\/wp\/v2\/product\/360507","targetHints":{"allow":["GET"]}}],"collection":[{"href":"https:\/\/www.moskito.cz\/en\/wp-json\/wp\/v2\/product"}],"about":[{"href":"https:\/\/www.moskito.cz\/en\/wp-json\/wp\/v2\/types\/product"}],"replies":[{"embeddable":true,"href":"https:\/\/www.moskito.cz\/en\/wp-json\/wp\/v2\/comments?post=360507"}],"wp:featuredmedia":[{"embeddable":true,"href":"https:\/\/www.moskito.cz\/en\/wp-json\/wp\/v2\/media\/360508"}],"wp:attachment":[{"href":"https:\/\/www.moskito.cz\/en\/wp-json\/wp\/v2\/media?parent=360507"}],"wp:term":[{"taxonomy":"pwb-brand","embeddable":true,"href":"https:\/\/www.moskito.cz\/en\/wp-json\/wp\/v2\/pwb-brand?post=360507"},{"taxonomy":"product_brand","embeddable":true,"href":"https:\/\/www.moskito.cz\/en\/wp-json\/wp\/v2\/product_brand?post=360507"},{"taxonomy":"product_cat","embeddable":true,"href":"https:\/\/www.moskito.cz\/en\/wp-json\/wp\/v2\/product_cat?post=360507"},{"taxonomy":"product_tag","embeddable":true,"href":"https:\/\/www.moskito.cz\/en\/wp-json\/wp\/v2\/product_tag?post=360507"}],"curies":[{"name":"wp","href":"https:\/\/api.w.org\/{rel}","templated":true}]}}