{"id":360527,"date":"2024-09-26T12:57:58","date_gmt":"2024-09-26T11:57:58","guid":{"rendered":"https:\/\/www.moskito.cz\/produkt\/multifunkcni-nastroj-ve-tvaru-snehove-vlocky\/"},"modified":"2025-05-07T11:24:41","modified_gmt":"2025-05-07T10:24:41","slug":"multifunkcni-nastroj-ve-tvaru-snehove-vlocky","status":"publish","type":"product","link":"https:\/\/www.moskito.cz\/en\/product\/multifunkcni-nastroj-ve-tvaru-snehove-vlocky\/","title":{"rendered":"Multifunk\u010dn\u00ed n\u00e1stroj ve tvaru sn\u011bhov\u00e9 vlo\u010dky"},"content":{"rendered":"<p><UL><\/p>\n<p><LI><\/p>\n<p><DIV align=left>6 imbusov\u00fdch kl\u00ed\u010d\u016f v mm velikostech 3\/4\/5\/6\/7\/8<\/DIV><br \/>\n<\/LI><\/p>\n<p><LI><\/p>\n<p><DIV align=left>7 \u0161estihrann\u00fdch imbusov\u00fdch kl\u00ed\u010d\u016f v mm velikostech 8\/9\/10\/11\/12\/13\/14\/16<\/DIV><br \/>\n<\/LI><\/p>\n<p><LI><\/p>\n<p><DIV align=left>\u0161roubov\u00e1k<\/DIV><br \/>\n<\/LI><\/p>\n<p><LI><\/p>\n<p><DIV align=left>k\u0159\u00ed\u017eov\u00fd \u0161roubov\u00e1k<\/DIV><br \/>\n<\/LI><\/p>\n<p><LI><\/p>\n<p><DIV align=left>otv\u00edr\u00e1k na l\u00e1hve a osdtra\u0148ova\u010d izolace z dr\u00e1t\u016f<\/DIV><br \/>\n<\/LI><\/p>\n<p><LI><\/p>\n<p><DIV align=left>prost\u0159edn\u00ed otvor slou\u017e\u00ed jako kl\u00ed\u010d na dotahov\u00e1n\u00ed<\/DIV><br \/>\n<\/LI><\/p>\n<p><LI><\/p>\n<p><DIV align=left>praktick\u00fd otvor na pov\u011b\u0161en\u00ed \u2013 lze vyu\u017e\u00edt i na oh\u00fdb\u00e1n\u00ed dr\u00e1t\u016f<\/DIV><br \/>\n<\/LI><\/p>\n<p><LI><\/p>\n<p><DIV align=left>vyrobeno z nerezov\u00e9 oceli<\/DIV><br \/>\n<\/LI><\/p>\n<p><LI><\/p>\n<p><DIV align=left>d\u00e9lka 6,4 cm<\/DIV><br \/>\n<\/LI><\/p>\n<p><LI><\/p>\n<p><DIV align=left>hmotnost 85 g<\/DIV><br \/>\n<\/LI><br \/>\n<\/UL><\/p>\n","protected":false},"excerpt":{"rendered":"<p><SPAN lang=CS><\/p>\n<p><P dir=ltr align=left>Magnum Snow Crystal Tool je praktick\u00fd v\u00edce\u00fa\u010delov\u00fd n\u00e1stroj. P\u0159ipom\u00edn\u00e1 sn\u011bhovou vlo\u010dku, je vyroben z v\u00edce ne\u017e osmi milimetr\u016f siln\u00e9 nerezov\u00e9 oceli a kombinuje celkem 18 funkc\u00ed. <\/P><\/p>\n","protected":false},"featured_media":360528,"comment_status":"closed","ping_status":"closed","template":"","meta":[],"pwb-brand":[140],"product_brand":[],"product_cat":[50],"product_tag":[],"class_list":{"0":"post-360527","1":"product","2":"type-product","3":"status-publish","4":"has-post-thumbnail","6":"pwb-brand-boker","7":"product_cat-multi-tool","9":"first","10":"outofstock","11":"taxable","12":"shipping-taxable","13":"purchasable","14":"product-type-simple"},"brands":[{"id":140,"name":"Boker","slug":"boker"}],"_links":{"self":[{"href":"https:\/\/www.moskito.cz\/en\/wp-json\/wp\/v2\/product\/360527","targetHints":{"allow":["GET"]}}],"collection":[{"href":"https:\/\/www.moskito.cz\/en\/wp-json\/wp\/v2\/product"}],"about":[{"href":"https:\/\/www.moskito.cz\/en\/wp-json\/wp\/v2\/types\/product"}],"replies":[{"embeddable":true,"href":"https:\/\/www.moskito.cz\/en\/wp-json\/wp\/v2\/comments?post=360527"}],"wp:featuredmedia":[{"embeddable":true,"href":"https:\/\/www.moskito.cz\/en\/wp-json\/wp\/v2\/media\/360528"}],"wp:attachment":[{"href":"https:\/\/www.moskito.cz\/en\/wp-json\/wp\/v2\/media?parent=360527"}],"wp:term":[{"taxonomy":"pwb-brand","embeddable":true,"href":"https:\/\/www.moskito.cz\/en\/wp-json\/wp\/v2\/pwb-brand?post=360527"},{"taxonomy":"product_brand","embeddable":true,"href":"https:\/\/www.moskito.cz\/en\/wp-json\/wp\/v2\/product_brand?post=360527"},{"taxonomy":"product_cat","embeddable":true,"href":"https:\/\/www.moskito.cz\/en\/wp-json\/wp\/v2\/product_cat?post=360527"},{"taxonomy":"product_tag","embeddable":true,"href":"https:\/\/www.moskito.cz\/en\/wp-json\/wp\/v2\/product_tag?post=360527"}],"curies":[{"name":"wp","href":"https:\/\/api.w.org\/{rel}","templated":true}]}}