{"id":360541,"date":"2024-09-26T12:57:58","date_gmt":"2024-09-26T11:57:58","guid":{"rendered":"https:\/\/www.moskito.cz\/produkt\/kapesni-nuz-annual-damascus-2021\/"},"modified":"2025-05-07T11:24:42","modified_gmt":"2025-05-07T10:24:42","slug":"kapesni-nuz-annual-damascus-2021","status":"publish","type":"product","link":"https:\/\/www.moskito.cz\/en\/product\/kapesni-nuz-annual-damascus-2021\/","title":{"rendered":"Kapesn\u00ed n\u016f\u017e Annual Damascus 2021"},"content":{"rendered":"<p><UL><\/p>\n<p><LI>celkov\u00e1 d\u00e9lka: 18,8 cm <\/p>\n<p><LI>d\u00e9lka \u010depele: 8,3 cm <\/p>\n<p><LI>hmotnost: 69 g <\/p>\n<p><LI>materi\u00e1l \u010depele: dama\u0161kov\u00e1 ocel <\/p>\n<p><LI>materi\u00e1l rukojeti: mod\u0159e stabilizovan\u00e9 javorov\u00e9 d\u0159evo <\/p>\n<p><LI>ru\u010dn\u00ed otv\u00edr\u00e1n\u00ed <\/p>\n<p><LI>typ pojistky: Slipjoint <\/p>\n<p><LI>s certifik\u00e1tem pravosti a s\u00e9riov\u00fdm \u010d\u00edslem<\/LI><br \/>\n<\/UL><\/p>\n","protected":false},"excerpt":{"rendered":"<p><P>Jako sb\u011bratelsk\u00fd n\u016f\u017e pro rok 2021 byl zvolen obl\u00edben\u00fd B\u00f6ker Trapper Uno, kter\u00fd je d\u00edky sv\u00e9mu extr\u00e9mn\u011b \u00fazk\u00e9mu designu dokonal\u00fdm spole\u010dn\u00edkem pro ka\u017ed\u00fd den a za sv\u016fj n\u00e1zev vd\u011b\u010d\u00ed americk\u00fdm Rangers z doby osadn\u00edk\u016f. Je vybaven \u010depel\u00ed z dama\u0161kov\u00e9 oceli, kter\u00e1 je ru\u010dn\u011b kovan\u00e1 podle vzoru Ripple. Jedine\u010dn\u00e1 rukoje\u0165 je vyrobena z mod\u0159e stabilizovan\u00e9ho javorov\u00e9ho d\u0159eva, kter\u00e9 m\u00e1 unik\u00e1tn\u00ed p\u0159\u00ed\u010dn\u011b pruhovan\u00fd vzor, v kombinaci s mosazn\u00fdmi n\u00fdty a m\u011bstsk\u00fdm znakem Solingenu. N\u016f\u017e je ru\u010dn\u011b vyroben v manufaktu\u0159e Solingenu a po\u010det vyroben\u00fdch kus\u016f pro cel\u00fd sv\u011bt je p\u0159\u00edsn\u011b omezen na 999. S certifik\u00e1tem pravosti a individu\u00e1ln\u00edm s\u00e9riov\u00fdm \u010d\u00edslem.<\/P><\/p>\n","protected":false},"featured_media":360542,"comment_status":"closed","ping_status":"closed","template":"","meta":[],"pwb-brand":[140],"product_brand":[],"product_cat":[17,22],"product_tag":[],"class_list":{"0":"post-360541","1":"product","2":"type-product","3":"status-publish","4":"has-post-thumbnail","6":"pwb-brand-boker","7":"product_cat-noze","8":"product_cat-zaviraci-noze","10":"first","11":"outofstock","12":"taxable","13":"shipping-taxable","14":"purchasable","15":"product-type-simple"},"brands":[{"id":140,"name":"Boker","slug":"boker"}],"_links":{"self":[{"href":"https:\/\/www.moskito.cz\/en\/wp-json\/wp\/v2\/product\/360541","targetHints":{"allow":["GET"]}}],"collection":[{"href":"https:\/\/www.moskito.cz\/en\/wp-json\/wp\/v2\/product"}],"about":[{"href":"https:\/\/www.moskito.cz\/en\/wp-json\/wp\/v2\/types\/product"}],"replies":[{"embeddable":true,"href":"https:\/\/www.moskito.cz\/en\/wp-json\/wp\/v2\/comments?post=360541"}],"wp:featuredmedia":[{"embeddable":true,"href":"https:\/\/www.moskito.cz\/en\/wp-json\/wp\/v2\/media\/360542"}],"wp:attachment":[{"href":"https:\/\/www.moskito.cz\/en\/wp-json\/wp\/v2\/media?parent=360541"}],"wp:term":[{"taxonomy":"pwb-brand","embeddable":true,"href":"https:\/\/www.moskito.cz\/en\/wp-json\/wp\/v2\/pwb-brand?post=360541"},{"taxonomy":"product_brand","embeddable":true,"href":"https:\/\/www.moskito.cz\/en\/wp-json\/wp\/v2\/product_brand?post=360541"},{"taxonomy":"product_cat","embeddable":true,"href":"https:\/\/www.moskito.cz\/en\/wp-json\/wp\/v2\/product_cat?post=360541"},{"taxonomy":"product_tag","embeddable":true,"href":"https:\/\/www.moskito.cz\/en\/wp-json\/wp\/v2\/product_tag?post=360541"}],"curies":[{"name":"wp","href":"https:\/\/api.w.org\/{rel}","templated":true}]}}