{"id":360646,"date":"2024-09-26T12:58:29","date_gmt":"2024-09-26T11:58:29","guid":{"rendered":"https:\/\/www.moskito.cz\/produkt\/kapesni-nuz-boker-plus-connector-titan\/"},"modified":"2025-05-07T11:24:45","modified_gmt":"2025-05-07T10:24:45","slug":"kapesni-nuz-boker-plus-connector-titan","status":"publish","type":"product","link":"https:\/\/www.moskito.cz\/en\/product\/kapesni-nuz-boker-plus-connector-titan\/","title":{"rendered":"Zav\u00edrac\u00ed N\u016f\u017e B\u00f6ker Plus Connector Titan 01BO353"},"content":{"rendered":"<p>Zav\u00edrac\u00ed N\u016f\u017e <strong>B\u00f6ker Plus<\/strong> Connector Titan 01BO353.<\/p>\n<p>\u0160ikovn\u00fd <strong>B\u00f6ker Plus Connector<\/strong> nese nezam\u011bniteln\u011b podpis polsk\u00e9ho no\u017e\u00ed\u0159e Jakuba Wieczorkiewicze, kter\u00fd je dnes zn\u00e1m\u00fd po cel\u00e9m sv\u011bt\u011b sv\u00fdmi modern\u00edmi slo\u017ekami pod svou zna\u010dkou Poltergeist Works . \u00dapln\u00e9 knihy objedn\u00e1vek, perfektn\u00ed zpracov\u00e1n\u00ed a individu\u00e1ln\u00ed realizace znamenaj\u00ed, \u017ee jeho ru\u010dn\u011b vyr\u00e1b\u011bn\u00e9 kusy dosahuj\u00ed \u0161pi\u010dkov\u00fdch mezin\u00e1rodn\u00edch cen. Jako kompaktn\u00ed EDC je Connector vybaven \u010depel\u00ed s hrotem z CPM-S-35VN s kuli\u010dkov\u00fdm lo\u017eiskem , kter\u00e1 se otev\u00edr\u00e1 pomoc\u00ed odn\u00edmateln\u00e9ho palcov\u00e9ho kol\u00edku a spolehliv\u011b aretuje zes\u00edlen\u00fdm r\u00e1mov\u00fdm z\u00e1mkem . Stupnice rukojeti z vysoce pevn\u00e9ho titanu maj\u00ed jemnou povrchovou \u00fapravu beadblast a pohodln\u011b se dr\u017e\u00ed, zat\u00edmco dr\u00e1\u017eky na h\u0159betu \u010depele zvy\u0161uj\u00ed bezpe\u010dnost pr\u00e1ce. S ozdobn\u00fdm \u0161roubem osy \u010depele, smy\u010dkou na lano , praktickou sponou pro hlubok\u00e9 no\u0161en\u00ed (sklopn\u00e1\/p) a vysoce kvalitn\u00edm nylonov\u00fdm pouzdrem pro skladov\u00e1n\u00ed.<\/p>\n<p>Zna\u010dka: Boker Plus<br \/>\nCelkov\u00e1 d\u00e9lka: 17,50 cm<br \/>\nD\u00e9lka \u010depele: 7,45 cm<br \/>\nTlou\u0161\u0165ka \u010depele: 3,30 mm<br \/>\nHmotnost: 85,00 g<br \/>\nN\u00e1vrh\u00e1\u0159: Poltergeist Works<br \/>\nMateri\u00e1l \u010depele: CPM-S-35VN<br \/>\nMateri\u00e1l rukojeti: titan<br \/>\nPom\u016fcka pro otev\u00edr\u00e1n\u00ed: P\u0159ip\u00edn\u00e1\u010dek na palec<br \/>\nOtev\u00edrac\u00ed: Ru\u010dn\u011b<br \/>\nUzav\u0159en\u00ed: Z\u00e1mek r\u00e1mu<br \/>\n\u010c\u00edslo polo\u017eky: 01BO353<\/p>\n<p>&nbsp;<\/p>\n","protected":false},"excerpt":{"rendered":"<p><strong>\u0160ikovn\u00fd n\u016f\u017e B\u00f6ker Plus Connector nese nezam\u011bniteln\u00fd podpis polsk\u00e9ho no\u017e\u00ed\u0159e Jakuba Wieczorkiewicze, kter\u00fd je dnes zn\u00e1m\u00fd po cel\u00e9m sv\u011bt\u011b pod obchodn\u00ed zna\u010dkou Poltergeist Works.\u00a0<\/strong><\/p>\n<p><strong>Doprava zdarma.<\/strong><\/p>\n","protected":false},"featured_media":367073,"comment_status":"closed","ping_status":"closed","template":"","meta":[],"pwb-brand":[140],"product_brand":[],"product_cat":[17,22],"product_tag":[],"class_list":{"0":"post-360646","1":"product","2":"type-product","3":"status-publish","4":"has-post-thumbnail","6":"pwb-brand-boker","7":"product_cat-noze","8":"product_cat-zaviraci-noze","10":"first","11":"instock","12":"taxable","13":"shipping-taxable","14":"purchasable","15":"product-type-simple"},"brands":[{"id":140,"name":"Boker","slug":"boker"}],"_links":{"self":[{"href":"https:\/\/www.moskito.cz\/en\/wp-json\/wp\/v2\/product\/360646","targetHints":{"allow":["GET"]}}],"collection":[{"href":"https:\/\/www.moskito.cz\/en\/wp-json\/wp\/v2\/product"}],"about":[{"href":"https:\/\/www.moskito.cz\/en\/wp-json\/wp\/v2\/types\/product"}],"replies":[{"embeddable":true,"href":"https:\/\/www.moskito.cz\/en\/wp-json\/wp\/v2\/comments?post=360646"}],"wp:featuredmedia":[{"embeddable":true,"href":"https:\/\/www.moskito.cz\/en\/wp-json\/wp\/v2\/media\/367073"}],"wp:attachment":[{"href":"https:\/\/www.moskito.cz\/en\/wp-json\/wp\/v2\/media?parent=360646"}],"wp:term":[{"taxonomy":"pwb-brand","embeddable":true,"href":"https:\/\/www.moskito.cz\/en\/wp-json\/wp\/v2\/pwb-brand?post=360646"},{"taxonomy":"product_brand","embeddable":true,"href":"https:\/\/www.moskito.cz\/en\/wp-json\/wp\/v2\/product_brand?post=360646"},{"taxonomy":"product_cat","embeddable":true,"href":"https:\/\/www.moskito.cz\/en\/wp-json\/wp\/v2\/product_cat?post=360646"},{"taxonomy":"product_tag","embeddable":true,"href":"https:\/\/www.moskito.cz\/en\/wp-json\/wp\/v2\/product_tag?post=360646"}],"curies":[{"name":"wp","href":"https:\/\/api.w.org\/{rel}","templated":true}]}}