{"id":360748,"date":"2024-09-26T12:59:06","date_gmt":"2024-09-26T11:59:06","guid":{"rendered":"https:\/\/www.moskito.cz\/produkt\/kapesi-nuz-boker-plus-cataclyst-damast\/"},"modified":"2025-05-07T11:24:50","modified_gmt":"2025-05-07T10:24:50","slug":"kapesi-nuz-boker-plus-cataclyst-damast","status":"publish","type":"product","link":"https:\/\/www.moskito.cz\/en\/product\/kapesi-nuz-boker-plus-cataclyst-damast\/","title":{"rendered":"Zav\u00edrac\u00ed Dama\u0161kov\u00fd N\u016f\u017e B\u00f6ker Plus Cataclyst Damast 01BO478DAM"},"content":{"rendered":"<p>Zav\u00edrac\u00ed Dama\u0161kov\u00fd N\u016f\u017e <strong>B\u00f6ker Plus<\/strong> Cataclyst Damast 01BO478DAM.<\/p>\n<p>Jako kombinace modern\u00edho EDC a kvalitn\u00edho gentlemansk\u00e9ho no\u017ee zaujme B\u00f6ker Plus Cataclyst celoplo\u0161n\u011b i ve verzi Dama\u0161ek se 110 vrstvami. Stabiln\u00ed \u010depel se otev\u00edr\u00e1 pomoc\u00ed kuli\u010dkov\u00e9ho lo\u017eiska pomoc\u00ed flipperu a m\u00e1 ploch\u00e9 brou\u0161en\u00ed a dr\u00e1\u017eku na obou stran\u00e1ch. Je spolehliv\u011b uzam\u010dena zes\u00edlen\u00fdm r\u00e1mov\u00fdm z\u00e1mkem. Zvln\u011bn\u00ed v oblasti op\u011brky palce a na backspaceru d\u00e1le zvy\u0161uje bezpe\u010dnost pr\u00e1ce. Rovn\u00e1 konstrukce je vybavena p\u0159edn\u00ed rukojet\u00ed z trojrozm\u011brn\u011b fr\u00e9zovan\u00e9 Micarty , kter\u00e1 je povrchov\u011b upravena v tlumen\u00e9 zelen\u00e9 barv\u011b. Z\u00e1mek r\u00e1mu a spona (tip-up\/r) , kter\u00e1 je rovn\u011b\u017e trojrozm\u011brn\u011b vyfr\u00e9zov\u00e1na z pln\u00e9ho materi\u00e1lu, maj\u00ed sat\u00e9novou \u00fapravu. S poutkem na \u0161\u0148\u016frku a vysoce kvalitn\u00edm nylonov\u00fdm pouzdrem pro skladov\u00e1n\u00ed.<\/p>\n<p>Zna\u010dka: Boker Plus<br \/>\nCelkov\u00e1 d\u00e9lka: 17,30 cm<br \/>\nD\u00e9lka \u010depele: 7,80 cm<br \/>\nTlou\u0161\u0165ka \u010depele: 3,80 mm<br \/>\nHmotnost: 76,00 g<br \/>\nMateri\u00e1l \u010depele: dama\u0161ek<br \/>\nMateri\u00e1l rukojeti: Micarta<br \/>\nPom\u016fcka pro otev\u00edr\u00e1n\u00ed: Pinball<br \/>\nOtev\u00edrac\u00ed: Ru\u010dn\u011b<br \/>\nUzav\u0159en\u00ed: Z\u00e1mek r\u00e1mu<br \/>\nBarva: Zelen\u00fd<br \/>\n\u010c\u00edslo polo\u017eky: 01BO478DAM<\/p>\n","protected":false},"excerpt":{"rendered":"<p><strong>Jako kombinace modern\u00edho EDC a kvalitn\u00edho gentlemansk\u00e9ho no\u017ee zaujme B\u00f6ker Plus Cataclyst celoplo\u0161n\u011b i ve verzi Dama\u0161ek se 110 vrstvami.<\/strong><\/p>\n","protected":false},"featured_media":367311,"comment_status":"closed","ping_status":"closed","template":"","meta":[],"pwb-brand":[140],"product_brand":[],"product_cat":[25,17],"product_tag":[],"class_list":{"0":"post-360748","1":"product","2":"type-product","3":"status-publish","4":"has-post-thumbnail","6":"pwb-brand-boker","7":"product_cat-damascenske-noze","8":"product_cat-noze","10":"first","11":"instock","12":"taxable","13":"shipping-taxable","14":"purchasable","15":"product-type-simple"},"brands":[{"id":140,"name":"Boker","slug":"boker"}],"_links":{"self":[{"href":"https:\/\/www.moskito.cz\/en\/wp-json\/wp\/v2\/product\/360748","targetHints":{"allow":["GET"]}}],"collection":[{"href":"https:\/\/www.moskito.cz\/en\/wp-json\/wp\/v2\/product"}],"about":[{"href":"https:\/\/www.moskito.cz\/en\/wp-json\/wp\/v2\/types\/product"}],"replies":[{"embeddable":true,"href":"https:\/\/www.moskito.cz\/en\/wp-json\/wp\/v2\/comments?post=360748"}],"wp:featuredmedia":[{"embeddable":true,"href":"https:\/\/www.moskito.cz\/en\/wp-json\/wp\/v2\/media\/367311"}],"wp:attachment":[{"href":"https:\/\/www.moskito.cz\/en\/wp-json\/wp\/v2\/media?parent=360748"}],"wp:term":[{"taxonomy":"pwb-brand","embeddable":true,"href":"https:\/\/www.moskito.cz\/en\/wp-json\/wp\/v2\/pwb-brand?post=360748"},{"taxonomy":"product_brand","embeddable":true,"href":"https:\/\/www.moskito.cz\/en\/wp-json\/wp\/v2\/product_brand?post=360748"},{"taxonomy":"product_cat","embeddable":true,"href":"https:\/\/www.moskito.cz\/en\/wp-json\/wp\/v2\/product_cat?post=360748"},{"taxonomy":"product_tag","embeddable":true,"href":"https:\/\/www.moskito.cz\/en\/wp-json\/wp\/v2\/product_tag?post=360748"}],"curies":[{"name":"wp","href":"https:\/\/api.w.org\/{rel}","templated":true}]}}