{"id":360791,"date":"2024-09-26T12:59:06","date_gmt":"2024-09-26T11:59:06","guid":{"rendered":"https:\/\/www.moskito.cz\/produkt\/nuz-magnum-alacran\/"},"modified":"2025-05-07T11:24:53","modified_gmt":"2025-05-07T10:24:53","slug":"nuz-magnum-alacran","status":"publish","type":"product","link":"https:\/\/www.moskito.cz\/en\/product\/nuz-magnum-alacran\/","title":{"rendered":"Pevn\u00fd N\u016f\u017e Magnum Alacr\u00e1n 02RY400"},"content":{"rendered":"<p>Pevn\u00fd N\u016f\u017e <strong>Magnum<\/strong> Alacr\u00e1n 02RY400.<\/p>\n<p>Majest\u00e1tn\u00ed vzhled, \u00facta a legend\u00e1rn\u00ed \u2013 \u0161t\u00edr p\u0159itahoval lidi po tis\u00edce let a hr\u00e1l ned\u00edlnou roli v historii cel\u00e9 \u0159ady kultur. O d\u016fvod v\u00edc, pro\u010d tuto fascinaci p\u0159en\u00e9st na n\u016f\u017e. Pro tento mimo\u0159\u00e1dn\u00fd projekt se poda\u0159ilo z\u00edskat n\u00e1vrh\u00e1\u0159e no\u017e\u016f Fernanda Santose ze Santos Knives a spole\u010dn\u011b s B\u00f6kerem vyvinul Magnum Alacr\u00e1n (n\u011bmeck\u00fd \u0161korpi\u00f3n). No\u017e\u00ed\u0159 z Mexika nastavuje p\u0159edev\u0161\u00edm jeden standard: maxim\u00e1ln\u00ed efektivitu. Charakteristika, kter\u00e1 se dokonale hod\u00ed ke \u0161korpionovi a je p\u016fsobiv\u011b implementov\u00e1na v taktick\u00e9 d\u00fdce. Ob\u00e1van\u00e9 jedovat\u00e9 \u017eihadlo m\u00e1 podobu \u010depele z toxick\u00e9ho 440B, kter\u00e1 je oboustrann\u011b nabrou\u0161en\u00e1 a nav\u00edc m\u00e1 elegantn\u00ed sat\u00e9nov\u00fd povrch. N\u016f\u017e, kter\u00fd je konstruov\u00e1n v proveden\u00ed full tang, m\u00e1 nav\u00edc dr\u00e1\u017eky na hrotu a tvarovan\u00e9 hlin\u00edkov\u00e9 \u0161upiny rukojeti, kter\u00e9 umo\u017e\u0148uj\u00ed nekompromisn\u00ed \u00fachop jako masivn\u00ed n\u016f\u017eky \u0161t\u00edra by nemohly ud\u011blat l\u00e9pe. Tvar a barva dovedn\u011b odr\u00e1\u017eej\u00ed exoskelet stejnojmenn\u00e9ho zv\u00ed\u0159ete, zat\u00edmco rozb\u00edje\u010d skla na konci rukojeti roz\u0161i\u0159uje oblast lovu. Dod\u00e1v\u00e1no s vysoce kvalitn\u00edm pouzdrem Kydex a adapt\u00e9rem na opasek.<\/p>\n<p>Zna\u010dka: Magnum<br \/>\nCelkov\u00e1 d\u00e9lka: 23,80 cm<br \/>\nD\u00e9lka \u010depele: 11,50 cm<br \/>\nTlou\u0161\u0165ka \u010depele: 5,00 mm<br \/>\nHmotnost: 274,00 g<br \/>\nN\u00e1vrh\u00e1\u0159: Fernando Santos<br \/>\nMateri\u00e1l \u010depele: 440B<br \/>\nMateri\u00e1l rukojeti: hlin\u00edk<br \/>\nBarva: \u010cern\u00e1<br \/>\n\u010c\u00edslo polo\u017eky: 02RY400<\/p>\n<p>&nbsp;<\/p>\n","protected":false},"excerpt":{"rendered":"<p><strong>Majest\u00e1tn\u00ed vzhled, \u00facta a legend\u00e1rn\u00ed \u2013 \u0161t\u00edr p\u0159itahoval lidi po tis\u00edce let a hr\u00e1l ned\u00edlnou roli v historii cel\u00e9 \u0159ady kultur. O d\u016fvod v\u00edc, pro\u010d tuto fascinaci p\u0159en\u00e9st na n\u016f\u017e. Pro tento mimo\u0159\u00e1dn\u00fd projekt se poda\u0159ilo z\u00edskat n\u00e1vrh\u00e1\u0159e no\u017e\u016f Fernanda Santose ze Santos Knives a spole\u010dn\u011b s B\u00f6kerem vyvinul Magnum Alacr\u00e1n (n\u011bmeck\u00fd \u0161korpi\u00f3n).<\/strong><\/p>\n","protected":false},"featured_media":368105,"comment_status":"closed","ping_status":"closed","template":"","meta":[],"pwb-brand":[140],"product_brand":[],"product_cat":[23,17],"product_tag":[],"class_list":{"0":"post-360791","1":"product","2":"type-product","3":"status-publish","4":"has-post-thumbnail","6":"pwb-brand-boker","7":"product_cat-pevne-noze","8":"product_cat-noze","10":"first","11":"instock","12":"taxable","13":"shipping-taxable","14":"purchasable","15":"product-type-simple"},"brands":[{"id":140,"name":"Boker","slug":"boker"}],"_links":{"self":[{"href":"https:\/\/www.moskito.cz\/en\/wp-json\/wp\/v2\/product\/360791","targetHints":{"allow":["GET"]}}],"collection":[{"href":"https:\/\/www.moskito.cz\/en\/wp-json\/wp\/v2\/product"}],"about":[{"href":"https:\/\/www.moskito.cz\/en\/wp-json\/wp\/v2\/types\/product"}],"replies":[{"embeddable":true,"href":"https:\/\/www.moskito.cz\/en\/wp-json\/wp\/v2\/comments?post=360791"}],"wp:featuredmedia":[{"embeddable":true,"href":"https:\/\/www.moskito.cz\/en\/wp-json\/wp\/v2\/media\/368105"}],"wp:attachment":[{"href":"https:\/\/www.moskito.cz\/en\/wp-json\/wp\/v2\/media?parent=360791"}],"wp:term":[{"taxonomy":"pwb-brand","embeddable":true,"href":"https:\/\/www.moskito.cz\/en\/wp-json\/wp\/v2\/pwb-brand?post=360791"},{"taxonomy":"product_brand","embeddable":true,"href":"https:\/\/www.moskito.cz\/en\/wp-json\/wp\/v2\/product_brand?post=360791"},{"taxonomy":"product_cat","embeddable":true,"href":"https:\/\/www.moskito.cz\/en\/wp-json\/wp\/v2\/product_cat?post=360791"},{"taxonomy":"product_tag","embeddable":true,"href":"https:\/\/www.moskito.cz\/en\/wp-json\/wp\/v2\/product_tag?post=360791"}],"curies":[{"name":"wp","href":"https:\/\/api.w.org\/{rel}","templated":true}]}}