{"id":360801,"date":"2024-09-26T12:59:06","date_gmt":"2024-09-26T11:59:06","guid":{"rendered":"https:\/\/www.moskito.cz\/produkt\/kapesni-nuz-boker-plus-nubilum\/"},"modified":"2025-05-07T11:24:53","modified_gmt":"2025-05-07T10:24:53","slug":"kapesni-nuz-boker-plus-nubilum","status":"publish","type":"product","link":"https:\/\/www.moskito.cz\/en\/product\/kapesni-nuz-boker-plus-nubilum\/","title":{"rendered":"Zav\u00edrac\u00ed N\u016f\u017e B\u00f6ker Plus Nubilum 01BO492"},"content":{"rendered":"<p>Zav\u00edrac\u00ed N\u016f\u017e <strong>B\u00f6ker Plus<\/strong> Nubilum 01BO492.<\/p>\n<p>Ponur\u00e9 vyhl\u00eddky pro v\u0161echny tvrdohlav\u00e9 \u0159ezac\u00ed \u00fakoly ka\u017edodenn\u00edho \u017eivota: Dosp\u011bl\u00fd B\u00f6ker Plus Nubilum \u0161\u00ed\u0159\u00ed stylovou eleganci ve sv\u011bt\u011b EDC a ji\u017e \u010dek\u00e1 na sv\u00e9 prvn\u00ed pou\u017eit\u00ed. Kapesn\u00ed n\u016f\u017e, kter\u00fd je vybaven p\u016fsobivou \u010depel\u00ed D2 drop point , s jistotou pro\u0159e\u017ee karton, lana nebo men\u0161\u00ed v\u011btve. Flipper a liner lock usnad\u0148uj\u00ed pou\u017e\u00edv\u00e1n\u00ed Nubilum a podtrhuj\u00ed obvykl\u00fd v\u00fdkon B\u00f6ker Plus. Rukoje\u0165 z divok\u00e9ho uhl\u00edkov\u00e9ho vl\u00e1kna je ergonomicky tvarovan\u00e1 a skv\u011ble padne do ruky i za t\u011bch nejnep\u0159\u00edzniv\u011bj\u0161\u00edch podm\u00ednek. V\u00fdrazn\u00e9 \u0161upiny rukojeti jsou ozdobn\u011b zv\u00fdrazn\u011bny modrou eloxovanou vlo\u017ekou v\u010detn\u011b \u0161roub\u016f a oran\u017eov\u00fdm krou\u017ekem na \u0161roubu osy \u010depele. Spona umo\u017e\u0148uje no\u0161en\u00ed ve sklopn\u00e9m stavu (r) a m\u00e1 dal\u0161\u00ed mo\u017enost p\u0159ipevn\u011bn\u00ed pomoc\u00ed poutka.<\/p>\n<p>Celkov\u00e1 d\u00e9lka: 21,00 cm<br \/>\nD\u00e9lka \u010depele: 9,10 cm<br \/>\nTlou\u0161\u0165ka \u010depele: 4,00 mm<br \/>\nHmotnost: 132,00 g<br \/>\nMateri\u00e1l \u010depele: D2<br \/>\nMateri\u00e1l rukojeti: Uhl\u00edkov\u00e9 vl\u00e1kno<br \/>\nPom\u016fcka pro otev\u00edr\u00e1n\u00ed: Pinball<br \/>\nOtev\u00edrac\u00ed: Ru\u010dn\u011b<br \/>\nUzav\u0159en\u00ed: Z\u00e1mek r\u00e1mu<br \/>\nBarva: \u010cern\u00e1<br \/>\nBarva \u010depele: Nepota\u017een\u00e9<br \/>\n\u010c\u00edslo polo\u017eky: 01BO492<\/p>\n<p>&nbsp;<\/p>\n","protected":false},"excerpt":{"rendered":"<p><strong>Ponur\u00e9 vyhl\u00eddky pro v\u0161echny tvrdohlav\u00e9 \u0159ezac\u00ed \u00fakoly ka\u017edodenn\u00edho \u017eivota: Dosp\u011bl\u00fd B\u00f6ker Plus Nubilum \u0161\u00ed\u0159\u00ed stylovou eleganci ve sv\u011bt\u011b EDC a ji\u017e \u010dek\u00e1 na sv\u00e9 prvn\u00ed pou\u017eit\u00ed.<\/strong><\/p>\n","protected":false},"featured_media":367361,"comment_status":"closed","ping_status":"closed","template":"","meta":[],"pwb-brand":[140],"product_brand":[],"product_cat":[17,22],"product_tag":[],"class_list":{"0":"post-360801","1":"product","2":"type-product","3":"status-publish","4":"has-post-thumbnail","6":"pwb-brand-boker","7":"product_cat-noze","8":"product_cat-zaviraci-noze","10":"first","11":"instock","12":"taxable","13":"shipping-taxable","14":"purchasable","15":"product-type-simple"},"brands":[{"id":140,"name":"Boker","slug":"boker"}],"_links":{"self":[{"href":"https:\/\/www.moskito.cz\/en\/wp-json\/wp\/v2\/product\/360801","targetHints":{"allow":["GET"]}}],"collection":[{"href":"https:\/\/www.moskito.cz\/en\/wp-json\/wp\/v2\/product"}],"about":[{"href":"https:\/\/www.moskito.cz\/en\/wp-json\/wp\/v2\/types\/product"}],"replies":[{"embeddable":true,"href":"https:\/\/www.moskito.cz\/en\/wp-json\/wp\/v2\/comments?post=360801"}],"wp:featuredmedia":[{"embeddable":true,"href":"https:\/\/www.moskito.cz\/en\/wp-json\/wp\/v2\/media\/367361"}],"wp:attachment":[{"href":"https:\/\/www.moskito.cz\/en\/wp-json\/wp\/v2\/media?parent=360801"}],"wp:term":[{"taxonomy":"pwb-brand","embeddable":true,"href":"https:\/\/www.moskito.cz\/en\/wp-json\/wp\/v2\/pwb-brand?post=360801"},{"taxonomy":"product_brand","embeddable":true,"href":"https:\/\/www.moskito.cz\/en\/wp-json\/wp\/v2\/product_brand?post=360801"},{"taxonomy":"product_cat","embeddable":true,"href":"https:\/\/www.moskito.cz\/en\/wp-json\/wp\/v2\/product_cat?post=360801"},{"taxonomy":"product_tag","embeddable":true,"href":"https:\/\/www.moskito.cz\/en\/wp-json\/wp\/v2\/product_tag?post=360801"}],"curies":[{"name":"wp","href":"https:\/\/api.w.org\/{rel}","templated":true}]}}