{"id":360889,"date":"2024-09-26T12:59:40","date_gmt":"2024-09-26T11:59:40","guid":{"rendered":"https:\/\/www.moskito.cz\/produkt\/nuz-boker-plus-bill-n-ted-operation\/"},"modified":"2025-05-07T11:24:58","modified_gmt":"2025-05-07T10:24:58","slug":"nuz-boker-plus-bill-n-ted-operation","status":"publish","type":"product","link":"https:\/\/www.moskito.cz\/en\/product\/nuz-boker-plus-bill-n-ted-operation\/","title":{"rendered":"Zav\u00edrac\u00ed N\u016f\u017e B\u00d6KER PLUS BILL N TED OPERATION"},"content":{"rendered":"<p>N\u016f\u017e B\u00d6KER PLUS BILL N TED OPERATION.<\/p>\n<p>Na motivy sci-fi komedie z konce 80. let se americk\u00fd n\u00e1vrh\u00e1\u0159 no\u017e\u016f Keanu Alfaro vyd\u00e1v\u00e1 na dechberouc\u00ed cestu, na n\u00ed\u017e prostorem a \u010dasem p\u0159enesl kultovn\u00ed operaci <strong>B\u00f6ker Plus Bill N Ted<\/strong>. Hlavn\u00ed role nyn\u00ed pat\u0159\u00ed praktick\u00e9mu no\u017ei EDC, jmenovec Alfaro pak z\u016fst\u00e1v\u00e1 pouze p\u0159\u00edplatkem. Kapesn\u00ed n\u016f\u017e, vybaven\u00fd sat\u00e9novou \u010depel\u00ed D2, se sm\u011ble pou\u0161t\u00ed do pr\u00e1ce a \u0159e\u017ee krabice, obaly nebo \u0161\u0148\u016fry za letu. Palec pro otev\u00edr\u00e1n\u00ed lze vyjmout; z\u00e1mek liner bezpe\u010dn\u011b zaji\u0161\u0165uje \u010depel. \u010cepel no\u017ee s posuvnou z\u00e1padkou v zadn\u00ed \u010d\u00e1sti rukojeti sebev\u011bdom\u011b p\u0159eb\u00edr\u00e1 podp\u016frnou roli a dopl\u0148uje odv\u00e1\u017enou dvojici. Rukoje\u0165, kter\u00e1 kombinuje modern\u00ed, dr\u00e1\u017ekovan\u00fd G10 s klasick\u00fdm hlin\u00edkem v \u010dist\u00e9m vzhledu, je neklamn\u00fdm sv\u011bdectv\u00edm o cest\u011b \u010dasem. Tip-Up Clip (r), kter\u00fd umo\u017e\u0148uje hlubok\u00e9 no\u0161en\u00ed, je tak\u00e9 odoln\u00fd v\u016f\u010di budoucnosti. B\u00f6ker Plus Bill N Ted Operation &#8211; Budoucnost je nyn\u00ed!<\/p>\n<p>Zna\u010dka: Boker Plus<br \/>\nCelkov\u00e1 d\u00e9lka: 16,70 cm<br \/>\nD\u00e9lka \u010depele: 7,40 cm<br \/>\nTlou\u0161\u0165ka \u010depele: 2,60 mm<br \/>\nHmotnost: 129,00 g<br \/>\nN\u00e1vrh\u00e1\u0159: Keanu Alfaro<br \/>\nMateri\u00e1l \u010depele: D2<br \/>\nMateri\u00e1l rukojeti: Hlin\u00edk, G10<br \/>\nPom\u016fcka pro otev\u00edr\u00e1n\u00ed: P\u0159ip\u00edn\u00e1\u010dek na palec<br \/>\nUzav\u0159en\u00ed: Z\u00e1mek vlo\u017eky<br \/>\n\u010c\u00edslo polo\u017eky: 01BO629<\/p>\n<p>&nbsp;<\/p>\n<p>&nbsp;<\/p>\n","protected":false},"excerpt":{"rendered":"<p><strong>Na motivy sci-fi komedie z konce 80. let se americk\u00fd n\u00e1vrh\u00e1\u0159 no\u017e\u016f Keanu Alfaro vyd\u00e1v\u00e1 na dechberouc\u00ed cestu, na n\u00ed\u017e prostorem a \u010dasem p\u0159enesl kultovn\u00ed operaci B\u00f6ker Plus Bill N Ted.<\/strong><\/p>\n","protected":false},"featured_media":360890,"comment_status":"closed","ping_status":"closed","template":"","meta":[],"pwb-brand":[140],"product_brand":[],"product_cat":[22,17],"product_tag":[],"class_list":{"0":"post-360889","1":"product","2":"type-product","3":"status-publish","4":"has-post-thumbnail","6":"pwb-brand-boker","7":"product_cat-zaviraci-noze","8":"product_cat-noze","10":"first","11":"instock","12":"taxable","13":"shipping-taxable","14":"purchasable","15":"product-type-simple"},"brands":[{"id":140,"name":"Boker","slug":"boker"}],"_links":{"self":[{"href":"https:\/\/www.moskito.cz\/en\/wp-json\/wp\/v2\/product\/360889","targetHints":{"allow":["GET"]}}],"collection":[{"href":"https:\/\/www.moskito.cz\/en\/wp-json\/wp\/v2\/product"}],"about":[{"href":"https:\/\/www.moskito.cz\/en\/wp-json\/wp\/v2\/types\/product"}],"replies":[{"embeddable":true,"href":"https:\/\/www.moskito.cz\/en\/wp-json\/wp\/v2\/comments?post=360889"}],"wp:featuredmedia":[{"embeddable":true,"href":"https:\/\/www.moskito.cz\/en\/wp-json\/wp\/v2\/media\/360890"}],"wp:attachment":[{"href":"https:\/\/www.moskito.cz\/en\/wp-json\/wp\/v2\/media?parent=360889"}],"wp:term":[{"taxonomy":"pwb-brand","embeddable":true,"href":"https:\/\/www.moskito.cz\/en\/wp-json\/wp\/v2\/pwb-brand?post=360889"},{"taxonomy":"product_brand","embeddable":true,"href":"https:\/\/www.moskito.cz\/en\/wp-json\/wp\/v2\/product_brand?post=360889"},{"taxonomy":"product_cat","embeddable":true,"href":"https:\/\/www.moskito.cz\/en\/wp-json\/wp\/v2\/product_cat?post=360889"},{"taxonomy":"product_tag","embeddable":true,"href":"https:\/\/www.moskito.cz\/en\/wp-json\/wp\/v2\/product_tag?post=360889"}],"curies":[{"name":"wp","href":"https:\/\/api.w.org\/{rel}","templated":true}]}}