{"id":360926,"date":"2024-09-26T12:59:56","date_gmt":"2024-09-26T11:59:56","guid":{"rendered":"https:\/\/www.moskito.cz\/produkt\/nuz-kaizen-green-canvas-micarta\/"},"modified":"2025-05-07T11:25:00","modified_gmt":"2025-05-07T10:25:00","slug":"nuz-kaizen-green-canvas-micarta","status":"publish","type":"product","link":"https:\/\/www.moskito.cz\/en\/product\/nuz-kaizen-green-canvas-micarta\/","title":{"rendered":"Zav\u00edrac\u00ed N\u016f\u017e B\u00f6ker Plus Kaizen Green Canvas Micarta 01BO391"},"content":{"rendered":"<p>Zav\u00edrac\u00ed N\u016f\u017e <strong>B\u00f6ker Plus<\/strong> Kaizen Green Canvas Micarta 01BO391.<\/p>\n<p>Popul\u00e1rn\u00ed B\u00f6ker Plus Kaizen v t\u00e9to verzi zaujme m\u00edrn\u011b tvarovan\u00fdmi \u0161upinami rukojeti z olivov\u011b zelen\u00e9ho pl\u00e1tna Micarta, zat\u00edmco \u010depel a klip jsou pota\u017eeny \u010dernou barvou. Bronzov\u011b zbarven\u00e9 o\u010dko na \u0161\u0148\u016frku a krou\u017eek kolem \u0161roubu osy \u010depele poskytuj\u00ed dal\u0161\u00ed vizu\u00e1ln\u00ed akcenty. V\u00fdsledn\u00fd barevn\u00fd kontrast p\u0159ipom\u00edn\u00e1 \u00fatrapy pln\u00e9 objevn\u00fdch v\u00fdprav z dob d\u00e1vno minul\u00fdch. Japonsk\u00fd v\u00fdraz Kaizen se skl\u00e1d\u00e1 ze slabik Kai (zm\u011bnit, zm\u011bnit) a Zen (k lep\u0161\u00edmu) a popisuje neust\u00e1l\u00e9 \u00fasil\u00ed o zlep\u0161en\u00ed. Dokonalost se st\u00e1v\u00e1 do\u010dasn\u00fdm jevem a tvo\u0159\u00ed pouze p\u0159echodn\u00fd c\u00edl v neust\u00e1l\u00e9m procesu zm\u011bn.<\/p>\n<p>B\u00f6ker Plus Kaizen spl\u0148uje zeitgeist jako elegantn\u00ed gentlemansk\u00fd n\u016f\u017e a zaujme chytr\u00fdmi detailn\u00edmi \u0159e\u0161en\u00edmi. Skromnost jako znamen\u00ed opravdov\u00e9 velikosti dokonale zt\u011bles\u0148uje minimalistick\u00e1 ploutev, kter\u00e1 vizu\u00e1ln\u011b t\u00e9m\u011b\u0159 spl\u00fdv\u00e1 se \u0161t\u00edhl\u00fdm no\u017eem a je st\u00e1le vysoce funk\u010dn\u00ed d\u00edky \u017eebrov\u00e1n\u00ed. \u010cepel s kuli\u010dkov\u00fdm lo\u017eiskem z D2 se prod\u00edr\u00e1 ka\u017edodenn\u00edm \u0159ez\u00e1n\u00edm se stoick\u00fdm klidem a pomoc\u00ed spolehliv\u00e9ho z\u00e1mku liner si v\u017edy najde cestu zp\u011bt do sv\u00e9ho st\u0159edu. Ozdobn\u00fd \u0161roub osy \u010depele je vizu\u00e1ln\u00edm v\u00fdchoz\u00edm bodem p\u00e1nsk\u00e9 slo\u017eky jako symbol zm\u011bny tvaru a funkce a kon\u010d\u00ed v p\u0159\u00edm\u00e9m otvoru pro \u0161\u0148\u016frku na konci rukojeti. Texturovan\u00e1 rukoje\u0165 Micarta pohodln\u011b padne do ruky a je vybavena praktickou sponou (tip-up\/r). S vysoce kvalitn\u00edm nylonov\u00fdm pouzdrem pro skladov\u00e1n\u00ed.<\/p>\n<p>Zna\u010dka: Boker Plus<br \/>\nCelkov\u00e1 d\u00e9lka: 18,00 cm<br \/>\nD\u00e9lka \u010depele: 7,90 cm<br \/>\nTlou\u0161\u0165ka \u010depele: 2,00 mm<br \/>\nHmotnost: 44,00 g<br \/>\nMateri\u00e1l \u010depele: D2<br \/>\nMateri\u00e1l rukojeti: Micarta<br \/>\nPom\u016fcka pro otev\u00edr\u00e1n\u00ed: Pinball<br \/>\nOtev\u00edrac\u00ed: Ru\u010dn\u011b<br \/>\nUzav\u0159en\u00ed: Z\u00e1mek vlo\u017eky<br \/>\n\u010c\u00edslo polo\u017eky: 01BO391<\/p>\n<p>&nbsp;<\/p>\n","protected":false},"excerpt":{"rendered":"<p><strong>Popul\u00e1rn\u00ed B\u00f6ker Plus Kaizen v t\u00e9to verzi zaujme m\u00edrn\u011b tvarovan\u00fdmi \u0161upinami rukojeti z olivov\u011b zelen\u00e9ho pl\u00e1tna Micarta, zat\u00edmco \u010depel a klip jsou pota\u017eeny \u010dernou barvou.<\/strong><\/p>\n","protected":false},"featured_media":365560,"comment_status":"closed","ping_status":"closed","template":"","meta":[],"pwb-brand":[140],"product_brand":[],"product_cat":[22,17],"product_tag":[],"class_list":{"0":"post-360926","1":"product","2":"type-product","3":"status-publish","4":"has-post-thumbnail","6":"pwb-brand-boker","7":"product_cat-zaviraci-noze","8":"product_cat-noze","10":"first","11":"instock","12":"taxable","13":"shipping-taxable","14":"purchasable","15":"product-type-simple"},"brands":[{"id":140,"name":"Boker","slug":"boker"}],"_links":{"self":[{"href":"https:\/\/www.moskito.cz\/en\/wp-json\/wp\/v2\/product\/360926","targetHints":{"allow":["GET"]}}],"collection":[{"href":"https:\/\/www.moskito.cz\/en\/wp-json\/wp\/v2\/product"}],"about":[{"href":"https:\/\/www.moskito.cz\/en\/wp-json\/wp\/v2\/types\/product"}],"replies":[{"embeddable":true,"href":"https:\/\/www.moskito.cz\/en\/wp-json\/wp\/v2\/comments?post=360926"}],"wp:featuredmedia":[{"embeddable":true,"href":"https:\/\/www.moskito.cz\/en\/wp-json\/wp\/v2\/media\/365560"}],"wp:attachment":[{"href":"https:\/\/www.moskito.cz\/en\/wp-json\/wp\/v2\/media?parent=360926"}],"wp:term":[{"taxonomy":"pwb-brand","embeddable":true,"href":"https:\/\/www.moskito.cz\/en\/wp-json\/wp\/v2\/pwb-brand?post=360926"},{"taxonomy":"product_brand","embeddable":true,"href":"https:\/\/www.moskito.cz\/en\/wp-json\/wp\/v2\/product_brand?post=360926"},{"taxonomy":"product_cat","embeddable":true,"href":"https:\/\/www.moskito.cz\/en\/wp-json\/wp\/v2\/product_cat?post=360926"},{"taxonomy":"product_tag","embeddable":true,"href":"https:\/\/www.moskito.cz\/en\/wp-json\/wp\/v2\/product_tag?post=360926"}],"curies":[{"name":"wp","href":"https:\/\/api.w.org\/{rel}","templated":true}]}}