{"id":360964,"date":"2024-09-26T12:59:56","date_gmt":"2024-09-26T11:59:56","guid":{"rendered":"https:\/\/www.moskito.cz\/produkt\/slack-damascus\/"},"modified":"2025-05-07T11:25:02","modified_gmt":"2025-05-07T10:25:02","slug":"slack-damascus","status":"publish","type":"product","link":"https:\/\/www.moskito.cz\/en\/product\/slack-damascus\/","title":{"rendered":"Dama\u0161kov\u00fd N\u016f\u017e  B\u00f6ker Plus Slack Damast 01BO175DAM"},"content":{"rendered":"<p>Dama\u0161kov\u00fd N\u016f\u017e <strong>B\u00f6ker Plus<\/strong> Slack Damast 01BO175DAM.<\/p>\n<p>Elegantn\u00ed B\u00f6ker Plus Slack se vrac\u00ed k tradi\u010dn\u00edm Navajas z oblasti St\u0159edozemn\u00edho mo\u0159e a v t\u00e9to obzvl\u00e1\u0161t\u011b elegantn\u00ed sb\u011bratelsk\u00e9 verzi je vybaven \u010depel\u00ed z nerezov\u00e9ho dama\u0161ku, kter\u00e1 se skl\u00e1d\u00e1 ze 110 vrstev. Kapesn\u00ed n\u016f\u017e slipjoint navrhl francouzsk\u00fd no\u017e\u00ed\u0159 Rapha\u00ebl Durand, kter\u00fd je zn\u00e1m\u00fd daleko za hranicemi zem\u011b sv\u00fdmi klasick\u00fdmi vzory. Extr\u00e9mn\u011b \u0161t\u00edhl\u00e1 rukoje\u0165 p\u00e1nsk\u00e9ho kapesn\u00edho no\u017ee vyu\u017e\u00edv\u00e1 \u0161upiny d\u0159eva cocobolo, kter\u00e9 jsou skute\u010dnou klasikou mezi d\u0159evinami rukojet\u00ed s klasickou kresbou a teplou na\u010dervenalou barvou. Velkorys\u00e9 v\u00fd\u0159ezy v desk\u00e1ch sni\u017euj\u00ed hmotnost a zvy\u0161uj\u00ed komfort no\u0161en\u00ed. S poutkem na \u0161\u0148\u016frku a vysoce kvalitn\u00edm nylonov\u00fdm pouzdrem pro skladov\u00e1n\u00ed.<\/p>\n<p>Zna\u010dka: Boker Plus<br \/>\nCelkov\u00e1 d\u00e9lka: 18,50 cm<br \/>\nD\u00e9lka \u010depele: 8,10 cm<br \/>\nTlou\u0161\u0165ka \u010depele: 3,00 mm<br \/>\nHmotnost: 61,00 g<br \/>\nN\u00e1vrh\u00e1\u0159: Raphael Durand<br \/>\nMateri\u00e1l \u010depele: dama\u0161ek<br \/>\nMateri\u00e1l rukojeti: D\u0159evo Cocobolo<br \/>\nUzav\u0159en\u00ed: Kluzn\u00fd kloub<br \/>\n\u010c\u00edslo polo\u017eky: 01BO175DAM<\/p>\n<p>&nbsp;<\/p>\n","protected":false},"excerpt":{"rendered":"<p><strong>Elegantn\u00ed B\u00f6ker Plus Slack se vrac\u00ed k tradi\u010dn\u00edm Navajas z oblasti St\u0159edozemn\u00edho mo\u0159e a v t\u00e9to obzvl\u00e1\u0161t\u011b elegantn\u00ed sb\u011bratelsk\u00e9 verzi je vybaven \u010depel\u00ed z nerezov\u00e9ho dama\u0161ku, kter\u00e1 se skl\u00e1d\u00e1 ze 110 vrstev.<\/strong><\/p>\n<p><strong>Doprava zdarma.<\/strong><\/p>\n","protected":false},"featured_media":364915,"comment_status":"closed","ping_status":"closed","template":"","meta":[],"pwb-brand":[140],"product_brand":[],"product_cat":[25,17],"product_tag":[],"class_list":{"0":"post-360964","1":"product","2":"type-product","3":"status-publish","4":"has-post-thumbnail","6":"pwb-brand-boker","7":"product_cat-damascenske-noze","8":"product_cat-noze","10":"first","11":"instock","12":"taxable","13":"shipping-taxable","14":"purchasable","15":"product-type-simple"},"brands":[{"id":140,"name":"Boker","slug":"boker"}],"_links":{"self":[{"href":"https:\/\/www.moskito.cz\/en\/wp-json\/wp\/v2\/product\/360964","targetHints":{"allow":["GET"]}}],"collection":[{"href":"https:\/\/www.moskito.cz\/en\/wp-json\/wp\/v2\/product"}],"about":[{"href":"https:\/\/www.moskito.cz\/en\/wp-json\/wp\/v2\/types\/product"}],"replies":[{"embeddable":true,"href":"https:\/\/www.moskito.cz\/en\/wp-json\/wp\/v2\/comments?post=360964"}],"wp:featuredmedia":[{"embeddable":true,"href":"https:\/\/www.moskito.cz\/en\/wp-json\/wp\/v2\/media\/364915"}],"wp:attachment":[{"href":"https:\/\/www.moskito.cz\/en\/wp-json\/wp\/v2\/media?parent=360964"}],"wp:term":[{"taxonomy":"pwb-brand","embeddable":true,"href":"https:\/\/www.moskito.cz\/en\/wp-json\/wp\/v2\/pwb-brand?post=360964"},{"taxonomy":"product_brand","embeddable":true,"href":"https:\/\/www.moskito.cz\/en\/wp-json\/wp\/v2\/product_brand?post=360964"},{"taxonomy":"product_cat","embeddable":true,"href":"https:\/\/www.moskito.cz\/en\/wp-json\/wp\/v2\/product_cat?post=360964"},{"taxonomy":"product_tag","embeddable":true,"href":"https:\/\/www.moskito.cz\/en\/wp-json\/wp\/v2\/product_tag?post=360964"}],"curies":[{"name":"wp","href":"https:\/\/api.w.org\/{rel}","templated":true}]}}