{"id":360966,"date":"2024-09-26T12:59:56","date_gmt":"2024-09-26T11:59:56","guid":{"rendered":"https:\/\/www.moskito.cz\/produkt\/bad-guy\/"},"modified":"2025-05-07T11:25:03","modified_gmt":"2025-05-07T10:25:03","slug":"bad-guy","status":"publish","type":"product","link":"https:\/\/www.moskito.cz\/en\/product\/bad-guy\/","title":{"rendered":"Zv\u00edrac\u00ed N\u016f\u017e B\u00f6ker Plus Bad Guy"},"content":{"rendered":"<p>Zv\u00edrac\u00ed N\u016f\u017e <strong>B\u00f6ker<\/strong> Plus Bad Guy.<\/p>\n<p>Boker Plus Bad Guy navr\u017een\u00fd Franckem Souvillem je masivn\u00ed kapesn\u00ed n\u016f\u017e s posuvn\u00fdm kloubem s p\u016fsobiv\u00fdm vzhledem. Francouzsk\u00fd no\u017e\u00ed\u0159 z malebn\u00e9ho Montgesoye je zn\u00e1m\u00fd daleko za hranicemi zem\u011b pro sv\u00e9 spolehliv\u00e9, extr\u00e9mn\u011b robustn\u00ed no\u017ee a kombinuje klasick\u00e9 designy s inovativn\u00edmi v\u00fdrobn\u00edmi postupy a nejmodern\u011bj\u0161\u00edmi materi\u00e1ly. Nadan\u00e9mu kov\u00e1\u0159i p\u0159itom nechyb\u00ed fantazie ani originalita.<\/p>\n<p>\u0160irok\u00e1 \u010depel clippoint je vyrobena z D2 a je opat\u0159ena efektn\u00edm vlasov\u00fdm zakon\u010den\u00edm a v\u00fdrazn\u00fdm ricassom. N\u016f\u017e se otev\u00edr\u00e1 z\u00e1\u0159ezem h\u0159eb\u00edku a nezamyk\u00e1 se. V\u00fdjime\u010dn\u00e9 \u0161upiny rukojeti G10 maj\u00ed hrubou texturu p\u0159ipom\u00ednaj\u00edc\u00ed rustik\u00e1ln\u00ed kovanou k\u016f\u017ei. Nazna\u010den\u00e9 podhlavn\u00edky, vrstvy \u010derven\u00fdch vl\u00e1ken G10 a stylizovan\u00fd embl\u00e9m lebky na p\u0159edn\u00ed stran\u011b podtrhuj\u00ed provokativn\u00ed charakter no\u017ee. Dod\u00e1v\u00e1no s otvorem pro \u0161\u0148\u016frku a vysoce kvalitn\u00edm nylonov\u00fdm pouzdrem pro skladov\u00e1n\u00ed.<\/p>\n<p>Zna\u010dka: Boker Plus<br \/>\nCelkov\u00e1 d\u00e9lka: 20,80 cm<br \/>\nD\u00e9lka \u010depele: 9,00 cm<br \/>\nTlou\u0161\u0165ka \u010depele: 3,80 mm<br \/>\nHmotnost: 152,00 g<br \/>\nN\u00e1vrh\u00e1\u0159: Franck Souville<br \/>\nMateri\u00e1l \u010depele: D2<br \/>\nMateri\u00e1l rukojeti: G10<br \/>\nOtev\u00edrac\u00ed: Manu\u00e1l<br \/>\nTyp z\u00e1mku: Kluzn\u00fd kloub<br \/>\n\u010c\u00edslo polo\u017eky: 01BO194<\/p>\n<p>&nbsp;<\/p>\n","protected":false},"excerpt":{"rendered":"<p><strong>Boker Plus Bad Guy navr\u017een\u00fd Franckem Souvillem je masivn\u00ed kapesn\u00ed n\u016f\u017e s posuvn\u00fdm kloubem s p\u016fsobiv\u00fdm vzhledem. Francouzsk\u00fd no\u017e\u00ed\u0159 z malebn\u00e9ho Montgesoye je zn\u00e1m\u00fd daleko za hranicemi zem\u011b pro sv\u00e9 spolehliv\u00e9, extr\u00e9mn\u011b robustn\u00ed no\u017ee a kombinuje klasick\u00e9 designy s inovativn\u00edmi v\u00fdrobn\u00edmi postupy a nejmodern\u011bj\u0161\u00edmi materi\u00e1ly.<\/strong><\/p>\n<p><strong>Doprava zdarma.<\/strong><\/p>\n","protected":false},"featured_media":363836,"comment_status":"closed","ping_status":"closed","template":"","meta":[],"pwb-brand":[140],"product_brand":[],"product_cat":[22,17],"product_tag":[],"class_list":{"0":"post-360966","1":"product","2":"type-product","3":"status-publish","4":"has-post-thumbnail","6":"pwb-brand-boker","7":"product_cat-zaviraci-noze","8":"product_cat-noze","10":"first","11":"instock","12":"taxable","13":"shipping-taxable","14":"purchasable","15":"product-type-simple"},"brands":[{"id":140,"name":"Boker","slug":"boker"}],"_links":{"self":[{"href":"https:\/\/www.moskito.cz\/en\/wp-json\/wp\/v2\/product\/360966","targetHints":{"allow":["GET"]}}],"collection":[{"href":"https:\/\/www.moskito.cz\/en\/wp-json\/wp\/v2\/product"}],"about":[{"href":"https:\/\/www.moskito.cz\/en\/wp-json\/wp\/v2\/types\/product"}],"replies":[{"embeddable":true,"href":"https:\/\/www.moskito.cz\/en\/wp-json\/wp\/v2\/comments?post=360966"}],"wp:featuredmedia":[{"embeddable":true,"href":"https:\/\/www.moskito.cz\/en\/wp-json\/wp\/v2\/media\/363836"}],"wp:attachment":[{"href":"https:\/\/www.moskito.cz\/en\/wp-json\/wp\/v2\/media?parent=360966"}],"wp:term":[{"taxonomy":"pwb-brand","embeddable":true,"href":"https:\/\/www.moskito.cz\/en\/wp-json\/wp\/v2\/pwb-brand?post=360966"},{"taxonomy":"product_brand","embeddable":true,"href":"https:\/\/www.moskito.cz\/en\/wp-json\/wp\/v2\/product_brand?post=360966"},{"taxonomy":"product_cat","embeddable":true,"href":"https:\/\/www.moskito.cz\/en\/wp-json\/wp\/v2\/product_cat?post=360966"},{"taxonomy":"product_tag","embeddable":true,"href":"https:\/\/www.moskito.cz\/en\/wp-json\/wp\/v2\/product_tag?post=360966"}],"curies":[{"name":"wp","href":"https:\/\/api.w.org\/{rel}","templated":true}]}}