{"id":360983,"date":"2024-09-26T13:00:13","date_gmt":"2024-09-26T12:00:13","guid":{"rendered":"https:\/\/www.moskito.cz\/produkt\/baba-yaga\/"},"modified":"2025-05-07T11:25:04","modified_gmt":"2025-05-07T10:25:04","slug":"baba-yaga","status":"publish","type":"product","link":"https:\/\/www.moskito.cz\/en\/product\/baba-yaga\/","title":{"rendered":"Zav\u00edrac\u00ed N\u016f\u017e B\u00f6ker Plus Baba Yaga 01BO386"},"content":{"rendered":"<p>Zav\u00edrac\u00ed N\u016f\u017e <strong>B\u00f6ker Plus<\/strong> Baba Yaga 01BO386.<\/p>\n<p>Nen\u00ed to nic men\u0161\u00edho ne\u017e magick\u00e1 lesn\u00ed magie, kter\u00e1 je vlastn\u00ed B\u00f6ker Plus Baba Yaga a kterou dok\u00e1zal zkrotit s odvahou, dovednost\u00ed a mazanost\u00ed pouze za\u010d\u00ednaj\u00edc\u00ed n\u00e1vrh\u00e1\u0159 no\u017e\u016f Keanu Alfaro z USA. Ve slovansk\u00e9 mytologii je Baba Yaga pova\u017eov\u00e1na za \u010darod\u011bjnici hladovou po lidech, kter\u00e1 obvykle l\u00e9tala s hmo\u017ed\u00ed\u0159em a ko\u0161t\u011btem, aby podtrhla svou d\u011bsivou existenci a zakryla sv\u00e9 stopy k nepozn\u00e1n\u00ed. Keanu Alfaro schvaluje Baba Yaga sv\u00fdm designem a p\u0159edstavuje praktick\u00fd EDC n\u016f\u017e s poh\u00e1dkovou \u010depel\u00ed typu drop-point vyrobenou z M390, kter\u00e1 stoj\u00ed za vysokou retenci ost\u0159\u00ed a mimo\u0159\u00e1dnou odolnost\u00ed proti korozi. Nyn\u00ed se v\u0161ak mus\u00edte starat o ka\u017edodenn\u00ed st\u0159\u00edhac\u00ed pr\u00e1ci, kter\u00e1 v\u00e1s p\u0159i pou\u017eit\u00ed ploutve doslova bude kr\u010dit. Lesn\u011b zelen\u00e1 rukoje\u0165 Micarta nab\u00edz\u00ed perfektn\u00ed \u00fachop a je vybavena prolisy, kter\u00e9 pokra\u010duj\u00ed pod\u00e9l h\u0159betu \u010depele a v\u00fdrazn\u011b zlep\u0161uj\u00ed pocit. Z\u00e1mek vlo\u017eky z nerezov\u00e9 oceli spolehliv\u011b zaji\u0161\u0165uje \u010depel a umo\u017e\u0148uje, aby jako m\u00e1vnut\u00edm kouzeln\u00e9ho proutku zmizela zp\u011bt v rukojeti. Spona je vyfr\u00e9zov\u00e1na z masivu a umo\u017e\u0148uje skl\u00e1p\u011bc\u00ed (r) no\u0161en\u00ed. S otvorem na \u0161\u0148\u016frku, nylonov\u00fdm pouzdrem a n\u00e1dechem magie.<\/p>\n<p>Zna\u010dka: Boker Plus<br \/>\nCelkov\u00e1 d\u00e9lka: 16,70 cm<br \/>\nD\u00e9lka \u010depele: 7,00 cm<br \/>\nTlou\u0161\u0165ka \u010depele: 2,30 mm<br \/>\nHmotnost: 75,50 g<br \/>\nN\u00e1vrh\u00e1\u0159: Keanu Alfaro<br \/>\nMateri\u00e1l \u010depele: M390<br \/>\nMateri\u00e1l rukojeti: Micarta<br \/>\nPom\u016fcka pro otev\u00edr\u00e1n\u00ed: Pinball<br \/>\nOtev\u00edrac\u00ed: Ru\u010dn\u011b<br \/>\nUzav\u0159en\u00ed: Z\u00e1mek vlo\u017eky<br \/>\n\u010c\u00edslo polo\u017eky: 01BO386<\/p>\n<p>&nbsp;<\/p>\n<p>&nbsp;<\/p>\n","protected":false},"excerpt":{"rendered":"<p><strong>Nen\u00ed to nic men\u0161\u00edho ne\u017e magick\u00e1 lesn\u00ed magie, kter\u00e1 je vlastn\u00ed B\u00f6ker Plus Baba Yaga a kterou dok\u00e1zal zkrotit s odvahou, dovednost\u00ed a mazanost\u00ed pouze za\u010d\u00ednaj\u00edc\u00ed n\u00e1vrh\u00e1\u0159 no\u017e\u016f Keanu Alfaro z USA.<\/strong><\/p>\n<p><strong>Doprava zdarma.<\/strong><\/p>\n","protected":false},"featured_media":365535,"comment_status":"closed","ping_status":"closed","template":"","meta":[],"pwb-brand":[140],"product_brand":[],"product_cat":[22,17],"product_tag":[],"class_list":{"0":"post-360983","1":"product","2":"type-product","3":"status-publish","4":"has-post-thumbnail","6":"pwb-brand-boker","7":"product_cat-zaviraci-noze","8":"product_cat-noze","10":"first","11":"instock","12":"taxable","13":"shipping-taxable","14":"purchasable","15":"product-type-simple"},"brands":[{"id":140,"name":"Boker","slug":"boker"}],"_links":{"self":[{"href":"https:\/\/www.moskito.cz\/en\/wp-json\/wp\/v2\/product\/360983","targetHints":{"allow":["GET"]}}],"collection":[{"href":"https:\/\/www.moskito.cz\/en\/wp-json\/wp\/v2\/product"}],"about":[{"href":"https:\/\/www.moskito.cz\/en\/wp-json\/wp\/v2\/types\/product"}],"replies":[{"embeddable":true,"href":"https:\/\/www.moskito.cz\/en\/wp-json\/wp\/v2\/comments?post=360983"}],"wp:featuredmedia":[{"embeddable":true,"href":"https:\/\/www.moskito.cz\/en\/wp-json\/wp\/v2\/media\/365535"}],"wp:attachment":[{"href":"https:\/\/www.moskito.cz\/en\/wp-json\/wp\/v2\/media?parent=360983"}],"wp:term":[{"taxonomy":"pwb-brand","embeddable":true,"href":"https:\/\/www.moskito.cz\/en\/wp-json\/wp\/v2\/pwb-brand?post=360983"},{"taxonomy":"product_brand","embeddable":true,"href":"https:\/\/www.moskito.cz\/en\/wp-json\/wp\/v2\/product_brand?post=360983"},{"taxonomy":"product_cat","embeddable":true,"href":"https:\/\/www.moskito.cz\/en\/wp-json\/wp\/v2\/product_cat?post=360983"},{"taxonomy":"product_tag","embeddable":true,"href":"https:\/\/www.moskito.cz\/en\/wp-json\/wp\/v2\/product_tag?post=360983"}],"curies":[{"name":"wp","href":"https:\/\/api.w.org\/{rel}","templated":true}]}}